{"id":19475,"date":"2025-05-10T12:10:28","date_gmt":"2025-05-10T12:10:28","guid":{"rendered":"https:\/\/ebdxvyckeo.onrocket.site\/product\/dsh4013-damen-halskette-mit-einaescherung-asche-oder-haaren\/"},"modified":"2025-05-10T12:10:28","modified_gmt":"2025-05-10T12:10:28","slug":"dsh4013-damen-halskette-mit-einaescherung-asche-oder-haaren","status":"publish","type":"product","link":"https:\/\/crematieasinglas.nl\/de\/produkt\/dsh4013-damen-halskette-mit-einaescherung-asche-oder-haaren\/","title":{"rendered":"DSH4013 | Damen Halskette mit Ein\u00e4scherung, Asche oder Haaren"},"content":{"rendered":"<p>Code-Nummer: DSH4013<br \/>\nKollektion: F\u00fcr Sie<br \/>\nKategorie: qulori Damenketten<\/p>\n<h3>Lieferung::  <\/p>\n<h3>8 Werktage nach Erhalt der Asche oder Haare der Ein\u00e4scherung<\/h3>\n<\/h3>\n<p><strong>Spezifische Beschreibung:<br \/>\n<\/strong>Bei diesem Ascheschmuck f\u00fcr Sie ist die Asche leicht sichtbar und in transparentem, weinrot schimmerndem Glas verarbeitet. In Absprache k\u00f6nnen Sie auch eine andere Farbe w\u00e4hlen, ohne dass die Asche sichtbar ist. Das Glas wird durch ein Schraubsystem an einem Anh\u00e4nger aus 925er Silber befestigt. Der Schmuck wird standardm\u00e4\u00dfig ohne Halskette geliefert. In Absprache und gegen Aufpreis kann eine passende Halskette ausgew\u00e4hlt werden. Die \u00d6se des Anh\u00e4ngers hat einen Durchgang von 5 mm.    <\/p>\n<p><strong>Definition:<\/strong><\/p>\n<h2>Ein Eschenschmuckst\u00fcck f\u00fcr sie als sch\u00f6ne Erinnerung<\/h2>\n<p>Dieser <strong>Schmuck aus Ein\u00e4scherung aus Esche f\u00fcr sie ist aus Glas<\/strong> und eine sch\u00f6ne und pers\u00f6nliche M\u00f6glichkeit, einen geliebten Menschen in der N\u00e4he zu halten. Dieses subtile Schmuckst\u00fcck verbindet Sch\u00f6nheit mit emotionalem Wert und wurde speziell f\u00fcr Frauen entwickelt, die eine greifbare Erinnerung tragen m\u00f6chten. <br \/>  Die Asche wird in klarem oder farbigem Glas geschmolzen.  <\/p>\n<p>Durch die Verwendung eines <strong>professionellen Glasofens<\/strong>, hochwertigem <strong>Muranoglas<\/strong>, einem durch und durch im Glas befindlichen Kern zum Schutz und einer erfahrenen Technik ist der Schmuck nicht <strong>nur hochwertig,<\/strong> sondern auch sehr stark und langlebig. Auf diese Weise beh\u00e4lt das Glas dauerhaft seine <strong>Sch\u00f6nheit<\/strong> . <\/p>\n<p><strong><br \/>\nInformationen: 3 cm<br \/>\nBreite: 2 cm<br \/>\nTiefe: 1 cm<br \/>\nFarbe: weinrot\/schimmer<br \/>\nInhalt: n.a.<br \/>\nLagerbestand: 2 Lagerartikel<\/strong><\/p>\n<p><strong>Beschreibung fortgesetzt:<\/strong><br \/>\n<br \/><strong>Einzigartiges Schmuckst\u00fcck:<\/strong><br \/>Jedes St\u00fcck wird von <strong>Hand<\/strong> gefertigt und ist somit ein Unikat. <br \/> Kein Schmuckst\u00fcck wird gleich sein, aber durch jahrelange Erfahrung wird Ihr Schmuck dem Modell auf dem Foto \u00e4hnlich sein. (Die Farbt\u00f6ne auf den Bildschirmen k\u00f6nnen voneinander abweichen.)   <br \/>Ihr Schmuck und die Asche werden stets getrennt und mit gro\u00dfem Respekt in einer sauberen Umgebung behandelt, so dass Sie mit absoluter Sicherheit darauf vertrauen k\u00f6nnen, dass Ihre kostbare Asche bei mir in sicheren H\u00e4nden ist und verarbeitet wird.<\/br><\/p>\n<p><strong>Lieferung:<\/strong><br \/>\nNachdem <strong>ich Ihre Bestellung aufgegeben habe<\/strong>, werde ich mich per E-Mail mit Ihnen in Verbindung setzen, um Ihnen ein kostenloses digitales Versandetikett und eine Informationsmail zuzusenden, mit der Sie mir (eine sehr kleine Menge) Ein\u00e4scherungsasche zusenden k\u00f6nnen. Eine Menge von <strong>2 Teel\u00f6ffeln Ein\u00e4scherungsasche<\/strong> reicht daf\u00fcr aus. <br \/>F\u00fcr Kunden au\u00dferhalb der Niederlande ist es mir nicht m\u00f6glich, dieses digitale Versandetikett anzufordern. <br \/>Ein ausl\u00e4ndischer Versandstempel f\u00fcr den Versand der Ein\u00e4scherungsasche an mich kann daher nicht von mir erstattet werden. Ich m\u00f6chte Ihnen aber Tipps geben, wie Sie mir die Ein\u00e4scherungsasche auch aus dem Ausland zukommen lassen k\u00f6nnen.  <\/br><br \/>\n<br \/><strong>Der kostenlose Versand<\/strong> des bestellten Erinnerungsartikels an Sie gilt f\u00fcr alle. Das Versandetikett f\u00fcr die Ein\u00e4scherung ist ein Etikett f\u00fcr ein <strong>Briefkastenpaket<\/strong> von DHL, das direkt bei mir ankommt, und Sie k\u00f6nnen es per Sendungsverfolgung verfolgen.<br \/>Sie k\u00f6nnen das Briefkastenpaket mit der Ein\u00e4scherung innerhalb von 5 Werktagen kostenlos an einer DHL-Abgabestelle zur\u00fccksenden.<br \/>\nIn der Infomail werde ich auch erkl\u00e4ren, welche Ma\u00dfe das Briefkastenpaket erf\u00fcllen muss und welche n\u00e4chstgelegene Abgabestelle Sie in der Umgebung haben. <\/p>\n<p>Ein <strong>sicherer und nachverfolgbarer Transport<\/strong> war bisher immer garantiert, aber wir k\u00f6nnen keine Verantwortung \u00fcbernehmen, wenn dies unerwartet mit dem Spediteur schief geht.<\/br><br \/>  Wenn Sie die Ein\u00e4scherungsasche mitbringen m\u00f6chten, ist dies auch m\u00f6glich, Sie k\u00f6nnen hierf\u00fcr <strong>einen Termin vereinbaren<\/strong> unter den M\u00f6glichkeiten, die in unserer Online-Agenda auf unserer Website <\/br> offen stehen <a href=\"https:\/\/crematieasinglas.nl\">crematieasinglas.nl<\/a><\/p>\n<p>&nbsp;<\/p>\n","protected":false},"excerpt":{"rendered":"<p>Eine Gedenkkette f\u00fcr Frauen mit Ein\u00e4scherung ist eine stilvolle M\u00f6glichkeit, einen geliebten Menschen in Ihrer N\u00e4he zu tragen. Mit einem personalisierten Design, das wertvolle Erinnerungen wachruft. <\/p>\n","protected":false},"featured_media":15396,"comment_status":"closed","ping_status":"open","template":"","meta":[],"product_brand":[],"product_cat":[759,809],"product_tag":[],"class_list":{"0":"post-19475","1":"product","2":"type-product","3":"status-publish","4":"has-post-thumbnail","6":"product_cat-fur-sie","7":"product_cat-merken-halsketten-fur-damen-dsh-4000","8":"pa_inhoud-n-a-de","9":"pa_kleur-weinrot-schimmernd","11":"first","12":"instock","13":"purchasable","14":"product-type-simple"},"yoast_head":"<!-- This site is optimized with the Yoast SEO Premium plugin v27.5 (Yoast SEO v27.5) - https:\/\/yoast.com\/product\/yoast-seo-premium-wordpress\/ -->\n<title>Asche-Schmuck-Front-Haare mit Ein\u00e4scherungsasche oder Haaren als kostbare Erinnerung f\u00fcr immer<\/title>\n<meta name=\"description\" content=\"Asche-de-a-Steine f\u00fcr sie mit Ein\u00e4scherungsasche oder Haaren eines verstorbenen geliebten Menschen, um sie in seiner N\u00e4he zu haben und als kostbare Erinnerung zu tragen\" \/>\n<meta name=\"robots\" content=\"index, follow, max-snippet:-1, max-image-preview:large, max-video-preview:-1\" \/>\n<link rel=\"canonical\" href=\"https:\/\/crematieasinglas.nl\/produkt\/dsh4013-dames-halssieraad-met-crematie-as-of-haartjes\/\" \/>\n<meta property=\"og:locale\" content=\"de_DE\" \/>\n<meta property=\"og:type\" content=\"article\" \/>\n<meta property=\"og:title\" content=\"DSH4013 | Damen Halskette mit Ein\u00e4scherung, Asche oder Haaren\" \/>\n<meta property=\"og:description\" content=\"Asche-de-a-Steine f\u00fcr sie mit Ein\u00e4scherungsasche oder Haaren eines verstorbenen geliebten Menschen, um sie in seiner N\u00e4he zu haben und als kostbare Erinnerung zu tragen\" \/>\n<meta property=\"og:url\" content=\"https:\/\/crematieasinglas.nl\/produkt\/dsh4013-dames-halssieraad-met-crematie-as-of-haartjes\/\" \/>\n<meta property=\"og:site_name\" content=\"Winkel voor Crematie-as in glas\" \/>\n<meta property=\"og:image\" content=\"https:\/\/crematieasinglas.nl\/wp-content\/uploads\/2025\/01\/crematie-as-sieraad-dames-hanger-ketting-glas-bedel-wijnrood-roze-glinster-2-dsh4013.jpg\" \/>\n\t<meta property=\"og:image:width\" content=\"1117\" \/>\n\t<meta property=\"og:image:height\" content=\"740\" \/>\n\t<meta property=\"og:image:type\" content=\"image\/jpeg\" \/>\n<meta name=\"twitter:card\" content=\"summary_large_image\" \/>\n<meta name=\"twitter:label1\" content=\"Gesch\u00e4tzte Lesezeit\" \/>\n\t<meta name=\"twitter:data1\" content=\"3\u00a0Minuten\" \/>\n<script type=\"application\/ld+json\" class=\"yoast-schema-graph\">{\"@context\":\"https:\\\/\\\/schema.org\",\"@graph\":[{\"@type\":\"WebPage\",\"@id\":\"https:\\\/\\\/crematieasinglas.nl\\\/produkt\\\/dsh4013-dames-halssieraad-met-crematie-as-of-haartjes\\\/\",\"url\":\"https:\\\/\\\/crematieasinglas.nl\\\/produkt\\\/dsh4013-dames-halssieraad-met-crematie-as-of-haartjes\\\/\",\"name\":\"Asche-Schmuck-Front-Haare mit Ein\u00e4scherungsasche oder Haaren als kostbare Erinnerung f\u00fcr immer\",\"isPartOf\":{\"@id\":\"https:\\\/\\\/crematieasinglas.nl\\\/#website\"},\"primaryImageOfPage\":{\"@id\":\"https:\\\/\\\/crematieasinglas.nl\\\/produkt\\\/dsh4013-dames-halssieraad-met-crematie-as-of-haartjes\\\/#primaryimage\"},\"image\":{\"@id\":\"https:\\\/\\\/crematieasinglas.nl\\\/produkt\\\/dsh4013-dames-halssieraad-met-crematie-as-of-haartjes\\\/#primaryimage\"},\"thumbnailUrl\":\"https:\\\/\\\/crematieasinglas.nl\\\/wp-content\\\/uploads\\\/2025\\\/01\\\/crematie-as-sieraad-dames-hanger-ketting-glas-bedel-wijnrood-roze-glinster-2-dsh4013.jpg\",\"datePublished\":\"2025-05-10T12:10:28+00:00\",\"description\":\"Asche-de-a-Steine f\u00fcr sie mit Ein\u00e4scherungsasche oder Haaren eines verstorbenen geliebten Menschen, um sie in seiner N\u00e4he zu haben und als kostbare Erinnerung zu tragen\",\"breadcrumb\":{\"@id\":\"https:\\\/\\\/crematieasinglas.nl\\\/produkt\\\/dsh4013-dames-halssieraad-met-crematie-as-of-haartjes\\\/#breadcrumb\"},\"inLanguage\":\"de\",\"potentialAction\":[{\"@type\":\"ReadAction\",\"target\":[\"https:\\\/\\\/crematieasinglas.nl\\\/produkt\\\/dsh4013-dames-halssieraad-met-crematie-as-of-haartjes\\\/\"]}]},{\"@type\":\"ImageObject\",\"inLanguage\":\"de\",\"@id\":\"https:\\\/\\\/crematieasinglas.nl\\\/produkt\\\/dsh4013-dames-halssieraad-met-crematie-as-of-haartjes\\\/#primaryimage\",\"url\":\"https:\\\/\\\/crematieasinglas.nl\\\/wp-content\\\/uploads\\\/2025\\\/01\\\/crematie-as-sieraad-dames-hanger-ketting-glas-bedel-wijnrood-roze-glinster-2-dsh4013.jpg\",\"contentUrl\":\"https:\\\/\\\/crematieasinglas.nl\\\/wp-content\\\/uploads\\\/2025\\\/01\\\/crematie-as-sieraad-dames-hanger-ketting-glas-bedel-wijnrood-roze-glinster-2-dsh4013.jpg\",\"width\":1117,\"height\":740},{\"@type\":\"BreadcrumbList\",\"@id\":\"https:\\\/\\\/crematieasinglas.nl\\\/produkt\\\/dsh4013-dames-halssieraad-met-crematie-as-of-haartjes\\\/#breadcrumb\",\"itemListElement\":[{\"@type\":\"ListItem\",\"position\":1,\"name\":\"Home\",\"item\":\"https:\\\/\\\/crematieasinglas.nl\\\/\"},{\"@type\":\"ListItem\",\"position\":2,\"name\":\"Shop\",\"item\":\"https:\\\/\\\/crematieasinglas.nl\\\/de\\\/shop\\\/\"},{\"@type\":\"ListItem\",\"position\":3,\"name\":\"DSH4013 | Damen Halskette mit Ein\u00e4scherung, Asche oder Haaren\"}]},{\"@type\":\"WebSite\",\"@id\":\"https:\\\/\\\/crematieasinglas.nl\\\/#website\",\"url\":\"https:\\\/\\\/crematieasinglas.nl\\\/\",\"name\":\"Winkel voor Crematie-as in glas\",\"description\":\"Een winkel voor crematieasinglas.nl\",\"publisher\":{\"@id\":\"https:\\\/\\\/crematieasinglas.nl\\\/#organization\"},\"potentialAction\":[{\"@type\":\"SearchAction\",\"target\":{\"@type\":\"EntryPoint\",\"urlTemplate\":\"https:\\\/\\\/crematieasinglas.nl\\\/?s={search_term_string}\"},\"query-input\":{\"@type\":\"PropertyValueSpecification\",\"valueRequired\":true,\"valueName\":\"search_term_string\"}}],\"inLanguage\":\"de\"},{\"@type\":\"Organization\",\"@id\":\"https:\\\/\\\/crematieasinglas.nl\\\/#organization\",\"name\":\"Dierbaarasinglas.nl\",\"alternateName\":\"Crematieasinglas.nl\",\"url\":\"https:\\\/\\\/crematieasinglas.nl\\\/\",\"logo\":{\"@type\":\"ImageObject\",\"inLanguage\":\"de\",\"@id\":\"https:\\\/\\\/crematieasinglas.nl\\\/#\\\/schema\\\/logo\\\/image\\\/\",\"url\":\"https:\\\/\\\/crematieasinglas.nl\\\/wp-content\\\/uploads\\\/2024\\\/10\\\/logo-02-playfair-googlefont-met-hartje-02.png\",\"contentUrl\":\"https:\\\/\\\/crematieasinglas.nl\\\/wp-content\\\/uploads\\\/2024\\\/10\\\/logo-02-playfair-googlefont-met-hartje-02.png\",\"width\":582,\"height\":136,\"caption\":\"Dierbaarasinglas.nl\"},\"image\":{\"@id\":\"https:\\\/\\\/crematieasinglas.nl\\\/#\\\/schema\\\/logo\\\/image\\\/\"}}]}<\/script>\n<!-- \/ Yoast SEO Premium plugin. -->","yoast_head_json":{"title":"Asche-Schmuck-Front-Haare mit Ein\u00e4scherungsasche oder Haaren als kostbare Erinnerung f\u00fcr immer","description":"Asche-de-a-Steine f\u00fcr sie mit Ein\u00e4scherungsasche oder Haaren eines verstorbenen geliebten Menschen, um sie in seiner N\u00e4he zu haben und als kostbare Erinnerung zu tragen","robots":{"index":"index","follow":"follow","max-snippet":"max-snippet:-1","max-image-preview":"max-image-preview:large","max-video-preview":"max-video-preview:-1"},"canonical":"https:\/\/crematieasinglas.nl\/produkt\/dsh4013-dames-halssieraad-met-crematie-as-of-haartjes\/","og_locale":"de_DE","og_type":"article","og_title":"DSH4013 | Damen Halskette mit Ein\u00e4scherung, Asche oder Haaren","og_description":"Asche-de-a-Steine f\u00fcr sie mit Ein\u00e4scherungsasche oder Haaren eines verstorbenen geliebten Menschen, um sie in seiner N\u00e4he zu haben und als kostbare Erinnerung zu tragen","og_url":"https:\/\/crematieasinglas.nl\/produkt\/dsh4013-dames-halssieraad-met-crematie-as-of-haartjes\/","og_site_name":"Winkel voor Crematie-as in glas","og_image":[{"width":1117,"height":740,"url":"https:\/\/crematieasinglas.nl\/wp-content\/uploads\/2025\/01\/crematie-as-sieraad-dames-hanger-ketting-glas-bedel-wijnrood-roze-glinster-2-dsh4013.jpg","type":"image\/jpeg"}],"twitter_card":"summary_large_image","twitter_misc":{"Gesch\u00e4tzte Lesezeit":"3\u00a0Minuten"},"schema":{"@context":"https:\/\/schema.org","@graph":[{"@type":"WebPage","@id":"https:\/\/crematieasinglas.nl\/produkt\/dsh4013-dames-halssieraad-met-crematie-as-of-haartjes\/","url":"https:\/\/crematieasinglas.nl\/produkt\/dsh4013-dames-halssieraad-met-crematie-as-of-haartjes\/","name":"Asche-Schmuck-Front-Haare mit Ein\u00e4scherungsasche oder Haaren als kostbare Erinnerung f\u00fcr immer","isPartOf":{"@id":"https:\/\/crematieasinglas.nl\/#website"},"primaryImageOfPage":{"@id":"https:\/\/crematieasinglas.nl\/produkt\/dsh4013-dames-halssieraad-met-crematie-as-of-haartjes\/#primaryimage"},"image":{"@id":"https:\/\/crematieasinglas.nl\/produkt\/dsh4013-dames-halssieraad-met-crematie-as-of-haartjes\/#primaryimage"},"thumbnailUrl":"https:\/\/crematieasinglas.nl\/wp-content\/uploads\/2025\/01\/crematie-as-sieraad-dames-hanger-ketting-glas-bedel-wijnrood-roze-glinster-2-dsh4013.jpg","datePublished":"2025-05-10T12:10:28+00:00","description":"Asche-de-a-Steine f\u00fcr sie mit Ein\u00e4scherungsasche oder Haaren eines verstorbenen geliebten Menschen, um sie in seiner N\u00e4he zu haben und als kostbare Erinnerung zu tragen","breadcrumb":{"@id":"https:\/\/crematieasinglas.nl\/produkt\/dsh4013-dames-halssieraad-met-crematie-as-of-haartjes\/#breadcrumb"},"inLanguage":"de","potentialAction":[{"@type":"ReadAction","target":["https:\/\/crematieasinglas.nl\/produkt\/dsh4013-dames-halssieraad-met-crematie-as-of-haartjes\/"]}]},{"@type":"ImageObject","inLanguage":"de","@id":"https:\/\/crematieasinglas.nl\/produkt\/dsh4013-dames-halssieraad-met-crematie-as-of-haartjes\/#primaryimage","url":"https:\/\/crematieasinglas.nl\/wp-content\/uploads\/2025\/01\/crematie-as-sieraad-dames-hanger-ketting-glas-bedel-wijnrood-roze-glinster-2-dsh4013.jpg","contentUrl":"https:\/\/crematieasinglas.nl\/wp-content\/uploads\/2025\/01\/crematie-as-sieraad-dames-hanger-ketting-glas-bedel-wijnrood-roze-glinster-2-dsh4013.jpg","width":1117,"height":740},{"@type":"BreadcrumbList","@id":"https:\/\/crematieasinglas.nl\/produkt\/dsh4013-dames-halssieraad-met-crematie-as-of-haartjes\/#breadcrumb","itemListElement":[{"@type":"ListItem","position":1,"name":"Home","item":"https:\/\/crematieasinglas.nl\/"},{"@type":"ListItem","position":2,"name":"Shop","item":"https:\/\/crematieasinglas.nl\/de\/shop\/"},{"@type":"ListItem","position":3,"name":"DSH4013 | Damen Halskette mit Ein\u00e4scherung, Asche oder Haaren"}]},{"@type":"WebSite","@id":"https:\/\/crematieasinglas.nl\/#website","url":"https:\/\/crematieasinglas.nl\/","name":"Winkel voor Crematie-as in glas","description":"Een winkel voor crematieasinglas.nl","publisher":{"@id":"https:\/\/crematieasinglas.nl\/#organization"},"potentialAction":[{"@type":"SearchAction","target":{"@type":"EntryPoint","urlTemplate":"https:\/\/crematieasinglas.nl\/?s={search_term_string}"},"query-input":{"@type":"PropertyValueSpecification","valueRequired":true,"valueName":"search_term_string"}}],"inLanguage":"de"},{"@type":"Organization","@id":"https:\/\/crematieasinglas.nl\/#organization","name":"Dierbaarasinglas.nl","alternateName":"Crematieasinglas.nl","url":"https:\/\/crematieasinglas.nl\/","logo":{"@type":"ImageObject","inLanguage":"de","@id":"https:\/\/crematieasinglas.nl\/#\/schema\/logo\/image\/","url":"https:\/\/crematieasinglas.nl\/wp-content\/uploads\/2024\/10\/logo-02-playfair-googlefont-met-hartje-02.png","contentUrl":"https:\/\/crematieasinglas.nl\/wp-content\/uploads\/2024\/10\/logo-02-playfair-googlefont-met-hartje-02.png","width":582,"height":136,"caption":"Dierbaarasinglas.nl"},"image":{"@id":"https:\/\/crematieasinglas.nl\/#\/schema\/logo\/image\/"}}]}},"_links":{"self":[{"href":"https:\/\/crematieasinglas.nl\/de\/wp-json\/wp\/v2\/product\/19475","targetHints":{"allow":["GET"]}}],"collection":[{"href":"https:\/\/crematieasinglas.nl\/de\/wp-json\/wp\/v2\/product"}],"about":[{"href":"https:\/\/crematieasinglas.nl\/de\/wp-json\/wp\/v2\/types\/product"}],"replies":[{"embeddable":true,"href":"https:\/\/crematieasinglas.nl\/de\/wp-json\/wp\/v2\/comments?post=19475"}],"wp:featuredmedia":[{"embeddable":true,"href":"https:\/\/crematieasinglas.nl\/de\/wp-json\/wp\/v2\/media\/15396"}],"wp:attachment":[{"href":"https:\/\/crematieasinglas.nl\/de\/wp-json\/wp\/v2\/media?parent=19475"}],"wp:term":[{"taxonomy":"product_brand","embeddable":true,"href":"https:\/\/crematieasinglas.nl\/de\/wp-json\/wp\/v2\/product_brand?post=19475"},{"taxonomy":"product_cat","embeddable":true,"href":"https:\/\/crematieasinglas.nl\/de\/wp-json\/wp\/v2\/product_cat?post=19475"},{"taxonomy":"product_tag","embeddable":true,"href":"https:\/\/crematieasinglas.nl\/de\/wp-json\/wp\/v2\/product_tag?post=19475"}],"curies":[{"name":"wp","href":"https:\/\/api.w.org\/{rel}","templated":true}]}}