{"id":19457,"date":"2025-10-22T14:49:21","date_gmt":"2025-10-22T14:49:21","guid":{"rendered":"https:\/\/ebdxvyckeo.onrocket.site\/product\/dgu1013-design-urne-glas-reflexion\/"},"modified":"2025-06-22T09:38:16","modified_gmt":"2025-06-22T09:38:16","slug":"dgu1013-design-urne-glas-reflexion","status":"publish","type":"product","link":"https:\/\/crematieasinglas.nl\/de\/produkt\/dgu1013-design-urne-glas-reflexion\/","title":{"rendered":"DGU1013 | Design Urne Glas Reflexion"},"content":{"rendered":"<p>Artikelnummer: DGU1013<br \/>\nKollektion: Urnen<br \/>\nKategorie: Design Urnenglas Personalisiert | DGU 1000<\/p>\n<h4>\n<h3>Lieferung:<\/h3>\n<h3>8 Werktage<\/h3>\n<\/h4>\n<h4>Definition:<\/h4>\n<h3>Diese Design-Urne aus Glas Reflection eignet sich f\u00fcr einen kleinen Teil einer Ein\u00e4scherung, Aschebestimmung<\/h3>\n<p>Da die Urne handgefertigt ist, kann es immer wieder zu kleinen Luftblasen im Glas kommen. Diese geh\u00f6rt zum Glas und entsteht bei der Herstellung der Urne. <\/p>\n<h4>Spezifische Beschreibung:<\/h4>\n<p><strong>Design-Urne aus Glas Reflexion<\/strong> mit orangefarbener und schwarzer transparenter Aschekammer. Ein Bild einer Mohnblume und evtl. 1 Name wird mittels Fotoschilderfolie auf die Urne gesetzt.<br \/>\n<br \/>Jetzt vor\u00fcbergehend und kostenlos mit dieser Urne ein 2D-Schmetterling. Die endg\u00fcltige Farbe dieses <strong>Schmetterlings<\/strong> kann von dem Schmetterling auf dem Foto abweichen, aber wir werden nach dem <strong>am besten geeigneten Schmetterling<\/strong> suchen, der auf Lager ist.<br \/>Obwohl diese Urne auf Bestellung von Hand gefertigt wird, verstehen wir, dass es sch\u00f6n ist, trotz der Anpassung die M\u00f6glichkeit zu haben, zur\u00fcckzukehren. Daher ist eine R\u00fcckgabe mit dieser Urne unter bestimmten Voraussetzungen m\u00f6glich.  <\/p>\n<h4>Information:<\/h4>\n<p>H\u00f6he: 15cm<br \/>\nBreite: 8cm<br \/>\nTiefe: 8cm<br \/>\nFarbe: orange\/schwarz<br \/>\nInhalt: 70ml<br \/>\nLagerbestand: 1 Lagerartikel<br \/>\nUrne zum selber bef\u00fcllen:; Ja, Anleitung ist im Lieferumfang enthalten<\/p>\n<h4>Lieferung:<\/h4>\n<p>Nach Ihrer Bestellung werde ich mich mit Ihnen in Verbindung setzen, welcher Name auf der Urne angebracht werden darf. Wenn Sie vorab Fragen haben, k\u00f6nnen Sie sich gerne per E-Mail an info@crematieasinglas.nl <\/p>\n<p><a href=\"https:\/\/crematieasinglas.nl\">Website crematieasinglas.nl<\/a><\/p>\n<h4>Video<\/h4>\n","protected":false},"excerpt":{"rendered":"<p>Asche Urne aus Designglas Reflection ist eine speziell angefertigte Urne und eignet sich f\u00fcr eine kleine Menge Asche aus Feuerbestattung.<\/p>\n","protected":false},"featured_media":9264,"comment_status":"closed","ping_status":"open","template":"","meta":[],"product_brand":[],"product_cat":[521,737],"product_tag":[785,786,787],"class_list":{"0":"post-19457","1":"product","2":"type-product","3":"status-publish","4":"has-post-thumbnail","6":"product_cat-nicht-kategorisiert","7":"product_cat-urnen-de","8":"product_tag-design-urne","9":"product_tag-glas-de","10":"product_tag-handgemacht","11":"pa_inhoud-70-ml","12":"pa_kleur-orange-schwarz","14":"first","15":"instock","16":"purchasable","17":"product-type-simple"},"yoast_head":"<!-- This site is optimized with the Yoast SEO Premium plugin v27.5 (Yoast SEO v27.5) - https:\/\/yoast.com\/product\/yoast-seo-premium-wordpress\/ -->\n<title>DGU1013 | Design Urne Glas Reflexion - Winkel voor Crematie-as in glas<\/title>\n<meta name=\"description\" content=\"Asche Urne aus Designglas Reflection ist eine speziell angefertigte Urne und eignet sich f\u00fcr eine kleine Menge Asche aus Feuerbestattung.\" \/>\n<meta name=\"robots\" content=\"index, follow, max-snippet:-1, max-image-preview:large, max-video-preview:-1\" \/>\n<link rel=\"canonical\" href=\"https:\/\/crematieasinglas.nl\/de\/produkt\/dgu1013-design-urne-glas-reflexion\/\" \/>\n<meta property=\"og:locale\" content=\"de_DE\" \/>\n<meta property=\"og:type\" content=\"article\" \/>\n<meta property=\"og:title\" content=\"DGU1013 | Design Urne Glas Reflexion\" \/>\n<meta property=\"og:description\" content=\"Asche Urne aus Designglas Reflection ist eine speziell angefertigte Urne und eignet sich f\u00fcr eine kleine Menge Asche aus Feuerbestattung.\" \/>\n<meta property=\"og:url\" content=\"https:\/\/crematieasinglas.nl\/de\/produkt\/dgu1013-design-urne-glas-reflexion\/\" \/>\n<meta property=\"og:site_name\" content=\"Winkel voor Crematie-as in glas\" \/>\n<meta property=\"og:image\" content=\"https:\/\/crematieasinglas.nl\/wp-content\/uploads\/2024\/10\/crematie-as-urn-design-glas-zwart-oranje-klaproos-bloem-naam-1-dgu1013.jpg\" \/>\n\t<meta property=\"og:image:width\" content=\"1280\" \/>\n\t<meta property=\"og:image:height\" content=\"1920\" \/>\n\t<meta property=\"og:image:type\" content=\"image\/jpeg\" \/>\n<meta name=\"twitter:card\" content=\"summary_large_image\" \/>\n<meta name=\"twitter:label1\" content=\"Gesch\u00e4tzte Lesezeit\" \/>\n\t<meta name=\"twitter:data1\" content=\"1\u00a0Minute\" \/>\n<script type=\"application\/ld+json\" class=\"yoast-schema-graph\">{\"@context\":\"https:\\\/\\\/schema.org\",\"@graph\":[{\"@type\":\"WebPage\",\"@id\":\"https:\\\/\\\/crematieasinglas.nl\\\/de\\\/produkt\\\/dgu1013-design-urne-glas-reflexion\\\/\",\"url\":\"https:\\\/\\\/crematieasinglas.nl\\\/de\\\/produkt\\\/dgu1013-design-urne-glas-reflexion\\\/\",\"name\":\"DGU1013 | Design Urne Glas Reflexion - Winkel voor Crematie-as in glas\",\"isPartOf\":{\"@id\":\"https:\\\/\\\/crematieasinglas.nl\\\/#website\"},\"primaryImageOfPage\":{\"@id\":\"https:\\\/\\\/crematieasinglas.nl\\\/de\\\/produkt\\\/dgu1013-design-urne-glas-reflexion\\\/#primaryimage\"},\"image\":{\"@id\":\"https:\\\/\\\/crematieasinglas.nl\\\/de\\\/produkt\\\/dgu1013-design-urne-glas-reflexion\\\/#primaryimage\"},\"thumbnailUrl\":\"https:\\\/\\\/crematieasinglas.nl\\\/wp-content\\\/uploads\\\/2024\\\/10\\\/crematie-as-urn-design-glas-zwart-oranje-klaproos-bloem-naam-1-dgu1013.jpg\",\"datePublished\":\"2025-10-22T14:49:21+00:00\",\"description\":\"Asche Urne aus Designglas Reflection ist eine speziell angefertigte Urne und eignet sich f\u00fcr eine kleine Menge Asche aus Feuerbestattung.\",\"breadcrumb\":{\"@id\":\"https:\\\/\\\/crematieasinglas.nl\\\/de\\\/produkt\\\/dgu1013-design-urne-glas-reflexion\\\/#breadcrumb\"},\"inLanguage\":\"de\",\"potentialAction\":[{\"@type\":\"ReadAction\",\"target\":[\"https:\\\/\\\/crematieasinglas.nl\\\/de\\\/produkt\\\/dgu1013-design-urne-glas-reflexion\\\/\"]}]},{\"@type\":\"ImageObject\",\"inLanguage\":\"de\",\"@id\":\"https:\\\/\\\/crematieasinglas.nl\\\/de\\\/produkt\\\/dgu1013-design-urne-glas-reflexion\\\/#primaryimage\",\"url\":\"https:\\\/\\\/crematieasinglas.nl\\\/wp-content\\\/uploads\\\/2024\\\/10\\\/crematie-as-urn-design-glas-zwart-oranje-klaproos-bloem-naam-1-dgu1013.jpg\",\"contentUrl\":\"https:\\\/\\\/crematieasinglas.nl\\\/wp-content\\\/uploads\\\/2024\\\/10\\\/crematie-as-urn-design-glas-zwart-oranje-klaproos-bloem-naam-1-dgu1013.jpg\",\"width\":1280,\"height\":1920},{\"@type\":\"BreadcrumbList\",\"@id\":\"https:\\\/\\\/crematieasinglas.nl\\\/de\\\/produkt\\\/dgu1013-design-urne-glas-reflexion\\\/#breadcrumb\",\"itemListElement\":[{\"@type\":\"ListItem\",\"position\":1,\"name\":\"Home\",\"item\":\"https:\\\/\\\/crematieasinglas.nl\\\/\"},{\"@type\":\"ListItem\",\"position\":2,\"name\":\"Shop\",\"item\":\"https:\\\/\\\/crematieasinglas.nl\\\/de\\\/shop\\\/\"},{\"@type\":\"ListItem\",\"position\":3,\"name\":\"DGU1013 | Design Urne Glas Reflexion\"}]},{\"@type\":\"WebSite\",\"@id\":\"https:\\\/\\\/crematieasinglas.nl\\\/#website\",\"url\":\"https:\\\/\\\/crematieasinglas.nl\\\/\",\"name\":\"Winkel voor Crematie-as in glas\",\"description\":\"Een winkel voor crematieasinglas.nl\",\"publisher\":{\"@id\":\"https:\\\/\\\/crematieasinglas.nl\\\/#organization\"},\"potentialAction\":[{\"@type\":\"SearchAction\",\"target\":{\"@type\":\"EntryPoint\",\"urlTemplate\":\"https:\\\/\\\/crematieasinglas.nl\\\/?s={search_term_string}\"},\"query-input\":{\"@type\":\"PropertyValueSpecification\",\"valueRequired\":true,\"valueName\":\"search_term_string\"}}],\"inLanguage\":\"de\"},{\"@type\":\"Organization\",\"@id\":\"https:\\\/\\\/crematieasinglas.nl\\\/#organization\",\"name\":\"Dierbaarasinglas.nl\",\"alternateName\":\"Crematieasinglas.nl\",\"url\":\"https:\\\/\\\/crematieasinglas.nl\\\/\",\"logo\":{\"@type\":\"ImageObject\",\"inLanguage\":\"de\",\"@id\":\"https:\\\/\\\/crematieasinglas.nl\\\/#\\\/schema\\\/logo\\\/image\\\/\",\"url\":\"https:\\\/\\\/crematieasinglas.nl\\\/wp-content\\\/uploads\\\/2024\\\/10\\\/logo-02-playfair-googlefont-met-hartje-02.png\",\"contentUrl\":\"https:\\\/\\\/crematieasinglas.nl\\\/wp-content\\\/uploads\\\/2024\\\/10\\\/logo-02-playfair-googlefont-met-hartje-02.png\",\"width\":582,\"height\":136,\"caption\":\"Dierbaarasinglas.nl\"},\"image\":{\"@id\":\"https:\\\/\\\/crematieasinglas.nl\\\/#\\\/schema\\\/logo\\\/image\\\/\"}}]}<\/script>\n<!-- \/ Yoast SEO Premium plugin. -->","yoast_head_json":{"title":"DGU1013 | Design Urne Glas Reflexion - Winkel voor Crematie-as in glas","description":"Asche Urne aus Designglas Reflection ist eine speziell angefertigte Urne und eignet sich f\u00fcr eine kleine Menge Asche aus Feuerbestattung.","robots":{"index":"index","follow":"follow","max-snippet":"max-snippet:-1","max-image-preview":"max-image-preview:large","max-video-preview":"max-video-preview:-1"},"canonical":"https:\/\/crematieasinglas.nl\/de\/produkt\/dgu1013-design-urne-glas-reflexion\/","og_locale":"de_DE","og_type":"article","og_title":"DGU1013 | Design Urne Glas Reflexion","og_description":"Asche Urne aus Designglas Reflection ist eine speziell angefertigte Urne und eignet sich f\u00fcr eine kleine Menge Asche aus Feuerbestattung.","og_url":"https:\/\/crematieasinglas.nl\/de\/produkt\/dgu1013-design-urne-glas-reflexion\/","og_site_name":"Winkel voor Crematie-as in glas","og_image":[{"width":1280,"height":1920,"url":"https:\/\/crematieasinglas.nl\/wp-content\/uploads\/2024\/10\/crematie-as-urn-design-glas-zwart-oranje-klaproos-bloem-naam-1-dgu1013.jpg","type":"image\/jpeg"}],"twitter_card":"summary_large_image","twitter_misc":{"Gesch\u00e4tzte Lesezeit":"1\u00a0Minute"},"schema":{"@context":"https:\/\/schema.org","@graph":[{"@type":"WebPage","@id":"https:\/\/crematieasinglas.nl\/de\/produkt\/dgu1013-design-urne-glas-reflexion\/","url":"https:\/\/crematieasinglas.nl\/de\/produkt\/dgu1013-design-urne-glas-reflexion\/","name":"DGU1013 | Design Urne Glas Reflexion - Winkel voor Crematie-as in glas","isPartOf":{"@id":"https:\/\/crematieasinglas.nl\/#website"},"primaryImageOfPage":{"@id":"https:\/\/crematieasinglas.nl\/de\/produkt\/dgu1013-design-urne-glas-reflexion\/#primaryimage"},"image":{"@id":"https:\/\/crematieasinglas.nl\/de\/produkt\/dgu1013-design-urne-glas-reflexion\/#primaryimage"},"thumbnailUrl":"https:\/\/crematieasinglas.nl\/wp-content\/uploads\/2024\/10\/crematie-as-urn-design-glas-zwart-oranje-klaproos-bloem-naam-1-dgu1013.jpg","datePublished":"2025-10-22T14:49:21+00:00","description":"Asche Urne aus Designglas Reflection ist eine speziell angefertigte Urne und eignet sich f\u00fcr eine kleine Menge Asche aus Feuerbestattung.","breadcrumb":{"@id":"https:\/\/crematieasinglas.nl\/de\/produkt\/dgu1013-design-urne-glas-reflexion\/#breadcrumb"},"inLanguage":"de","potentialAction":[{"@type":"ReadAction","target":["https:\/\/crematieasinglas.nl\/de\/produkt\/dgu1013-design-urne-glas-reflexion\/"]}]},{"@type":"ImageObject","inLanguage":"de","@id":"https:\/\/crematieasinglas.nl\/de\/produkt\/dgu1013-design-urne-glas-reflexion\/#primaryimage","url":"https:\/\/crematieasinglas.nl\/wp-content\/uploads\/2024\/10\/crematie-as-urn-design-glas-zwart-oranje-klaproos-bloem-naam-1-dgu1013.jpg","contentUrl":"https:\/\/crematieasinglas.nl\/wp-content\/uploads\/2024\/10\/crematie-as-urn-design-glas-zwart-oranje-klaproos-bloem-naam-1-dgu1013.jpg","width":1280,"height":1920},{"@type":"BreadcrumbList","@id":"https:\/\/crematieasinglas.nl\/de\/produkt\/dgu1013-design-urne-glas-reflexion\/#breadcrumb","itemListElement":[{"@type":"ListItem","position":1,"name":"Home","item":"https:\/\/crematieasinglas.nl\/"},{"@type":"ListItem","position":2,"name":"Shop","item":"https:\/\/crematieasinglas.nl\/de\/shop\/"},{"@type":"ListItem","position":3,"name":"DGU1013 | Design Urne Glas Reflexion"}]},{"@type":"WebSite","@id":"https:\/\/crematieasinglas.nl\/#website","url":"https:\/\/crematieasinglas.nl\/","name":"Winkel voor Crematie-as in glas","description":"Een winkel voor crematieasinglas.nl","publisher":{"@id":"https:\/\/crematieasinglas.nl\/#organization"},"potentialAction":[{"@type":"SearchAction","target":{"@type":"EntryPoint","urlTemplate":"https:\/\/crematieasinglas.nl\/?s={search_term_string}"},"query-input":{"@type":"PropertyValueSpecification","valueRequired":true,"valueName":"search_term_string"}}],"inLanguage":"de"},{"@type":"Organization","@id":"https:\/\/crematieasinglas.nl\/#organization","name":"Dierbaarasinglas.nl","alternateName":"Crematieasinglas.nl","url":"https:\/\/crematieasinglas.nl\/","logo":{"@type":"ImageObject","inLanguage":"de","@id":"https:\/\/crematieasinglas.nl\/#\/schema\/logo\/image\/","url":"https:\/\/crematieasinglas.nl\/wp-content\/uploads\/2024\/10\/logo-02-playfair-googlefont-met-hartje-02.png","contentUrl":"https:\/\/crematieasinglas.nl\/wp-content\/uploads\/2024\/10\/logo-02-playfair-googlefont-met-hartje-02.png","width":582,"height":136,"caption":"Dierbaarasinglas.nl"},"image":{"@id":"https:\/\/crematieasinglas.nl\/#\/schema\/logo\/image\/"}}]}},"_links":{"self":[{"href":"https:\/\/crematieasinglas.nl\/de\/wp-json\/wp\/v2\/product\/19457","targetHints":{"allow":["GET"]}}],"collection":[{"href":"https:\/\/crematieasinglas.nl\/de\/wp-json\/wp\/v2\/product"}],"about":[{"href":"https:\/\/crematieasinglas.nl\/de\/wp-json\/wp\/v2\/types\/product"}],"replies":[{"embeddable":true,"href":"https:\/\/crematieasinglas.nl\/de\/wp-json\/wp\/v2\/comments?post=19457"}],"wp:featuredmedia":[{"embeddable":true,"href":"https:\/\/crematieasinglas.nl\/de\/wp-json\/wp\/v2\/media\/9264"}],"wp:attachment":[{"href":"https:\/\/crematieasinglas.nl\/de\/wp-json\/wp\/v2\/media?parent=19457"}],"wp:term":[{"taxonomy":"product_brand","embeddable":true,"href":"https:\/\/crematieasinglas.nl\/de\/wp-json\/wp\/v2\/product_brand?post=19457"},{"taxonomy":"product_cat","embeddable":true,"href":"https:\/\/crematieasinglas.nl\/de\/wp-json\/wp\/v2\/product_cat?post=19457"},{"taxonomy":"product_tag","embeddable":true,"href":"https:\/\/crematieasinglas.nl\/de\/wp-json\/wp\/v2\/product_tag?post=19457"}],"curies":[{"name":"wp","href":"https:\/\/api.w.org\/{rel}","templated":true}]}}