{"id":19447,"date":"2025-10-22T14:49:21","date_gmt":"2025-10-22T14:49:21","guid":{"rendered":"https:\/\/ebdxvyckeo.onrocket.site\/product\/dgu1002-design-urne-glas-diamant\/"},"modified":"2025-06-27T07:24:08","modified_gmt":"2025-06-27T07:24:08","slug":"dgu1002-design-urne-glas-diamant","status":"publish","type":"product","link":"https:\/\/crematieasinglas.nl\/de\/produkt\/dgu1002-design-urne-glas-diamant\/","title":{"rendered":"DGU1002 | Design Urne Glas Diamant"},"content":{"rendered":"<p>Artikelnummer: DGU1002<br \/>\nKollektion: Urnen<br \/>\nKategorie: Design Urnenglas Personalisiert | DGU 1000<\/p>\n<h3>Lieferung:<\/h3>\n<h3>8 Werktage<\/h3>\n<h4>Definition:<\/h4>\n<h3>Diese Design-Urne aus Glas Diamond eignet sich f\u00fcr einen kleinen Teil eines Bestimmungsortes f\u00fcr die Ein\u00e4scherung<\/h3>\n<p>Da die Urne handgefertigt ist, kann es immer wieder zu kleinen Luftblasen im Glas kommen. Diese geh\u00f6rt zum Glas und entsteht bei der Herstellung der Urne.<\/p>\n<h4>Spezifische Beschreibung:<\/h4>\n<p><strong>Die Design-Urne aus Glas Diamond <\/strong>hat eine blaue, transparente Aschekammer. Ein Bild von 2 V\u00f6geln und 1 Namen wird mittels Fotoschildfolie auf die Urne gesetzt.<\/p>\n<p>Jetzt vor\u00fcbergehend und kostenlos mit dieser Urne ein 2D-Schmetterling. Die endg\u00fcltige Farbe dieses <strong>Schmetterlings<\/strong> kann von dem Schmetterling auf dem Foto abweichen, aber wir werden nach dem <strong>am besten geeigneten Schmetterling<\/strong> suchen, der auf Lager ist.<br \/>\nObwohl diese Urne auf Bestellung von Hand gefertigt wird, verstehen wir, dass es sch\u00f6n ist, trotz der Anpassung die M\u00f6glichkeit zu haben, zur\u00fcckzukehren. Daher ist eine R\u00fcckgabe mit dieser Urne unter bestimmten Voraussetzungen m\u00f6glich.<\/p>\n<h4>Information:<\/h4>\n<p>H\u00f6he: 15cm<br \/>\nBreite: 9cm<br \/>\nTiefe: 9cm<br \/>\nFarbe: blau\/schwarz<br \/>\nInhalt: 60ml<br \/>\nLagerbestand: 1 Lagerartikel<br \/>\nUrne zum selber bef\u00fcllen:; Ja, Anleitung ist im Lieferumfang enthalten<\/p>\n<h4>Lieferung:<\/h4>\n<p>Nach Ihrer Bestellung werde ich mich mit Ihnen in Verbindung setzen, um zu erfahren, welcher Name auf der Urne angebracht werden darf. Wenn Sie vorab Fragen haben, k\u00f6nnen Sie sich gerne per E-Mail an info@crematieasinglas.nl<\/p>\n<p><a href=\"https:\/\/crematieasinglas.nl\">Website crematieasinglas.nl<\/a><\/p>\n<h4>Video<\/h4>\n<div style=\"width: 640px;\" class=\"wp-video\"><video class=\"wp-video-shortcode\" id=\"video-19447-1\" width=\"640\" height=\"360\" preload=\"metadata\" controls=\"controls\"><source type=\"video\/mp4\" src=\"https:\/\/crematieasinglas.nl\/media\/urnen\/design-urn-glas-gepersonaliseerd\/crematie-as-urn-design-diamond-blauw-vogeltjes-video-dgu1002.mp4?_=1\" \/><a href=\"https:\/\/crematieasinglas.nl\/media\/urnen\/design-urn-glas-gepersonaliseerd\/crematie-as-urn-design-diamond-blauw-vogeltjes-video-dgu1002.mp4\">https:\/\/crematieasinglas.nl\/media\/urnen\/design-urn-glas-gepersonaliseerd\/crematie-as-urn-design-diamond-blauw-vogeltjes-video-dgu1002.mp4<\/a><\/video><\/div>\n","protected":false},"excerpt":{"rendered":"<p>Ein\u00e4scherungs-Asche-Urne aus Designglas Diamond ist eine speziell angefertigte Urne und eignet sich f\u00fcr eine kleine Menge Ein\u00e4scherungs-Asche.<\/p>\n","protected":false},"featured_media":9024,"comment_status":"closed","ping_status":"open","template":"","meta":[],"product_brand":[],"product_cat":[521,737],"product_tag":[785,786,787],"class_list":{"0":"post-19447","1":"product","2":"type-product","3":"status-publish","4":"has-post-thumbnail","6":"product_cat-nicht-kategorisiert","7":"product_cat-urnen-de","8":"product_tag-design-urne","9":"product_tag-glas-de","10":"product_tag-handgemacht","11":"pa_inhoud-60-ml","12":"pa_kleur-blau-schwarz","14":"first","15":"instock","16":"purchasable","17":"product-type-simple"},"yoast_head":"<!-- This site is optimized with the Yoast SEO Premium plugin v27.5 (Yoast SEO v27.5) - https:\/\/yoast.com\/product\/yoast-seo-premium-wordpress\/ -->\n<title>DGU1002 | Design Urne Glas Diamant - Winkel voor Crematie-as in glas<\/title>\n<meta name=\"description\" content=\"Ein\u00e4scherungs-Asche-Urne aus Designglas Diamond ist eine speziell angefertigte Urne und eignet sich f\u00fcr eine kleine Menge Ein\u00e4scherungs-Asche.\" \/>\n<meta name=\"robots\" content=\"index, follow, max-snippet:-1, max-image-preview:large, max-video-preview:-1\" \/>\n<link rel=\"canonical\" href=\"https:\/\/crematieasinglas.nl\/produkt\/dgu1002-design-urn-glas-diamond\/\" \/>\n<meta property=\"og:locale\" content=\"de_DE\" \/>\n<meta property=\"og:type\" content=\"article\" \/>\n<meta property=\"og:title\" content=\"DGU1002 | Design Urne Glas Diamant\" \/>\n<meta property=\"og:description\" content=\"Ein\u00e4scherungs-Asche-Urne aus Designglas Diamond ist eine speziell angefertigte Urne und eignet sich f\u00fcr eine kleine Menge Ein\u00e4scherungs-Asche.\" \/>\n<meta property=\"og:url\" content=\"https:\/\/crematieasinglas.nl\/produkt\/dgu1002-design-urn-glas-diamond\/\" \/>\n<meta property=\"og:site_name\" content=\"Winkel voor Crematie-as in glas\" \/>\n<meta property=\"og:image\" content=\"https:\/\/crematieasinglas.nl\/wp-content\/uploads\/2024\/10\/crematie-as-urn-design-glas-blauw-zwart-vogeltjes-vlinder-naam-1-dgu1002.jpg\" \/>\n\t<meta property=\"og:image:width\" content=\"1280\" \/>\n\t<meta property=\"og:image:height\" content=\"1920\" \/>\n\t<meta property=\"og:image:type\" content=\"image\/jpeg\" \/>\n<meta name=\"twitter:card\" content=\"summary_large_image\" \/>\n<meta name=\"twitter:label1\" content=\"Gesch\u00e4tzte Lesezeit\" \/>\n\t<meta name=\"twitter:data1\" content=\"2\u00a0Minuten\" \/>\n<script type=\"application\/ld+json\" class=\"yoast-schema-graph\">{\"@context\":\"https:\\\/\\\/schema.org\",\"@graph\":[{\"@type\":\"WebPage\",\"@id\":\"https:\\\/\\\/crematieasinglas.nl\\\/produkt\\\/dgu1002-design-urn-glas-diamond\\\/\",\"url\":\"https:\\\/\\\/crematieasinglas.nl\\\/produkt\\\/dgu1002-design-urn-glas-diamond\\\/\",\"name\":\"DGU1002 | Design Urne Glas Diamant - Winkel voor Crematie-as in glas\",\"isPartOf\":{\"@id\":\"https:\\\/\\\/crematieasinglas.nl\\\/#website\"},\"primaryImageOfPage\":{\"@id\":\"https:\\\/\\\/crematieasinglas.nl\\\/produkt\\\/dgu1002-design-urn-glas-diamond\\\/#primaryimage\"},\"image\":{\"@id\":\"https:\\\/\\\/crematieasinglas.nl\\\/produkt\\\/dgu1002-design-urn-glas-diamond\\\/#primaryimage\"},\"thumbnailUrl\":\"https:\\\/\\\/crematieasinglas.nl\\\/wp-content\\\/uploads\\\/2024\\\/10\\\/crematie-as-urn-design-glas-blauw-zwart-vogeltjes-vlinder-naam-1-dgu1002.jpg\",\"datePublished\":\"2025-10-22T14:49:21+00:00\",\"description\":\"Ein\u00e4scherungs-Asche-Urne aus Designglas Diamond ist eine speziell angefertigte Urne und eignet sich f\u00fcr eine kleine Menge Ein\u00e4scherungs-Asche.\",\"breadcrumb\":{\"@id\":\"https:\\\/\\\/crematieasinglas.nl\\\/produkt\\\/dgu1002-design-urn-glas-diamond\\\/#breadcrumb\"},\"inLanguage\":\"de\",\"potentialAction\":[{\"@type\":\"ReadAction\",\"target\":[\"https:\\\/\\\/crematieasinglas.nl\\\/produkt\\\/dgu1002-design-urn-glas-diamond\\\/\"]}]},{\"@type\":\"ImageObject\",\"inLanguage\":\"de\",\"@id\":\"https:\\\/\\\/crematieasinglas.nl\\\/produkt\\\/dgu1002-design-urn-glas-diamond\\\/#primaryimage\",\"url\":\"https:\\\/\\\/crematieasinglas.nl\\\/wp-content\\\/uploads\\\/2024\\\/10\\\/crematie-as-urn-design-glas-blauw-zwart-vogeltjes-vlinder-naam-1-dgu1002.jpg\",\"contentUrl\":\"https:\\\/\\\/crematieasinglas.nl\\\/wp-content\\\/uploads\\\/2024\\\/10\\\/crematie-as-urn-design-glas-blauw-zwart-vogeltjes-vlinder-naam-1-dgu1002.jpg\",\"width\":1280,\"height\":1920},{\"@type\":\"BreadcrumbList\",\"@id\":\"https:\\\/\\\/crematieasinglas.nl\\\/produkt\\\/dgu1002-design-urn-glas-diamond\\\/#breadcrumb\",\"itemListElement\":[{\"@type\":\"ListItem\",\"position\":1,\"name\":\"Home\",\"item\":\"https:\\\/\\\/crematieasinglas.nl\\\/\"},{\"@type\":\"ListItem\",\"position\":2,\"name\":\"Shop\",\"item\":\"https:\\\/\\\/crematieasinglas.nl\\\/de\\\/shop\\\/\"},{\"@type\":\"ListItem\",\"position\":3,\"name\":\"DGU1002 | Design Urne Glas Diamant\"}]},{\"@type\":\"WebSite\",\"@id\":\"https:\\\/\\\/crematieasinglas.nl\\\/#website\",\"url\":\"https:\\\/\\\/crematieasinglas.nl\\\/\",\"name\":\"Winkel voor Crematie-as in glas\",\"description\":\"Een winkel voor crematieasinglas.nl\",\"publisher\":{\"@id\":\"https:\\\/\\\/crematieasinglas.nl\\\/#organization\"},\"potentialAction\":[{\"@type\":\"SearchAction\",\"target\":{\"@type\":\"EntryPoint\",\"urlTemplate\":\"https:\\\/\\\/crematieasinglas.nl\\\/?s={search_term_string}\"},\"query-input\":{\"@type\":\"PropertyValueSpecification\",\"valueRequired\":true,\"valueName\":\"search_term_string\"}}],\"inLanguage\":\"de\"},{\"@type\":\"Organization\",\"@id\":\"https:\\\/\\\/crematieasinglas.nl\\\/#organization\",\"name\":\"Dierbaarasinglas.nl\",\"alternateName\":\"Crematieasinglas.nl\",\"url\":\"https:\\\/\\\/crematieasinglas.nl\\\/\",\"logo\":{\"@type\":\"ImageObject\",\"inLanguage\":\"de\",\"@id\":\"https:\\\/\\\/crematieasinglas.nl\\\/#\\\/schema\\\/logo\\\/image\\\/\",\"url\":\"https:\\\/\\\/crematieasinglas.nl\\\/wp-content\\\/uploads\\\/2024\\\/10\\\/logo-02-playfair-googlefont-met-hartje-02.png\",\"contentUrl\":\"https:\\\/\\\/crematieasinglas.nl\\\/wp-content\\\/uploads\\\/2024\\\/10\\\/logo-02-playfair-googlefont-met-hartje-02.png\",\"width\":582,\"height\":136,\"caption\":\"Dierbaarasinglas.nl\"},\"image\":{\"@id\":\"https:\\\/\\\/crematieasinglas.nl\\\/#\\\/schema\\\/logo\\\/image\\\/\"}}]}<\/script>\n<!-- \/ Yoast SEO Premium plugin. -->","yoast_head_json":{"title":"DGU1002 | Design Urne Glas Diamant - Winkel voor Crematie-as in glas","description":"Ein\u00e4scherungs-Asche-Urne aus Designglas Diamond ist eine speziell angefertigte Urne und eignet sich f\u00fcr eine kleine Menge Ein\u00e4scherungs-Asche.","robots":{"index":"index","follow":"follow","max-snippet":"max-snippet:-1","max-image-preview":"max-image-preview:large","max-video-preview":"max-video-preview:-1"},"canonical":"https:\/\/crematieasinglas.nl\/produkt\/dgu1002-design-urn-glas-diamond\/","og_locale":"de_DE","og_type":"article","og_title":"DGU1002 | Design Urne Glas Diamant","og_description":"Ein\u00e4scherungs-Asche-Urne aus Designglas Diamond ist eine speziell angefertigte Urne und eignet sich f\u00fcr eine kleine Menge Ein\u00e4scherungs-Asche.","og_url":"https:\/\/crematieasinglas.nl\/produkt\/dgu1002-design-urn-glas-diamond\/","og_site_name":"Winkel voor Crematie-as in glas","og_image":[{"width":1280,"height":1920,"url":"https:\/\/crematieasinglas.nl\/wp-content\/uploads\/2024\/10\/crematie-as-urn-design-glas-blauw-zwart-vogeltjes-vlinder-naam-1-dgu1002.jpg","type":"image\/jpeg"}],"twitter_card":"summary_large_image","twitter_misc":{"Gesch\u00e4tzte Lesezeit":"2\u00a0Minuten"},"schema":{"@context":"https:\/\/schema.org","@graph":[{"@type":"WebPage","@id":"https:\/\/crematieasinglas.nl\/produkt\/dgu1002-design-urn-glas-diamond\/","url":"https:\/\/crematieasinglas.nl\/produkt\/dgu1002-design-urn-glas-diamond\/","name":"DGU1002 | Design Urne Glas Diamant - Winkel voor Crematie-as in glas","isPartOf":{"@id":"https:\/\/crematieasinglas.nl\/#website"},"primaryImageOfPage":{"@id":"https:\/\/crematieasinglas.nl\/produkt\/dgu1002-design-urn-glas-diamond\/#primaryimage"},"image":{"@id":"https:\/\/crematieasinglas.nl\/produkt\/dgu1002-design-urn-glas-diamond\/#primaryimage"},"thumbnailUrl":"https:\/\/crematieasinglas.nl\/wp-content\/uploads\/2024\/10\/crematie-as-urn-design-glas-blauw-zwart-vogeltjes-vlinder-naam-1-dgu1002.jpg","datePublished":"2025-10-22T14:49:21+00:00","description":"Ein\u00e4scherungs-Asche-Urne aus Designglas Diamond ist eine speziell angefertigte Urne und eignet sich f\u00fcr eine kleine Menge Ein\u00e4scherungs-Asche.","breadcrumb":{"@id":"https:\/\/crematieasinglas.nl\/produkt\/dgu1002-design-urn-glas-diamond\/#breadcrumb"},"inLanguage":"de","potentialAction":[{"@type":"ReadAction","target":["https:\/\/crematieasinglas.nl\/produkt\/dgu1002-design-urn-glas-diamond\/"]}]},{"@type":"ImageObject","inLanguage":"de","@id":"https:\/\/crematieasinglas.nl\/produkt\/dgu1002-design-urn-glas-diamond\/#primaryimage","url":"https:\/\/crematieasinglas.nl\/wp-content\/uploads\/2024\/10\/crematie-as-urn-design-glas-blauw-zwart-vogeltjes-vlinder-naam-1-dgu1002.jpg","contentUrl":"https:\/\/crematieasinglas.nl\/wp-content\/uploads\/2024\/10\/crematie-as-urn-design-glas-blauw-zwart-vogeltjes-vlinder-naam-1-dgu1002.jpg","width":1280,"height":1920},{"@type":"BreadcrumbList","@id":"https:\/\/crematieasinglas.nl\/produkt\/dgu1002-design-urn-glas-diamond\/#breadcrumb","itemListElement":[{"@type":"ListItem","position":1,"name":"Home","item":"https:\/\/crematieasinglas.nl\/"},{"@type":"ListItem","position":2,"name":"Shop","item":"https:\/\/crematieasinglas.nl\/de\/shop\/"},{"@type":"ListItem","position":3,"name":"DGU1002 | Design Urne Glas Diamant"}]},{"@type":"WebSite","@id":"https:\/\/crematieasinglas.nl\/#website","url":"https:\/\/crematieasinglas.nl\/","name":"Winkel voor Crematie-as in glas","description":"Een winkel voor crematieasinglas.nl","publisher":{"@id":"https:\/\/crematieasinglas.nl\/#organization"},"potentialAction":[{"@type":"SearchAction","target":{"@type":"EntryPoint","urlTemplate":"https:\/\/crematieasinglas.nl\/?s={search_term_string}"},"query-input":{"@type":"PropertyValueSpecification","valueRequired":true,"valueName":"search_term_string"}}],"inLanguage":"de"},{"@type":"Organization","@id":"https:\/\/crematieasinglas.nl\/#organization","name":"Dierbaarasinglas.nl","alternateName":"Crematieasinglas.nl","url":"https:\/\/crematieasinglas.nl\/","logo":{"@type":"ImageObject","inLanguage":"de","@id":"https:\/\/crematieasinglas.nl\/#\/schema\/logo\/image\/","url":"https:\/\/crematieasinglas.nl\/wp-content\/uploads\/2024\/10\/logo-02-playfair-googlefont-met-hartje-02.png","contentUrl":"https:\/\/crematieasinglas.nl\/wp-content\/uploads\/2024\/10\/logo-02-playfair-googlefont-met-hartje-02.png","width":582,"height":136,"caption":"Dierbaarasinglas.nl"},"image":{"@id":"https:\/\/crematieasinglas.nl\/#\/schema\/logo\/image\/"}}]}},"_links":{"self":[{"href":"https:\/\/crematieasinglas.nl\/de\/wp-json\/wp\/v2\/product\/19447","targetHints":{"allow":["GET"]}}],"collection":[{"href":"https:\/\/crematieasinglas.nl\/de\/wp-json\/wp\/v2\/product"}],"about":[{"href":"https:\/\/crematieasinglas.nl\/de\/wp-json\/wp\/v2\/types\/product"}],"replies":[{"embeddable":true,"href":"https:\/\/crematieasinglas.nl\/de\/wp-json\/wp\/v2\/comments?post=19447"}],"wp:featuredmedia":[{"embeddable":true,"href":"https:\/\/crematieasinglas.nl\/de\/wp-json\/wp\/v2\/media\/9024"}],"wp:attachment":[{"href":"https:\/\/crematieasinglas.nl\/de\/wp-json\/wp\/v2\/media?parent=19447"}],"wp:term":[{"taxonomy":"product_brand","embeddable":true,"href":"https:\/\/crematieasinglas.nl\/de\/wp-json\/wp\/v2\/product_brand?post=19447"},{"taxonomy":"product_cat","embeddable":true,"href":"https:\/\/crematieasinglas.nl\/de\/wp-json\/wp\/v2\/product_cat?post=19447"},{"taxonomy":"product_tag","embeddable":true,"href":"https:\/\/crematieasinglas.nl\/de\/wp-json\/wp\/v2\/product_tag?post=19447"}],"curies":[{"name":"wp","href":"https:\/\/api.w.org\/{rel}","templated":true}]}}