{"id":19442,"date":"2025-10-22T14:52:33","date_gmt":"2025-10-22T14:52:33","guid":{"rendered":"https:\/\/ebdxvyckeo.onrocket.site\/product\/dgu1038-design-urne-reflexion\/"},"modified":"2025-06-22T09:39:18","modified_gmt":"2025-06-22T09:39:18","slug":"dgu1038-design-urne-reflexion","status":"publish","type":"product","link":"https:\/\/crematieasinglas.nl\/de\/produkt\/dgu1038-design-urne-reflexion\/","title":{"rendered":"DGU1038 | Design Urne Reflexion"},"content":{"rendered":"<p>Artikelnummer: DGU1038<br \/>\nKollektion: Urnen<br \/>\nKategorie: Design Urnenglas Personalisiert | DGU 1000<\/p>\n<h4>\n<h3>Lieferung:<\/h3>\n<h3>8 Werktage<\/h3>\n<\/h4>\n<h4>Definition:<\/h4>\n<h3>Diese Design-Urne aus Glas eignet sich f\u00fcr einen kleinen Teil einer Ein\u00e4scherung, die f\u00fcr die Asche bestimmt ist<\/h3>\n<p>Da die Urne handgefertigt ist, kann es immer wieder zu kleinen Luftblasen im Glas kommen. Diese geh\u00f6rt zum Glas und entsteht bei der Herstellung der Urne. <\/p>\n<h4>Spezifische Beschreibung:<\/h4>\n<p><strong>Design-Urne aus Glas Reflexion<\/strong> mit blauer transparenter Aschekammer. Das Bild einer wei\u00dfen Orchidee und 1 Name wird mittels Fotoschildfolie auf die Urne gesetzt. Der maximale Abstand f\u00fcr einen Namen betr\u00e4gt 7 Buchstaben!<br \/>\n<br \/>Obwohl diese Urne auf Bestellung von Hand gefertigt wird, verstehen wir, dass es sch\u00f6n ist, trotz der Anpassung die M\u00f6glichkeit zu haben, zur\u00fcckzukehren. Daher ist eine R\u00fcckgabe mit dieser Urne unter bestimmten Voraussetzungen m\u00f6glich. <\/p>\n<h4>Information:<\/h4>\n<p>H\u00f6he: 15cm<br \/>\nBreite: 9cm<br \/>\nTiefe: 9cm<br \/>\nFarbe: blau<br \/>\nInhalt:<br \/>\nLagerbestand: 4 Lagerartikel<br \/>\nUrne zum selber bef\u00fcllen:; Ja, Anleitung ist im Lieferumfang enthalten<\/p>\n<h4>Lieferung:<\/h4>\n<p>Nach Ihrer Bestellung melde ich mich bei Ihnen, welcher Name (von maximal 7 Buchstaben) auf der Urne angebracht werden darf. Wenn Sie vorab Fragen haben, k\u00f6nnen Sie sich gerne per E-Mail an info@crematieasinglas.nl <\/p>\n<p><a href=\"https:\/\/crematieasinglas.nl\">Website crematieasinglas.nl<\/a><\/p>\n<h4>Video<\/h4>\n<div style=\"width: 640px;\" class=\"wp-video\"><video class=\"wp-video-shortcode\" id=\"video-19442-1\" width=\"640\" height=\"360\" preload=\"metadata\" controls=\"controls\"><source type=\"video\/mp4\" src=\"https:\/\/crematieasinglas.nl\/media\/urnen\/design-urn-glas-gepersonaliseerd\/crematie-as-design-urn-glas-reflection-blauw-orchidee-video-dgu1038.mp4?_=1\" \/><a href=\"https:\/\/crematieasinglas.nl\/media\/urnen\/design-urn-glas-gepersonaliseerd\/crematie-as-design-urn-glas-reflection-blauw-orchidee-video-dgu1038.mp4\">https:\/\/crematieasinglas.nl\/media\/urnen\/design-urn-glas-gepersonaliseerd\/crematie-as-design-urn-glas-reflection-blauw-orchidee-video-dgu1038.mp4<\/a><\/video><\/div>\n","protected":false},"excerpt":{"rendered":"<p>Asche Urne aus Designglas Reflection ist eine speziell angefertigte Urne und eignet sich f\u00fcr eine kleine Menge Asche aus Feuerbestattung.<\/p>\n","protected":false},"featured_media":17796,"comment_status":"closed","ping_status":"open","template":"","meta":[],"product_brand":[],"product_cat":[521,737],"product_tag":[785,786,787],"class_list":{"0":"post-19442","1":"product","2":"type-product","3":"status-publish","4":"has-post-thumbnail","6":"product_cat-nicht-kategorisiert","7":"product_cat-urnen-de","8":"product_tag-design-urne","9":"product_tag-glas-de","10":"product_tag-handgemacht","11":"pa_kleur-blau","13":"first","14":"instock","15":"purchasable","16":"product-type-simple"},"yoast_head":"<!-- This site is optimized with the Yoast SEO Premium plugin v27.5 (Yoast SEO v27.5) - https:\/\/yoast.com\/product\/yoast-seo-premium-wordpress\/ -->\n<title>DGU1038 | Design Urne Reflexion - Winkel voor Crematie-as in glas<\/title>\n<meta name=\"description\" content=\"Ein\u00e4scherungs-Asche-Urne aus Designglas Rerefction ist eine speziell angefertigte Urne und eignet sich f\u00fcr eine kleine Menge Ein\u00e4scherungsasche.\" \/>\n<meta name=\"robots\" content=\"index, follow, max-snippet:-1, max-image-preview:large, max-video-preview:-1\" \/>\n<link rel=\"canonical\" href=\"https:\/\/crematieasinglas.nl\/produkt\/dgu1038-design-urn-reflection\/\" \/>\n<meta property=\"og:locale\" content=\"de_DE\" \/>\n<meta property=\"og:type\" content=\"article\" \/>\n<meta property=\"og:title\" content=\"DGU1038 | Design Urne Reflexion\" \/>\n<meta property=\"og:description\" content=\"Ein\u00e4scherungs-Asche-Urne aus Designglas Rerefction ist eine speziell angefertigte Urne und eignet sich f\u00fcr eine kleine Menge Ein\u00e4scherungsasche.\" \/>\n<meta property=\"og:url\" content=\"https:\/\/crematieasinglas.nl\/produkt\/dgu1038-design-urn-reflection\/\" \/>\n<meta property=\"og:site_name\" content=\"Winkel voor Crematie-as in glas\" \/>\n<meta property=\"og:image\" content=\"https:\/\/crematieasinglas.nl\/wp-content\/uploads\/2025\/04\/crematie-as-design-urn-glas-reflection-blauw-orchidee-1-dgu1038.jpg\" \/>\n\t<meta property=\"og:image:width\" content=\"667\" \/>\n\t<meta property=\"og:image:height\" content=\"1000\" \/>\n\t<meta property=\"og:image:type\" content=\"image\/jpeg\" \/>\n<meta name=\"twitter:card\" content=\"summary_large_image\" \/>\n<meta name=\"twitter:label1\" content=\"Gesch\u00e4tzte Lesezeit\" \/>\n\t<meta name=\"twitter:data1\" content=\"1\u00a0Minute\" \/>\n<script type=\"application\/ld+json\" class=\"yoast-schema-graph\">{\"@context\":\"https:\\\/\\\/schema.org\",\"@graph\":[{\"@type\":\"WebPage\",\"@id\":\"https:\\\/\\\/crematieasinglas.nl\\\/produkt\\\/dgu1038-design-urn-reflection\\\/\",\"url\":\"https:\\\/\\\/crematieasinglas.nl\\\/produkt\\\/dgu1038-design-urn-reflection\\\/\",\"name\":\"DGU1038 | Design Urne Reflexion - Winkel voor Crematie-as in glas\",\"isPartOf\":{\"@id\":\"https:\\\/\\\/crematieasinglas.nl\\\/#website\"},\"primaryImageOfPage\":{\"@id\":\"https:\\\/\\\/crematieasinglas.nl\\\/produkt\\\/dgu1038-design-urn-reflection\\\/#primaryimage\"},\"image\":{\"@id\":\"https:\\\/\\\/crematieasinglas.nl\\\/produkt\\\/dgu1038-design-urn-reflection\\\/#primaryimage\"},\"thumbnailUrl\":\"https:\\\/\\\/crematieasinglas.nl\\\/wp-content\\\/uploads\\\/2025\\\/04\\\/crematie-as-design-urn-glas-reflection-blauw-orchidee-1-dgu1038.jpg\",\"datePublished\":\"2025-10-22T14:52:33+00:00\",\"description\":\"Ein\u00e4scherungs-Asche-Urne aus Designglas Rerefction ist eine speziell angefertigte Urne und eignet sich f\u00fcr eine kleine Menge Ein\u00e4scherungsasche.\",\"breadcrumb\":{\"@id\":\"https:\\\/\\\/crematieasinglas.nl\\\/produkt\\\/dgu1038-design-urn-reflection\\\/#breadcrumb\"},\"inLanguage\":\"de\",\"potentialAction\":[{\"@type\":\"ReadAction\",\"target\":[\"https:\\\/\\\/crematieasinglas.nl\\\/produkt\\\/dgu1038-design-urn-reflection\\\/\"]}]},{\"@type\":\"ImageObject\",\"inLanguage\":\"de\",\"@id\":\"https:\\\/\\\/crematieasinglas.nl\\\/produkt\\\/dgu1038-design-urn-reflection\\\/#primaryimage\",\"url\":\"https:\\\/\\\/crematieasinglas.nl\\\/wp-content\\\/uploads\\\/2025\\\/04\\\/crematie-as-design-urn-glas-reflection-blauw-orchidee-1-dgu1038.jpg\",\"contentUrl\":\"https:\\\/\\\/crematieasinglas.nl\\\/wp-content\\\/uploads\\\/2025\\\/04\\\/crematie-as-design-urn-glas-reflection-blauw-orchidee-1-dgu1038.jpg\",\"width\":667,\"height\":1000},{\"@type\":\"BreadcrumbList\",\"@id\":\"https:\\\/\\\/crematieasinglas.nl\\\/produkt\\\/dgu1038-design-urn-reflection\\\/#breadcrumb\",\"itemListElement\":[{\"@type\":\"ListItem\",\"position\":1,\"name\":\"Home\",\"item\":\"https:\\\/\\\/crematieasinglas.nl\\\/\"},{\"@type\":\"ListItem\",\"position\":2,\"name\":\"Shop\",\"item\":\"https:\\\/\\\/crematieasinglas.nl\\\/de\\\/shop\\\/\"},{\"@type\":\"ListItem\",\"position\":3,\"name\":\"DGU1038 | Design Urne Reflexion\"}]},{\"@type\":\"WebSite\",\"@id\":\"https:\\\/\\\/crematieasinglas.nl\\\/#website\",\"url\":\"https:\\\/\\\/crematieasinglas.nl\\\/\",\"name\":\"Winkel voor Crematie-as in glas\",\"description\":\"Een winkel voor crematieasinglas.nl\",\"publisher\":{\"@id\":\"https:\\\/\\\/crematieasinglas.nl\\\/#organization\"},\"potentialAction\":[{\"@type\":\"SearchAction\",\"target\":{\"@type\":\"EntryPoint\",\"urlTemplate\":\"https:\\\/\\\/crematieasinglas.nl\\\/?s={search_term_string}\"},\"query-input\":{\"@type\":\"PropertyValueSpecification\",\"valueRequired\":true,\"valueName\":\"search_term_string\"}}],\"inLanguage\":\"de\"},{\"@type\":\"Organization\",\"@id\":\"https:\\\/\\\/crematieasinglas.nl\\\/#organization\",\"name\":\"Dierbaarasinglas.nl\",\"alternateName\":\"Crematieasinglas.nl\",\"url\":\"https:\\\/\\\/crematieasinglas.nl\\\/\",\"logo\":{\"@type\":\"ImageObject\",\"inLanguage\":\"de\",\"@id\":\"https:\\\/\\\/crematieasinglas.nl\\\/#\\\/schema\\\/logo\\\/image\\\/\",\"url\":\"https:\\\/\\\/crematieasinglas.nl\\\/wp-content\\\/uploads\\\/2024\\\/10\\\/logo-02-playfair-googlefont-met-hartje-02.png\",\"contentUrl\":\"https:\\\/\\\/crematieasinglas.nl\\\/wp-content\\\/uploads\\\/2024\\\/10\\\/logo-02-playfair-googlefont-met-hartje-02.png\",\"width\":582,\"height\":136,\"caption\":\"Dierbaarasinglas.nl\"},\"image\":{\"@id\":\"https:\\\/\\\/crematieasinglas.nl\\\/#\\\/schema\\\/logo\\\/image\\\/\"}}]}<\/script>\n<!-- \/ Yoast SEO Premium plugin. -->","yoast_head_json":{"title":"DGU1038 | Design Urne Reflexion - Winkel voor Crematie-as in glas","description":"Ein\u00e4scherungs-Asche-Urne aus Designglas Rerefction ist eine speziell angefertigte Urne und eignet sich f\u00fcr eine kleine Menge Ein\u00e4scherungsasche.","robots":{"index":"index","follow":"follow","max-snippet":"max-snippet:-1","max-image-preview":"max-image-preview:large","max-video-preview":"max-video-preview:-1"},"canonical":"https:\/\/crematieasinglas.nl\/produkt\/dgu1038-design-urn-reflection\/","og_locale":"de_DE","og_type":"article","og_title":"DGU1038 | Design Urne Reflexion","og_description":"Ein\u00e4scherungs-Asche-Urne aus Designglas Rerefction ist eine speziell angefertigte Urne und eignet sich f\u00fcr eine kleine Menge Ein\u00e4scherungsasche.","og_url":"https:\/\/crematieasinglas.nl\/produkt\/dgu1038-design-urn-reflection\/","og_site_name":"Winkel voor Crematie-as in glas","og_image":[{"width":667,"height":1000,"url":"https:\/\/crematieasinglas.nl\/wp-content\/uploads\/2025\/04\/crematie-as-design-urn-glas-reflection-blauw-orchidee-1-dgu1038.jpg","type":"image\/jpeg"}],"twitter_card":"summary_large_image","twitter_misc":{"Gesch\u00e4tzte Lesezeit":"1\u00a0Minute"},"schema":{"@context":"https:\/\/schema.org","@graph":[{"@type":"WebPage","@id":"https:\/\/crematieasinglas.nl\/produkt\/dgu1038-design-urn-reflection\/","url":"https:\/\/crematieasinglas.nl\/produkt\/dgu1038-design-urn-reflection\/","name":"DGU1038 | Design Urne Reflexion - Winkel voor Crematie-as in glas","isPartOf":{"@id":"https:\/\/crematieasinglas.nl\/#website"},"primaryImageOfPage":{"@id":"https:\/\/crematieasinglas.nl\/produkt\/dgu1038-design-urn-reflection\/#primaryimage"},"image":{"@id":"https:\/\/crematieasinglas.nl\/produkt\/dgu1038-design-urn-reflection\/#primaryimage"},"thumbnailUrl":"https:\/\/crematieasinglas.nl\/wp-content\/uploads\/2025\/04\/crematie-as-design-urn-glas-reflection-blauw-orchidee-1-dgu1038.jpg","datePublished":"2025-10-22T14:52:33+00:00","description":"Ein\u00e4scherungs-Asche-Urne aus Designglas Rerefction ist eine speziell angefertigte Urne und eignet sich f\u00fcr eine kleine Menge Ein\u00e4scherungsasche.","breadcrumb":{"@id":"https:\/\/crematieasinglas.nl\/produkt\/dgu1038-design-urn-reflection\/#breadcrumb"},"inLanguage":"de","potentialAction":[{"@type":"ReadAction","target":["https:\/\/crematieasinglas.nl\/produkt\/dgu1038-design-urn-reflection\/"]}]},{"@type":"ImageObject","inLanguage":"de","@id":"https:\/\/crematieasinglas.nl\/produkt\/dgu1038-design-urn-reflection\/#primaryimage","url":"https:\/\/crematieasinglas.nl\/wp-content\/uploads\/2025\/04\/crematie-as-design-urn-glas-reflection-blauw-orchidee-1-dgu1038.jpg","contentUrl":"https:\/\/crematieasinglas.nl\/wp-content\/uploads\/2025\/04\/crematie-as-design-urn-glas-reflection-blauw-orchidee-1-dgu1038.jpg","width":667,"height":1000},{"@type":"BreadcrumbList","@id":"https:\/\/crematieasinglas.nl\/produkt\/dgu1038-design-urn-reflection\/#breadcrumb","itemListElement":[{"@type":"ListItem","position":1,"name":"Home","item":"https:\/\/crematieasinglas.nl\/"},{"@type":"ListItem","position":2,"name":"Shop","item":"https:\/\/crematieasinglas.nl\/de\/shop\/"},{"@type":"ListItem","position":3,"name":"DGU1038 | Design Urne Reflexion"}]},{"@type":"WebSite","@id":"https:\/\/crematieasinglas.nl\/#website","url":"https:\/\/crematieasinglas.nl\/","name":"Winkel voor Crematie-as in glas","description":"Een winkel voor crematieasinglas.nl","publisher":{"@id":"https:\/\/crematieasinglas.nl\/#organization"},"potentialAction":[{"@type":"SearchAction","target":{"@type":"EntryPoint","urlTemplate":"https:\/\/crematieasinglas.nl\/?s={search_term_string}"},"query-input":{"@type":"PropertyValueSpecification","valueRequired":true,"valueName":"search_term_string"}}],"inLanguage":"de"},{"@type":"Organization","@id":"https:\/\/crematieasinglas.nl\/#organization","name":"Dierbaarasinglas.nl","alternateName":"Crematieasinglas.nl","url":"https:\/\/crematieasinglas.nl\/","logo":{"@type":"ImageObject","inLanguage":"de","@id":"https:\/\/crematieasinglas.nl\/#\/schema\/logo\/image\/","url":"https:\/\/crematieasinglas.nl\/wp-content\/uploads\/2024\/10\/logo-02-playfair-googlefont-met-hartje-02.png","contentUrl":"https:\/\/crematieasinglas.nl\/wp-content\/uploads\/2024\/10\/logo-02-playfair-googlefont-met-hartje-02.png","width":582,"height":136,"caption":"Dierbaarasinglas.nl"},"image":{"@id":"https:\/\/crematieasinglas.nl\/#\/schema\/logo\/image\/"}}]}},"_links":{"self":[{"href":"https:\/\/crematieasinglas.nl\/de\/wp-json\/wp\/v2\/product\/19442","targetHints":{"allow":["GET"]}}],"collection":[{"href":"https:\/\/crematieasinglas.nl\/de\/wp-json\/wp\/v2\/product"}],"about":[{"href":"https:\/\/crematieasinglas.nl\/de\/wp-json\/wp\/v2\/types\/product"}],"replies":[{"embeddable":true,"href":"https:\/\/crematieasinglas.nl\/de\/wp-json\/wp\/v2\/comments?post=19442"}],"wp:featuredmedia":[{"embeddable":true,"href":"https:\/\/crematieasinglas.nl\/de\/wp-json\/wp\/v2\/media\/17796"}],"wp:attachment":[{"href":"https:\/\/crematieasinglas.nl\/de\/wp-json\/wp\/v2\/media?parent=19442"}],"wp:term":[{"taxonomy":"product_brand","embeddable":true,"href":"https:\/\/crematieasinglas.nl\/de\/wp-json\/wp\/v2\/product_brand?post=19442"},{"taxonomy":"product_cat","embeddable":true,"href":"https:\/\/crematieasinglas.nl\/de\/wp-json\/wp\/v2\/product_cat?post=19442"},{"taxonomy":"product_tag","embeddable":true,"href":"https:\/\/crematieasinglas.nl\/de\/wp-json\/wp\/v2\/product_tag?post=19442"}],"curies":[{"name":"wp","href":"https:\/\/api.w.org\/{rel}","templated":true}]}}