{"id":19400,"date":"2025-11-06T13:02:39","date_gmt":"2025-11-06T13:02:39","guid":{"rendered":"https:\/\/ebdxvyckeo.onrocket.site\/product\/mbha5008-multi-operations-herrenarmband\/"},"modified":"2025-06-22T10:04:54","modified_gmt":"2025-06-22T10:04:54","slug":"mbha5008-multi-operations-herrenarmband","status":"publish","type":"product","link":"https:\/\/crematieasinglas.nl\/de\/produkt\/mbha5008-multi-operations-herrenarmband\/","title":{"rendered":"MBHA5008 | Multi Operations Herrenarmband"},"content":{"rendered":"<p>Code-Nummer: MBHA5008<br \/>\nKollektion: F\u00fcr ihn<br \/>\nKategorie: Herrenarmb\u00e4nder mit mehreren Operationen<\/p>\n<h3>\n<h3>Lieferfrist<\/h3>\n<h3>8 Arbeitstage, nach Erhalt der Asche<\/h3>\n<\/h3>\n<p><strong>Definition:<\/strong><br \/>\nBitte beachten Sie: Dieser Gedenkschmuck wird f\u00fcr Sie handgefertigt und kann nicht zu Hause gef\u00fcllt werden.<br \/>\nBei diesem Schmuckst\u00fcck werden Kremationsasche und Haare in 4 separaten, aufeinander abgestimmten Verfahren verarbeitet. Die Verarbeitung erfolgt in meinem Atelier mit Sorgfalt, Respekt und gr\u00f6\u00dfter Aufmerksamkeit \u2013 die Asche und Haare der Verbrennung werden getrennt und mit gr\u00f6\u00dfter Sorgfalt behandelt, so dass Sie sich voll und ganz darauf verlassen k\u00f6nnen, dass Ihre Erinnerungen in sicheren H\u00e4nden sind.<br \/>\nDie gezeigten Fotos zeigen ein Beispiel f\u00fcr das Endergebnis, aber jedes Erinnerungsschmuckst\u00fcck ist ein Unikat. Die Asche und Haare der Ein\u00e4scherung k\u00f6nnen in Farbe und Textur im Vergleich zum Mustermodell variieren, um ein vollst\u00e4ndig personalisiertes Ergebnis zu gew\u00e4hrleisten.<br \/>\nNach der Bestellung erhalten Sie klare Versandanweisungen per E-Mail. Nach Erhalt der Asche und Haare der Ein\u00e4scherung wird Ihr Schmuck nach 8 Werktagen sorgf\u00e4ltig per Paketpost oder Briefkasten von DHL zur\u00fcckgesandt. Die restliche Asche und Haare werden ordentlich gepflegt und separat verpackt mit der Sendung zur\u00fcckgeschickt.    <\/p>\n<p><strong>Information:<\/strong><br \/>\nH\u00f6he: 2 cm<br \/>\nBreite: Sonderanfertigung<br \/>\nTiefe:<br \/>\nFarbe: anthrazit\/silber<br \/>\nInhalt: Kein Inhalt \u2013 Verarbeitung von Ein\u00e4scherung, Asche\/Haarlocke<br \/>\nLagerbestand: 2 Lagerartikel<\/p>\n<p><strong>Lieferung:<\/strong><br \/>\nNachdem Sie das ausgew\u00e4hlte Herrenarmband mit 4 Doppelbearbeitungen bestellt haben, melde ich mich per E-Mail bei Ihnen bei Fragen zur Gr\u00f6\u00dfe Ihres Handgelenks. Ich gebe Ihnen einfache Tipps, um eine korrekte Messung weitergeben zu k\u00f6nnen.   <\/p>\n<p>Nach Erhalt dieser Informationen sende ich Ihnen ein kostenloses digitales Versandetikett (nur f\u00fcr niederl\u00e4ndische Adressen m\u00f6glich), mit dem Sie die Kremationsasche und\/oder die Haare an mich senden k\u00f6nnen (etwa eine Menge von 2 Teel\u00f6ffeln pro Kremationsasche und f\u00fcr eine Haarlocke ist eine L\u00e4nge von 5 cm mit einer Bleistiftst\u00e4rke ausreichend). F\u00fcr Kunden au\u00dferhalb der Niederlande ist es mir nicht m\u00f6glich, diese Marke zu beantragen. Eine ausl\u00e4ndische Versandmarke f\u00fcr den Versand der Kremationsasche an mich kann daher nicht erstattet werden.   <\/p>\n<p>Ich m\u00f6chte Ihnen Tipps geben, wie Sie die Kremationsasche\/Haarlocke am besten zu mir schicken (auch aus dem Ausland). Das niederl\u00e4ndische Versandetikett ist ein Etikett f\u00fcr ein Briefkastenpaket von DHL, das direkt bei mir ankommt, und Sie k\u00f6nnen es verfolgen. Sie k\u00f6nnen das Briefkastenpaket mit der Ein\u00e4scherungsasche innerhalb von 5 Tagen kostenlos bei einer DHL-Abgabestelle abgeben. In dieser E-Mail erkl\u00e4re ich Ihnen auch, welche Ma\u00dfe das Briefkastenpaket haben muss und welche Abgabestelle Ihnen am n\u00e4chsten liegt.     <\/p>\n<p>Ein sicherer und nachverfolgbarer Transport war bisher immer garantiert, aber wir k\u00f6nnen keine Verantwortung \u00fcbernehmen, wenn dies unerwartet mit dem Spediteur schief geht. Selbstverst\u00e4ndlich ist es auch m\u00f6glich, die Ein\u00e4scherungsasche nach Terminabsprache in unseren Showroom am Hoogakker 2E in Hapert zu liefern. Einen Termin daf\u00fcr k\u00f6nnen Sie auf unserer Website crematieasinglas.nl vereinbaren. Nach Erhalt der Ein\u00e4scherungsasche\/Haarlocke werde ich mit gro\u00dfer Sorgfalt an Ihrem Gedenkschmuck arbeiten.  <\/p>\n<p> <a href=\"https:\/\/crematieasinglas.nl\">Website crematieasinglas.nl<\/a><\/p>\n<p>:<\/p>\n","protected":false},"excerpt":{"rendered":"<p>Mehrfach verarbeitete Herrenarmb\u00e4nder<\/p>\n","protected":false},"featured_media":19401,"comment_status":"closed","ping_status":"open","template":"","meta":[],"product_brand":[],"product_cat":[526,527],"product_tag":[],"class_list":{"0":"post-19400","1":"product","2":"type-product","3":"status-publish","4":"has-post-thumbnail","6":"product_cat-fur-ihn","7":"product_cat-mehrfach-verarbeitete-herrenarmbander","8":"pa_inhoud-kein-inhalt-verarbeitung-von-einaescherungsasche-haarlocke","9":"pa_kleur-anthrazit-silber","10":"pa_leveringsvoorwaarden-nachdem-sie-das-ausgewahlte-herrenarmband-mit-4-doppelbearbeitungen-bestellt-haben-melde-ich-mich-per-e-mail-bei-ihnen-bei-fragen-zur-grose-ihres-handgelenks-ich-werde-dir-leichtes-ding-machen","12":"first","13":"instock","14":"purchasable","15":"product-type-simple"},"yoast_head":"<!-- This site is optimized with the Yoast SEO Premium plugin v27.5 (Yoast SEO v27.5) - https:\/\/yoast.com\/product\/yoast-seo-premium-wordpress\/ -->\n<title>MBHA5008 | Multi Operations Herrenarmband - Winkel voor Crematie-as in glas<\/title>\n<meta name=\"robots\" content=\"index, follow, max-snippet:-1, max-image-preview:large, max-video-preview:-1\" \/>\n<link rel=\"canonical\" href=\"https:\/\/crematieasinglas.nl\/produkt\/mbha5008-meerdere-bewerkingen-heren-armband\/\" \/>\n<meta property=\"og:locale\" content=\"de_DE\" \/>\n<meta property=\"og:type\" content=\"article\" \/>\n<meta property=\"og:title\" content=\"MBHA5008 | Multi Operations Herrenarmband\" \/>\n<meta property=\"og:description\" content=\"Mehrfach verarbeitete Herrenarmb\u00e4nder\" \/>\n<meta property=\"og:url\" content=\"https:\/\/crematieasinglas.nl\/produkt\/mbha5008-meerdere-bewerkingen-heren-armband\/\" \/>\n<meta property=\"og:site_name\" content=\"Winkel voor Crematie-as in glas\" \/>\n<meta property=\"og:image\" content=\"https:\/\/crematieasinglas.nl\/wp-content\/uploads\/2025\/06\/crematie-as-heren-4-dubbele-verwerking-sieraad-armband-as-haartjes-sailrope-antraciet-1-mbha5008.jpg\" \/>\n\t<meta property=\"og:image:width\" content=\"1000\" \/>\n\t<meta property=\"og:image:height\" content=\"666\" \/>\n\t<meta property=\"og:image:type\" content=\"image\/jpeg\" \/>\n<meta name=\"twitter:card\" content=\"summary_large_image\" \/>\n<meta name=\"twitter:label1\" content=\"Gesch\u00e4tzte Lesezeit\" \/>\n\t<meta name=\"twitter:data1\" content=\"3\u00a0Minuten\" \/>\n<script type=\"application\/ld+json\" class=\"yoast-schema-graph\">{\"@context\":\"https:\\\/\\\/schema.org\",\"@graph\":[{\"@type\":\"WebPage\",\"@id\":\"https:\\\/\\\/crematieasinglas.nl\\\/produkt\\\/mbha5008-meerdere-bewerkingen-heren-armband\\\/\",\"url\":\"https:\\\/\\\/crematieasinglas.nl\\\/produkt\\\/mbha5008-meerdere-bewerkingen-heren-armband\\\/\",\"name\":\"MBHA5008 | Multi Operations Herrenarmband - Winkel voor Crematie-as in glas\",\"isPartOf\":{\"@id\":\"https:\\\/\\\/crematieasinglas.nl\\\/#website\"},\"primaryImageOfPage\":{\"@id\":\"https:\\\/\\\/crematieasinglas.nl\\\/produkt\\\/mbha5008-meerdere-bewerkingen-heren-armband\\\/#primaryimage\"},\"image\":{\"@id\":\"https:\\\/\\\/crematieasinglas.nl\\\/produkt\\\/mbha5008-meerdere-bewerkingen-heren-armband\\\/#primaryimage\"},\"thumbnailUrl\":\"https:\\\/\\\/crematieasinglas.nl\\\/wp-content\\\/uploads\\\/2025\\\/06\\\/crematie-as-heren-4-dubbele-verwerking-sieraad-armband-as-haartjes-sailrope-antraciet-1-mbha5008.jpg\",\"datePublished\":\"2025-11-06T13:02:39+00:00\",\"breadcrumb\":{\"@id\":\"https:\\\/\\\/crematieasinglas.nl\\\/produkt\\\/mbha5008-meerdere-bewerkingen-heren-armband\\\/#breadcrumb\"},\"inLanguage\":\"de\",\"potentialAction\":[{\"@type\":\"ReadAction\",\"target\":[\"https:\\\/\\\/crematieasinglas.nl\\\/produkt\\\/mbha5008-meerdere-bewerkingen-heren-armband\\\/\"]}]},{\"@type\":\"ImageObject\",\"inLanguage\":\"de\",\"@id\":\"https:\\\/\\\/crematieasinglas.nl\\\/produkt\\\/mbha5008-meerdere-bewerkingen-heren-armband\\\/#primaryimage\",\"url\":\"https:\\\/\\\/crematieasinglas.nl\\\/wp-content\\\/uploads\\\/2025\\\/06\\\/crematie-as-heren-4-dubbele-verwerking-sieraad-armband-as-haartjes-sailrope-antraciet-1-mbha5008.jpg\",\"contentUrl\":\"https:\\\/\\\/crematieasinglas.nl\\\/wp-content\\\/uploads\\\/2025\\\/06\\\/crematie-as-heren-4-dubbele-verwerking-sieraad-armband-as-haartjes-sailrope-antraciet-1-mbha5008.jpg\",\"width\":1000,\"height\":666},{\"@type\":\"BreadcrumbList\",\"@id\":\"https:\\\/\\\/crematieasinglas.nl\\\/produkt\\\/mbha5008-meerdere-bewerkingen-heren-armband\\\/#breadcrumb\",\"itemListElement\":[{\"@type\":\"ListItem\",\"position\":1,\"name\":\"Home\",\"item\":\"https:\\\/\\\/crematieasinglas.nl\\\/\"},{\"@type\":\"ListItem\",\"position\":2,\"name\":\"Shop\",\"item\":\"https:\\\/\\\/crematieasinglas.nl\\\/de\\\/shop\\\/\"},{\"@type\":\"ListItem\",\"position\":3,\"name\":\"MBHA5008 | Multi Operations Herrenarmband\"}]},{\"@type\":\"WebSite\",\"@id\":\"https:\\\/\\\/crematieasinglas.nl\\\/#website\",\"url\":\"https:\\\/\\\/crematieasinglas.nl\\\/\",\"name\":\"Winkel voor Crematie-as in glas\",\"description\":\"Een winkel voor crematieasinglas.nl\",\"publisher\":{\"@id\":\"https:\\\/\\\/crematieasinglas.nl\\\/#organization\"},\"potentialAction\":[{\"@type\":\"SearchAction\",\"target\":{\"@type\":\"EntryPoint\",\"urlTemplate\":\"https:\\\/\\\/crematieasinglas.nl\\\/?s={search_term_string}\"},\"query-input\":{\"@type\":\"PropertyValueSpecification\",\"valueRequired\":true,\"valueName\":\"search_term_string\"}}],\"inLanguage\":\"de\"},{\"@type\":\"Organization\",\"@id\":\"https:\\\/\\\/crematieasinglas.nl\\\/#organization\",\"name\":\"Dierbaarasinglas.nl\",\"alternateName\":\"Crematieasinglas.nl\",\"url\":\"https:\\\/\\\/crematieasinglas.nl\\\/\",\"logo\":{\"@type\":\"ImageObject\",\"inLanguage\":\"de\",\"@id\":\"https:\\\/\\\/crematieasinglas.nl\\\/#\\\/schema\\\/logo\\\/image\\\/\",\"url\":\"https:\\\/\\\/crematieasinglas.nl\\\/wp-content\\\/uploads\\\/2024\\\/10\\\/logo-02-playfair-googlefont-met-hartje-02.png\",\"contentUrl\":\"https:\\\/\\\/crematieasinglas.nl\\\/wp-content\\\/uploads\\\/2024\\\/10\\\/logo-02-playfair-googlefont-met-hartje-02.png\",\"width\":582,\"height\":136,\"caption\":\"Dierbaarasinglas.nl\"},\"image\":{\"@id\":\"https:\\\/\\\/crematieasinglas.nl\\\/#\\\/schema\\\/logo\\\/image\\\/\"}}]}<\/script>\n<!-- \/ Yoast SEO Premium plugin. -->","yoast_head_json":{"title":"MBHA5008 | Multi Operations Herrenarmband - Winkel voor Crematie-as in glas","robots":{"index":"index","follow":"follow","max-snippet":"max-snippet:-1","max-image-preview":"max-image-preview:large","max-video-preview":"max-video-preview:-1"},"canonical":"https:\/\/crematieasinglas.nl\/produkt\/mbha5008-meerdere-bewerkingen-heren-armband\/","og_locale":"de_DE","og_type":"article","og_title":"MBHA5008 | Multi Operations Herrenarmband","og_description":"Mehrfach verarbeitete Herrenarmb\u00e4nder","og_url":"https:\/\/crematieasinglas.nl\/produkt\/mbha5008-meerdere-bewerkingen-heren-armband\/","og_site_name":"Winkel voor Crematie-as in glas","og_image":[{"width":1000,"height":666,"url":"https:\/\/crematieasinglas.nl\/wp-content\/uploads\/2025\/06\/crematie-as-heren-4-dubbele-verwerking-sieraad-armband-as-haartjes-sailrope-antraciet-1-mbha5008.jpg","type":"image\/jpeg"}],"twitter_card":"summary_large_image","twitter_misc":{"Gesch\u00e4tzte Lesezeit":"3\u00a0Minuten"},"schema":{"@context":"https:\/\/schema.org","@graph":[{"@type":"WebPage","@id":"https:\/\/crematieasinglas.nl\/produkt\/mbha5008-meerdere-bewerkingen-heren-armband\/","url":"https:\/\/crematieasinglas.nl\/produkt\/mbha5008-meerdere-bewerkingen-heren-armband\/","name":"MBHA5008 | Multi Operations Herrenarmband - Winkel voor Crematie-as in glas","isPartOf":{"@id":"https:\/\/crematieasinglas.nl\/#website"},"primaryImageOfPage":{"@id":"https:\/\/crematieasinglas.nl\/produkt\/mbha5008-meerdere-bewerkingen-heren-armband\/#primaryimage"},"image":{"@id":"https:\/\/crematieasinglas.nl\/produkt\/mbha5008-meerdere-bewerkingen-heren-armband\/#primaryimage"},"thumbnailUrl":"https:\/\/crematieasinglas.nl\/wp-content\/uploads\/2025\/06\/crematie-as-heren-4-dubbele-verwerking-sieraad-armband-as-haartjes-sailrope-antraciet-1-mbha5008.jpg","datePublished":"2025-11-06T13:02:39+00:00","breadcrumb":{"@id":"https:\/\/crematieasinglas.nl\/produkt\/mbha5008-meerdere-bewerkingen-heren-armband\/#breadcrumb"},"inLanguage":"de","potentialAction":[{"@type":"ReadAction","target":["https:\/\/crematieasinglas.nl\/produkt\/mbha5008-meerdere-bewerkingen-heren-armband\/"]}]},{"@type":"ImageObject","inLanguage":"de","@id":"https:\/\/crematieasinglas.nl\/produkt\/mbha5008-meerdere-bewerkingen-heren-armband\/#primaryimage","url":"https:\/\/crematieasinglas.nl\/wp-content\/uploads\/2025\/06\/crematie-as-heren-4-dubbele-verwerking-sieraad-armband-as-haartjes-sailrope-antraciet-1-mbha5008.jpg","contentUrl":"https:\/\/crematieasinglas.nl\/wp-content\/uploads\/2025\/06\/crematie-as-heren-4-dubbele-verwerking-sieraad-armband-as-haartjes-sailrope-antraciet-1-mbha5008.jpg","width":1000,"height":666},{"@type":"BreadcrumbList","@id":"https:\/\/crematieasinglas.nl\/produkt\/mbha5008-meerdere-bewerkingen-heren-armband\/#breadcrumb","itemListElement":[{"@type":"ListItem","position":1,"name":"Home","item":"https:\/\/crematieasinglas.nl\/"},{"@type":"ListItem","position":2,"name":"Shop","item":"https:\/\/crematieasinglas.nl\/de\/shop\/"},{"@type":"ListItem","position":3,"name":"MBHA5008 | Multi Operations Herrenarmband"}]},{"@type":"WebSite","@id":"https:\/\/crematieasinglas.nl\/#website","url":"https:\/\/crematieasinglas.nl\/","name":"Winkel voor Crematie-as in glas","description":"Een winkel voor crematieasinglas.nl","publisher":{"@id":"https:\/\/crematieasinglas.nl\/#organization"},"potentialAction":[{"@type":"SearchAction","target":{"@type":"EntryPoint","urlTemplate":"https:\/\/crematieasinglas.nl\/?s={search_term_string}"},"query-input":{"@type":"PropertyValueSpecification","valueRequired":true,"valueName":"search_term_string"}}],"inLanguage":"de"},{"@type":"Organization","@id":"https:\/\/crematieasinglas.nl\/#organization","name":"Dierbaarasinglas.nl","alternateName":"Crematieasinglas.nl","url":"https:\/\/crematieasinglas.nl\/","logo":{"@type":"ImageObject","inLanguage":"de","@id":"https:\/\/crematieasinglas.nl\/#\/schema\/logo\/image\/","url":"https:\/\/crematieasinglas.nl\/wp-content\/uploads\/2024\/10\/logo-02-playfair-googlefont-met-hartje-02.png","contentUrl":"https:\/\/crematieasinglas.nl\/wp-content\/uploads\/2024\/10\/logo-02-playfair-googlefont-met-hartje-02.png","width":582,"height":136,"caption":"Dierbaarasinglas.nl"},"image":{"@id":"https:\/\/crematieasinglas.nl\/#\/schema\/logo\/image\/"}}]}},"_links":{"self":[{"href":"https:\/\/crematieasinglas.nl\/de\/wp-json\/wp\/v2\/product\/19400","targetHints":{"allow":["GET"]}}],"collection":[{"href":"https:\/\/crematieasinglas.nl\/de\/wp-json\/wp\/v2\/product"}],"about":[{"href":"https:\/\/crematieasinglas.nl\/de\/wp-json\/wp\/v2\/types\/product"}],"replies":[{"embeddable":true,"href":"https:\/\/crematieasinglas.nl\/de\/wp-json\/wp\/v2\/comments?post=19400"}],"wp:featuredmedia":[{"embeddable":true,"href":"https:\/\/crematieasinglas.nl\/de\/wp-json\/wp\/v2\/media\/19401"}],"wp:attachment":[{"href":"https:\/\/crematieasinglas.nl\/de\/wp-json\/wp\/v2\/media?parent=19400"}],"wp:term":[{"taxonomy":"product_brand","embeddable":true,"href":"https:\/\/crematieasinglas.nl\/de\/wp-json\/wp\/v2\/product_brand?post=19400"},{"taxonomy":"product_cat","embeddable":true,"href":"https:\/\/crematieasinglas.nl\/de\/wp-json\/wp\/v2\/product_cat?post=19400"},{"taxonomy":"product_tag","embeddable":true,"href":"https:\/\/crematieasinglas.nl\/de\/wp-json\/wp\/v2\/product_tag?post=19400"}],"curies":[{"name":"wp","href":"https:\/\/api.w.org\/{rel}","templated":true}]}}