{"id":19345,"date":"2025-06-22T11:30:42","date_gmt":"2025-06-22T11:30:42","guid":{"rendered":"https:\/\/ebdxvyckeo.onrocket.site\/product\/dsa3021-gedenken-an-damenarmband-mit-einaescherungsasche\/"},"modified":"2025-06-22T11:30:42","modified_gmt":"2025-06-22T11:30:42","slug":"dsa3021-gedenken-an-damenarmband-mit-einaescherungsasche","status":"publish","type":"product","link":"https:\/\/crematieasinglas.nl\/de\/produkt\/dsa3021-gedenken-an-damenarmband-mit-einaescherungsasche\/","title":{"rendered":"DSA3021 | Gedenken an Damenarmband mit Ein\u00e4scherungsasche"},"content":{"rendered":"<p>Code-Nummer: DSA3021<br \/>\nKollektion: F\u00fcr Sie<br \/>\nKategorie: Memorial Damenarmb\u00e4nder<\/p>\n<p><strong><\/p>\n<h3>Lieferfrist<\/h3>\n<h3>Maximal 8 Werktage nach Erhalt der Asche oder Haare<\/h3>\n<p><\/strong><\/p>\n<h3>Spezifische Beschreibung:<\/h3>\n<p>Bei diesem Schmuckst\u00fcck sind die Haare sichtbar und die Struktur der Haare kann durch die Verwendung einer Glasoberfl\u00e4che deutlich erkannt werden. Der goldene Armreif aus Edelstahl wird individuell f\u00fcr Sie ausgew\u00e4hlt und verf\u00fcgt \u00fcber einen sicheren Hakenverschluss. Aufgrund der ovalen Form des Armbands dreht sich der Schmuck nicht und der Schmuck wird immer oben am Handgelenk getragen.  <\/p>\n<h3>Definition:<\/h3>\n<h2>Ein Memorial Damenarmband mit Ein\u00e4scherung, Asche oder Haaren ist f\u00fcr sie ein Ascheschmuckst\u00fcck als kostbare Erinnerung<\/h2>\n<p>Dieses <strong>Memorial-Damenarmband ist ein Schmuckst\u00fcck aus Feuerbestattungsasche f\u00fcr sie und aus Glas<\/strong> ist eine sch\u00f6ne und pers\u00f6nliche M\u00f6glichkeit, einen geliebten Menschen in der N\u00e4he zu halten.<br \/>Dieser subtile Ascheschmuck f\u00fcr Sie verbindet Sch\u00f6nheit mit emotionalem Wert und wurde speziell f\u00fcr Damen entwickelt, die eine greifbare Erinnerung tragen m\u00f6chten. Die Haare sind mit klarem Harz in einer Oberseite aus goldenem Edelstahl behandelt. <\/p>\n<h3>Information:<\/h3>\n<p>H\u00f6he: 1,5 cm<br \/>\nBreite: Sonderanfertigung<br \/>\nTiefe:<br \/>\nFarbe: gold<br \/>\nInhalt: n\/a<br \/>\nLagerbestand: 1 Lagerartikel<\/p>\n<h3>Lieferung:<\/h3>\n<p>Nachdem <strong>ich Ihre Bestellung aufgegeben habe<\/strong>, melde ich mich per E-Mail bei Ihnen, um Ihnen ein kostenloses digitales Versandetikett und eine Informationsmail zuzusenden, mit der Sie mir ein kleines Haarb\u00fcschel (ca. eine Bleistiftst\u00e4rke von 5 cm) zusenden k\u00f6nnen.  <\/p>\n<p>F\u00fcr Kunden au\u00dferhalb der Niederlande ist es mir nicht m\u00f6glich, dieses digitale Versandetikett anzufordern.  <br \/>Eine ausl\u00e4ndische Versandmarke, um die Haare an mich zu senden, kann daher nicht von mir erstattet werden. Ich m\u00f6chte dir aber Tipps geben, wie du mir die Haare auch aus dem Ausland schicken kannst.<br \/>\n<strong>Der kostenlose Versand<\/strong> des bestellten Erinnerungsartikels an Sie gilt f\u00fcr alle. Das Versandetikett f\u00fcr die Haare ist ein Etikett f\u00fcr ein <strong>Briefkastenpaket<\/strong> von DHL, das direkt bei mir ankommt, und du kannst es per Sendungsverfolgung verfolgen.<br \/>Sie k\u00f6nnen das Briefkastenpaket mit den Haaren innerhalb von 5 Werktagen kostenlos an einer DHL-Abgabestelle zur\u00fccksenden.<br \/>\nIn der Infomail werde ich auch erkl\u00e4ren, welche Ma\u00dfe das Briefkastenpaket erf\u00fcllen muss und welche n\u00e4chstgelegene Abgabestelle Sie in der Umgebung haben.  <\/br><br \/>\n<br \/>Ein <strong>sicherer und nachverfolgbarer Transport<\/strong> war bisher immer garantiert, aber wir k\u00f6nnen keine Verantwortung \u00fcbernehmen, wenn dies unerwartet mit dem Spediteur schief geht.<\/br><br \/>  Wenn Sie die Haare mitbringen m\u00f6chten, ist dies auch m\u00f6glich, Sie k\u00f6nnen hierf\u00fcr einen <strong>Termin<\/strong> vereinbaren unter den M\u00f6glichkeiten, die in unserer Online-Agenda auf unserer Website offen stehen <a href=\"https:\/\/crematieasinglas.nl\">crematieasinglas.nl<\/a><\/p>\n<p>:<\/p>\n","protected":false},"excerpt":{"rendered":"<p>Ein Erinnerungsarmband f\u00fcr Frauen mit Haaren ist eine stilvolle M\u00f6glichkeit, einen geliebten Menschen in Ihrer N\u00e4he zu tragen. Mit einem personalisierten Design, das wertvolle Erinnerungen wachruft. <\/p>\n","protected":false},"featured_media":15162,"comment_status":"closed","ping_status":"closed","template":"","meta":[],"product_brand":[],"product_cat":[759,773],"product_tag":[],"class_list":{"0":"post-19345","1":"product","2":"type-product","3":"status-publish","4":"has-post-thumbnail","6":"product_cat-fur-sie","7":"product_cat-merken-damenarmbander-dsa-3000","8":"pa_inhoud-n-a-de","9":"pa_kleur-gold-de","11":"first","12":"instock","13":"purchasable","14":"product-type-simple"},"yoast_head":"<!-- This site is optimized with the Yoast SEO Premium plugin v27.5 (Yoast SEO v27.5) - https:\/\/yoast.com\/product\/yoast-seo-premium-wordpress\/ -->\n<title>Memorial Damen Armband mit Ein\u00e4scherung, Asche oder Haaren<\/title>\n<meta name=\"robots\" content=\"index, follow, max-snippet:-1, max-image-preview:large, max-video-preview:-1\" \/>\n<link rel=\"canonical\" href=\"https:\/\/crematieasinglas.nl\/de\/produkt\/dsa3021-gedenken-an-damenarmband-mit-einaescherungsasche\/\" \/>\n<meta property=\"og:locale\" content=\"de_DE\" \/>\n<meta property=\"og:type\" content=\"article\" \/>\n<meta property=\"og:title\" content=\"DSA3021 | Gedenken an Damenarmband mit Ein\u00e4scherungsasche\" \/>\n<meta property=\"og:description\" content=\"Ein Erinnerungsarmband f\u00fcr Frauen mit Haaren ist eine stilvolle M\u00f6glichkeit, einen geliebten Menschen in Ihrer N\u00e4he zu tragen. Mit einem personalisierten Design, das wertvolle Erinnerungen wachruft.\" \/>\n<meta property=\"og:url\" content=\"https:\/\/crematieasinglas.nl\/de\/produkt\/dsa3021-gedenken-an-damenarmband-mit-einaescherungsasche\/\" \/>\n<meta property=\"og:site_name\" content=\"Winkel voor Crematie-as in glas\" \/>\n<meta property=\"og:image\" content=\"https:\/\/crematieasinglas.nl\/wp-content\/uploads\/2025\/01\/crematie-as-dames-armband-bangle-goud-haar-verwerking-1-dsa3021.jpg\" \/>\n\t<meta property=\"og:image:width\" content=\"1000\" \/>\n\t<meta property=\"og:image:height\" content=\"667\" \/>\n\t<meta property=\"og:image:type\" content=\"image\/jpeg\" \/>\n<meta name=\"twitter:card\" content=\"summary_large_image\" \/>\n<meta name=\"twitter:label1\" content=\"Gesch\u00e4tzte Lesezeit\" \/>\n\t<meta name=\"twitter:data1\" content=\"2\u00a0Minuten\" \/>\n<script type=\"application\/ld+json\" class=\"yoast-schema-graph\">{\"@context\":\"https:\\\/\\\/schema.org\",\"@graph\":[{\"@type\":\"WebPage\",\"@id\":\"https:\\\/\\\/crematieasinglas.nl\\\/de\\\/produkt\\\/dsa3021-gedenken-an-damenarmband-mit-einaescherungsasche\\\/\",\"url\":\"https:\\\/\\\/crematieasinglas.nl\\\/de\\\/produkt\\\/dsa3021-gedenken-an-damenarmband-mit-einaescherungsasche\\\/\",\"name\":\"Memorial Damen Armband mit Ein\u00e4scherung, Asche oder Haaren\",\"isPartOf\":{\"@id\":\"https:\\\/\\\/crematieasinglas.nl\\\/#website\"},\"primaryImageOfPage\":{\"@id\":\"https:\\\/\\\/crematieasinglas.nl\\\/de\\\/produkt\\\/dsa3021-gedenken-an-damenarmband-mit-einaescherungsasche\\\/#primaryimage\"},\"image\":{\"@id\":\"https:\\\/\\\/crematieasinglas.nl\\\/de\\\/produkt\\\/dsa3021-gedenken-an-damenarmband-mit-einaescherungsasche\\\/#primaryimage\"},\"thumbnailUrl\":\"https:\\\/\\\/crematieasinglas.nl\\\/wp-content\\\/uploads\\\/2025\\\/01\\\/crematie-as-dames-armband-bangle-goud-haar-verwerking-1-dsa3021.jpg\",\"datePublished\":\"2025-06-22T11:30:42+00:00\",\"breadcrumb\":{\"@id\":\"https:\\\/\\\/crematieasinglas.nl\\\/de\\\/produkt\\\/dsa3021-gedenken-an-damenarmband-mit-einaescherungsasche\\\/#breadcrumb\"},\"inLanguage\":\"de\",\"potentialAction\":[{\"@type\":\"ReadAction\",\"target\":[\"https:\\\/\\\/crematieasinglas.nl\\\/de\\\/produkt\\\/dsa3021-gedenken-an-damenarmband-mit-einaescherungsasche\\\/\"]}]},{\"@type\":\"ImageObject\",\"inLanguage\":\"de\",\"@id\":\"https:\\\/\\\/crematieasinglas.nl\\\/de\\\/produkt\\\/dsa3021-gedenken-an-damenarmband-mit-einaescherungsasche\\\/#primaryimage\",\"url\":\"https:\\\/\\\/crematieasinglas.nl\\\/wp-content\\\/uploads\\\/2025\\\/01\\\/crematie-as-dames-armband-bangle-goud-haar-verwerking-1-dsa3021.jpg\",\"contentUrl\":\"https:\\\/\\\/crematieasinglas.nl\\\/wp-content\\\/uploads\\\/2025\\\/01\\\/crematie-as-dames-armband-bangle-goud-haar-verwerking-1-dsa3021.jpg\",\"width\":1000,\"height\":667},{\"@type\":\"BreadcrumbList\",\"@id\":\"https:\\\/\\\/crematieasinglas.nl\\\/de\\\/produkt\\\/dsa3021-gedenken-an-damenarmband-mit-einaescherungsasche\\\/#breadcrumb\",\"itemListElement\":[{\"@type\":\"ListItem\",\"position\":1,\"name\":\"Home\",\"item\":\"https:\\\/\\\/crematieasinglas.nl\\\/\"},{\"@type\":\"ListItem\",\"position\":2,\"name\":\"Shop\",\"item\":\"https:\\\/\\\/crematieasinglas.nl\\\/de\\\/shop\\\/\"},{\"@type\":\"ListItem\",\"position\":3,\"name\":\"DSA3021 | Gedenken an Damenarmband mit Ein\u00e4scherungsasche\"}]},{\"@type\":\"WebSite\",\"@id\":\"https:\\\/\\\/crematieasinglas.nl\\\/#website\",\"url\":\"https:\\\/\\\/crematieasinglas.nl\\\/\",\"name\":\"Winkel voor Crematie-as in glas\",\"description\":\"Een winkel voor crematieasinglas.nl\",\"publisher\":{\"@id\":\"https:\\\/\\\/crematieasinglas.nl\\\/#organization\"},\"potentialAction\":[{\"@type\":\"SearchAction\",\"target\":{\"@type\":\"EntryPoint\",\"urlTemplate\":\"https:\\\/\\\/crematieasinglas.nl\\\/?s={search_term_string}\"},\"query-input\":{\"@type\":\"PropertyValueSpecification\",\"valueRequired\":true,\"valueName\":\"search_term_string\"}}],\"inLanguage\":\"de\"},{\"@type\":\"Organization\",\"@id\":\"https:\\\/\\\/crematieasinglas.nl\\\/#organization\",\"name\":\"Dierbaarasinglas.nl\",\"alternateName\":\"Crematieasinglas.nl\",\"url\":\"https:\\\/\\\/crematieasinglas.nl\\\/\",\"logo\":{\"@type\":\"ImageObject\",\"inLanguage\":\"de\",\"@id\":\"https:\\\/\\\/crematieasinglas.nl\\\/#\\\/schema\\\/logo\\\/image\\\/\",\"url\":\"https:\\\/\\\/crematieasinglas.nl\\\/wp-content\\\/uploads\\\/2024\\\/10\\\/logo-02-playfair-googlefont-met-hartje-02.png\",\"contentUrl\":\"https:\\\/\\\/crematieasinglas.nl\\\/wp-content\\\/uploads\\\/2024\\\/10\\\/logo-02-playfair-googlefont-met-hartje-02.png\",\"width\":582,\"height\":136,\"caption\":\"Dierbaarasinglas.nl\"},\"image\":{\"@id\":\"https:\\\/\\\/crematieasinglas.nl\\\/#\\\/schema\\\/logo\\\/image\\\/\"}}]}<\/script>\n<!-- \/ Yoast SEO Premium plugin. -->","yoast_head_json":{"title":"Memorial Damen Armband mit Ein\u00e4scherung, Asche oder Haaren","robots":{"index":"index","follow":"follow","max-snippet":"max-snippet:-1","max-image-preview":"max-image-preview:large","max-video-preview":"max-video-preview:-1"},"canonical":"https:\/\/crematieasinglas.nl\/de\/produkt\/dsa3021-gedenken-an-damenarmband-mit-einaescherungsasche\/","og_locale":"de_DE","og_type":"article","og_title":"DSA3021 | Gedenken an Damenarmband mit Ein\u00e4scherungsasche","og_description":"Ein Erinnerungsarmband f\u00fcr Frauen mit Haaren ist eine stilvolle M\u00f6glichkeit, einen geliebten Menschen in Ihrer N\u00e4he zu tragen. Mit einem personalisierten Design, das wertvolle Erinnerungen wachruft.","og_url":"https:\/\/crematieasinglas.nl\/de\/produkt\/dsa3021-gedenken-an-damenarmband-mit-einaescherungsasche\/","og_site_name":"Winkel voor Crematie-as in glas","og_image":[{"width":1000,"height":667,"url":"https:\/\/crematieasinglas.nl\/wp-content\/uploads\/2025\/01\/crematie-as-dames-armband-bangle-goud-haar-verwerking-1-dsa3021.jpg","type":"image\/jpeg"}],"twitter_card":"summary_large_image","twitter_misc":{"Gesch\u00e4tzte Lesezeit":"2\u00a0Minuten"},"schema":{"@context":"https:\/\/schema.org","@graph":[{"@type":"WebPage","@id":"https:\/\/crematieasinglas.nl\/de\/produkt\/dsa3021-gedenken-an-damenarmband-mit-einaescherungsasche\/","url":"https:\/\/crematieasinglas.nl\/de\/produkt\/dsa3021-gedenken-an-damenarmband-mit-einaescherungsasche\/","name":"Memorial Damen Armband mit Ein\u00e4scherung, Asche oder Haaren","isPartOf":{"@id":"https:\/\/crematieasinglas.nl\/#website"},"primaryImageOfPage":{"@id":"https:\/\/crematieasinglas.nl\/de\/produkt\/dsa3021-gedenken-an-damenarmband-mit-einaescherungsasche\/#primaryimage"},"image":{"@id":"https:\/\/crematieasinglas.nl\/de\/produkt\/dsa3021-gedenken-an-damenarmband-mit-einaescherungsasche\/#primaryimage"},"thumbnailUrl":"https:\/\/crematieasinglas.nl\/wp-content\/uploads\/2025\/01\/crematie-as-dames-armband-bangle-goud-haar-verwerking-1-dsa3021.jpg","datePublished":"2025-06-22T11:30:42+00:00","breadcrumb":{"@id":"https:\/\/crematieasinglas.nl\/de\/produkt\/dsa3021-gedenken-an-damenarmband-mit-einaescherungsasche\/#breadcrumb"},"inLanguage":"de","potentialAction":[{"@type":"ReadAction","target":["https:\/\/crematieasinglas.nl\/de\/produkt\/dsa3021-gedenken-an-damenarmband-mit-einaescherungsasche\/"]}]},{"@type":"ImageObject","inLanguage":"de","@id":"https:\/\/crematieasinglas.nl\/de\/produkt\/dsa3021-gedenken-an-damenarmband-mit-einaescherungsasche\/#primaryimage","url":"https:\/\/crematieasinglas.nl\/wp-content\/uploads\/2025\/01\/crematie-as-dames-armband-bangle-goud-haar-verwerking-1-dsa3021.jpg","contentUrl":"https:\/\/crematieasinglas.nl\/wp-content\/uploads\/2025\/01\/crematie-as-dames-armband-bangle-goud-haar-verwerking-1-dsa3021.jpg","width":1000,"height":667},{"@type":"BreadcrumbList","@id":"https:\/\/crematieasinglas.nl\/de\/produkt\/dsa3021-gedenken-an-damenarmband-mit-einaescherungsasche\/#breadcrumb","itemListElement":[{"@type":"ListItem","position":1,"name":"Home","item":"https:\/\/crematieasinglas.nl\/"},{"@type":"ListItem","position":2,"name":"Shop","item":"https:\/\/crematieasinglas.nl\/de\/shop\/"},{"@type":"ListItem","position":3,"name":"DSA3021 | Gedenken an Damenarmband mit Ein\u00e4scherungsasche"}]},{"@type":"WebSite","@id":"https:\/\/crematieasinglas.nl\/#website","url":"https:\/\/crematieasinglas.nl\/","name":"Winkel voor Crematie-as in glas","description":"Een winkel voor crematieasinglas.nl","publisher":{"@id":"https:\/\/crematieasinglas.nl\/#organization"},"potentialAction":[{"@type":"SearchAction","target":{"@type":"EntryPoint","urlTemplate":"https:\/\/crematieasinglas.nl\/?s={search_term_string}"},"query-input":{"@type":"PropertyValueSpecification","valueRequired":true,"valueName":"search_term_string"}}],"inLanguage":"de"},{"@type":"Organization","@id":"https:\/\/crematieasinglas.nl\/#organization","name":"Dierbaarasinglas.nl","alternateName":"Crematieasinglas.nl","url":"https:\/\/crematieasinglas.nl\/","logo":{"@type":"ImageObject","inLanguage":"de","@id":"https:\/\/crematieasinglas.nl\/#\/schema\/logo\/image\/","url":"https:\/\/crematieasinglas.nl\/wp-content\/uploads\/2024\/10\/logo-02-playfair-googlefont-met-hartje-02.png","contentUrl":"https:\/\/crematieasinglas.nl\/wp-content\/uploads\/2024\/10\/logo-02-playfair-googlefont-met-hartje-02.png","width":582,"height":136,"caption":"Dierbaarasinglas.nl"},"image":{"@id":"https:\/\/crematieasinglas.nl\/#\/schema\/logo\/image\/"}}]}},"_links":{"self":[{"href":"https:\/\/crematieasinglas.nl\/de\/wp-json\/wp\/v2\/product\/19345","targetHints":{"allow":["GET"]}}],"collection":[{"href":"https:\/\/crematieasinglas.nl\/de\/wp-json\/wp\/v2\/product"}],"about":[{"href":"https:\/\/crematieasinglas.nl\/de\/wp-json\/wp\/v2\/types\/product"}],"replies":[{"embeddable":true,"href":"https:\/\/crematieasinglas.nl\/de\/wp-json\/wp\/v2\/comments?post=19345"}],"wp:featuredmedia":[{"embeddable":true,"href":"https:\/\/crematieasinglas.nl\/de\/wp-json\/wp\/v2\/media\/15162"}],"wp:attachment":[{"href":"https:\/\/crematieasinglas.nl\/de\/wp-json\/wp\/v2\/media?parent=19345"}],"wp:term":[{"taxonomy":"product_brand","embeddable":true,"href":"https:\/\/crematieasinglas.nl\/de\/wp-json\/wp\/v2\/product_brand?post=19345"},{"taxonomy":"product_cat","embeddable":true,"href":"https:\/\/crematieasinglas.nl\/de\/wp-json\/wp\/v2\/product_cat?post=19345"},{"taxonomy":"product_tag","embeddable":true,"href":"https:\/\/crematieasinglas.nl\/de\/wp-json\/wp\/v2\/product_tag?post=19345"}],"curies":[{"name":"wp","href":"https:\/\/api.w.org\/{rel}","templated":true}]}}