{"id":19337,"date":"2025-06-22T11:49:32","date_gmt":"2025-06-22T11:49:32","guid":{"rendered":"https:\/\/ebdxvyckeo.onrocket.site\/product\/hsna4020-feuerbestattung-asche-herren-gedenkarmband-naturstein\/"},"modified":"2025-06-22T11:49:32","modified_gmt":"2025-06-22T11:49:32","slug":"hsna4020-feuerbestattung-asche-herren-gedenkarmband-naturstein","status":"publish","type":"product","link":"https:\/\/crematieasinglas.nl\/de\/produkt\/hsna4020-feuerbestattung-asche-herren-gedenkarmband-naturstein\/","title":{"rendered":"HSNA4020 | Feuerbestattung Asche Herren Gedenkarmband Naturstein"},"content":{"rendered":"<p>Code-Nummer: HSNA4020<br \/>\nKollektion: F\u00fcr Ihn<br \/>\nKategorie: Herrenarmb\u00e4nder aus Naturstein<\/p>\n<h3>Lieferzeit: 8 Werktage, nach Erhalt der Asche<\/h3>\n<p><strong>Definition:<\/strong><br \/>\nDieses einzigartige Urnenarmband wurde speziell f\u00fcr M\u00e4nner entworfen und wird aus hochwertigen petrolfarbenen Granit-Natursteinperlen handgefertigt. In der Mitte befindet sich ein Glasanh\u00e4nger, in dem eine kleine Menge Ein\u00e4scherungsasche sorgf\u00e4ltig verschmolzen wurde. Dieser Charm ist handgefertigt und macht dieses Armband zu einem pers\u00f6nlichen und bedeutungsvollen Schmuckst\u00fcck \u2013 eine bleibende Hommage an einen geliebten Menschen oder ein verstorbenes Haustier.  <\/p>\n<p>Die Natursteinperlen sind 8 mm gro\u00df und werden mit luxuri\u00f6sen Designperlen aus Edelstahl kombiniert. Sowohl der Glasanh\u00e4nger als auch die Perlen sind auf einem hochfesten, beschichteten Stahldraht aufgef\u00e4delt \u2013 speziell ausgew\u00e4hlt f\u00fcr zus\u00e4tzliche Haltbarkeit und Sicherheit im t\u00e4glichen Gebrauch. Das Armband ist mit einem zuverl\u00e4ssigen Schnappverschluss versehen.  <\/p>\n<p>Bitte beachten Sie: Sie k\u00f6nnen diesen Gedenkschmuck nicht selbst bef\u00fcllen.<\/p>\n<p>Nach Erhalt der Asche wird der Glasanh\u00e4nger mit Sorgfalt in meinem Atelier von Hand gefertigt. Ihr Armband wird dann individuell zusammengebaut und zusammen mit der restlichen Ein\u00e4scherungsasche zur\u00fcckgegeben. <\/p>\n<p>Crematieasinglas.nl handelt sich um eine offiziell eingetragene und garantierte Marke. Sie k\u00f6nnen sich auf ein authentisches und handgefertigtes Denkmal verlassen \u2013 keine Massenproduktion oder Repliken. <\/p>\n<p><strong>Information:<\/strong><br \/>\n 1,5 cm<br \/>\nBreite: Sonderanfertigung<br \/>\nTiefe:<br \/>\nFarbe: Petrolblau<br \/>\nInhalt:<br \/>\nLagerbestand: 2 Lagerartikel<\/p>\n<p><strong>Lieferung:<\/strong><br \/>\nNachdem Sie das ausgew\u00e4hlte Herrenarmband mit Ein\u00e4scherungsasche bestellt haben, melde ich mich per E-Mail bei Ihnen bei Fragen zur Gr\u00f6\u00dfe Ihres Handgelenks. Ich gebe Ihnen einfache Tipps, um eine korrekte Messung weitergeben zu k\u00f6nnen. Nachdem ich diese Informationen erhalten habe, sende ich Ihnen ein kostenloses digitales Versandetikett zu (nur bei niederl\u00e4ndischen Adressen m\u00f6glich), mit dem Sie mir die Ein\u00e4scherungsasche zusenden k\u00f6nnen (etwa eine Menge von 2 Teel\u00f6ffeln reicht aus). F\u00fcr Kunden au\u00dferhalb der Niederlande ist es mir nicht m\u00f6glich, diesen Stempel zu beantragen, ein ausl\u00e4ndischer Versandstempel, um die Ein\u00e4scherungsasche an mich zu senden, kann nicht erstattet werden. Ich m\u00f6chte Ihnen Tipps geben, wie Sie mir die Ein\u00e4scherungsasche am besten (auch aus dem Ausland) zukommen lassen k\u00f6nnen. Das niederl\u00e4ndische Versandetikett ist ein Etikett f\u00fcr ein DHL-Briefkastenpaket, das direkt bei mir ankommt, und Sie k\u00f6nnen es per Sendungsverfolgung verfolgen.     Sie k\u00f6nnen das Briefkastenpaket mit der Ein\u00e4scherung innerhalb von 5 Tagen kostenlos an einer DHL-Abgabestelle zur\u00fccksenden. In dieser E-Mail erkl\u00e4re ich Ihnen auch die Abmessungen des Briefkastenpakets und welche n\u00e4chstgelegene Abgabestelle Sie in der Umgebung haben. Ein sicherer und nachverfolgbarer Transport war bisher immer garantiert, aber wir k\u00f6nnen keine Verantwortung \u00fcbernehmen, wenn dies unerwartet mit dem Spediteur schief geht. Selbstverst\u00e4ndlich ist es auch m\u00f6glich, die Ein\u00e4scherungsasche nach Terminabsprache in unseren Showroom am Hoogakker 2E in Hapert zu liefern. Einen Termin daf\u00fcr k\u00f6nnen Sie auf unserer Website crematieasinglas.nl vereinbaren.    Nach Erhalt der Ein\u00e4scherungsasche werde ich mit gro\u00dfer Sorgfalt an Ihrem Gedenkschmuck arbeiten.  <a href=\"https:\/\/crematieasinglas.nl\">Website crematieasinglas.nl<\/a><\/p>\n<p>:<br \/>\n<div style=\"width: 640px;\" class=\"wp-video\"><video class=\"wp-video-shortcode\" id=\"video-19337-1\" width=\"640\" height=\"360\" preload=\"metadata\" controls=\"controls\"><source type=\"video\/mp4\" src=\"https:\/\/crematieasinglas.nl\/media\/voor-hem\/natuursteen-heren-armbanden\/crematie-as-heren-armband-natuursteen-graniet-petrol-blue-video-hsna4020.mp4?_=1\" \/><a href=\"https:\/\/crematieasinglas.nl\/media\/voor-hem\/natuursteen-heren-armbanden\/crematie-as-heren-armband-natuursteen-graniet-petrol-blue-video-hsna4020.mp4\">https:\/\/crematieasinglas.nl\/media\/voor-hem\/natuursteen-heren-armbanden\/crematie-as-heren-armband-natuursteen-graniet-petrol-blue-video-hsna4020.mp4<\/a><\/video><\/div>\n<p>&nbsp;<\/p>\n","protected":false},"excerpt":{"rendered":"<p>Feuerbestattung Asche Herren Gedenkarmband Naturstein<\/p>\n","protected":false},"featured_media":18744,"comment_status":"closed","ping_status":"open","template":"","meta":[],"product_brand":[],"product_cat":[526,757],"product_tag":[],"class_list":{"0":"post-19337","1":"product","2":"type-product","3":"status-publish","4":"has-post-thumbnail","6":"product_cat-fur-ihn","7":"product_cat-herrenarmbander-aus-naturstein","8":"pa_kleur-petrolblau","9":"pa_leveringsvoorwaarden-nachdem-sie-das-ausgewahlte-herrenarmband-mit-einascherungsasche-bestellt-haben-melde-ich-mich-per-e-mail-bei-ihnen-bei-fragen-zur-grose-ihres-handgelenks-ich-werde-es-dir-leicht-machen","11":"first","12":"instock","13":"purchasable","14":"product-type-simple"},"yoast_head":"<!-- This site is optimized with the Yoast SEO Premium plugin v27.5 (Yoast SEO v27.5) - https:\/\/yoast.com\/product\/yoast-seo-premium-wordpress\/ -->\n<title>HSNA4020 | Feuerbestattung Asche Herren Gedenkarmband Naturstein - Winkel voor Crematie-as in glas<\/title>\n<meta name=\"robots\" content=\"index, follow, max-snippet:-1, max-image-preview:large, max-video-preview:-1\" \/>\n<link rel=\"canonical\" href=\"https:\/\/crematieasinglas.nl\/produkt\/hsna4020-crematie-as-heren-gedenk-armband-natuursteen\/\" \/>\n<meta property=\"og:locale\" content=\"de_DE\" \/>\n<meta property=\"og:type\" content=\"article\" \/>\n<meta property=\"og:title\" content=\"HSNA4020 | Feuerbestattung Asche Herren Gedenkarmband Naturstein\" \/>\n<meta property=\"og:description\" content=\"Feuerbestattung Asche Herren Gedenkarmband Naturstein\" \/>\n<meta property=\"og:url\" content=\"https:\/\/crematieasinglas.nl\/produkt\/hsna4020-crematie-as-heren-gedenk-armband-natuursteen\/\" \/>\n<meta property=\"og:site_name\" content=\"Winkel voor Crematie-as in glas\" \/>\n<meta property=\"og:image\" content=\"https:\/\/crematieasinglas.nl\/wp-content\/uploads\/2025\/06\/crematie-as-heren-armband-natuursteen-graniet-petrol-blue-1-hsna4020.jpg\" \/>\n\t<meta property=\"og:image:width\" content=\"1000\" \/>\n\t<meta property=\"og:image:height\" content=\"667\" \/>\n\t<meta property=\"og:image:type\" content=\"image\/jpeg\" \/>\n<meta name=\"twitter:card\" content=\"summary_large_image\" \/>\n<meta name=\"twitter:label1\" content=\"Gesch\u00e4tzte Lesezeit\" \/>\n\t<meta name=\"twitter:data1\" content=\"2\u00a0Minuten\" \/>\n<script type=\"application\/ld+json\" class=\"yoast-schema-graph\">{\"@context\":\"https:\\\/\\\/schema.org\",\"@graph\":[{\"@type\":\"WebPage\",\"@id\":\"https:\\\/\\\/crematieasinglas.nl\\\/produkt\\\/hsna4020-crematie-as-heren-gedenk-armband-natuursteen\\\/\",\"url\":\"https:\\\/\\\/crematieasinglas.nl\\\/produkt\\\/hsna4020-crematie-as-heren-gedenk-armband-natuursteen\\\/\",\"name\":\"HSNA4020 | Feuerbestattung Asche Herren Gedenkarmband Naturstein - Winkel voor Crematie-as in glas\",\"isPartOf\":{\"@id\":\"https:\\\/\\\/crematieasinglas.nl\\\/#website\"},\"primaryImageOfPage\":{\"@id\":\"https:\\\/\\\/crematieasinglas.nl\\\/produkt\\\/hsna4020-crematie-as-heren-gedenk-armband-natuursteen\\\/#primaryimage\"},\"image\":{\"@id\":\"https:\\\/\\\/crematieasinglas.nl\\\/produkt\\\/hsna4020-crematie-as-heren-gedenk-armband-natuursteen\\\/#primaryimage\"},\"thumbnailUrl\":\"https:\\\/\\\/crematieasinglas.nl\\\/wp-content\\\/uploads\\\/2025\\\/06\\\/crematie-as-heren-armband-natuursteen-graniet-petrol-blue-1-hsna4020.jpg\",\"datePublished\":\"2025-06-22T11:49:32+00:00\",\"breadcrumb\":{\"@id\":\"https:\\\/\\\/crematieasinglas.nl\\\/produkt\\\/hsna4020-crematie-as-heren-gedenk-armband-natuursteen\\\/#breadcrumb\"},\"inLanguage\":\"de\",\"potentialAction\":[{\"@type\":\"ReadAction\",\"target\":[\"https:\\\/\\\/crematieasinglas.nl\\\/produkt\\\/hsna4020-crematie-as-heren-gedenk-armband-natuursteen\\\/\"]}]},{\"@type\":\"ImageObject\",\"inLanguage\":\"de\",\"@id\":\"https:\\\/\\\/crematieasinglas.nl\\\/produkt\\\/hsna4020-crematie-as-heren-gedenk-armband-natuursteen\\\/#primaryimage\",\"url\":\"https:\\\/\\\/crematieasinglas.nl\\\/wp-content\\\/uploads\\\/2025\\\/06\\\/crematie-as-heren-armband-natuursteen-graniet-petrol-blue-1-hsna4020.jpg\",\"contentUrl\":\"https:\\\/\\\/crematieasinglas.nl\\\/wp-content\\\/uploads\\\/2025\\\/06\\\/crematie-as-heren-armband-natuursteen-graniet-petrol-blue-1-hsna4020.jpg\",\"width\":1000,\"height\":667},{\"@type\":\"BreadcrumbList\",\"@id\":\"https:\\\/\\\/crematieasinglas.nl\\\/produkt\\\/hsna4020-crematie-as-heren-gedenk-armband-natuursteen\\\/#breadcrumb\",\"itemListElement\":[{\"@type\":\"ListItem\",\"position\":1,\"name\":\"Home\",\"item\":\"https:\\\/\\\/crematieasinglas.nl\\\/\"},{\"@type\":\"ListItem\",\"position\":2,\"name\":\"Shop\",\"item\":\"https:\\\/\\\/crematieasinglas.nl\\\/de\\\/shop\\\/\"},{\"@type\":\"ListItem\",\"position\":3,\"name\":\"HSNA4020 | Feuerbestattung Asche Herren Gedenkarmband Naturstein\"}]},{\"@type\":\"WebSite\",\"@id\":\"https:\\\/\\\/crematieasinglas.nl\\\/#website\",\"url\":\"https:\\\/\\\/crematieasinglas.nl\\\/\",\"name\":\"Winkel voor Crematie-as in glas\",\"description\":\"Een winkel voor crematieasinglas.nl\",\"publisher\":{\"@id\":\"https:\\\/\\\/crematieasinglas.nl\\\/#organization\"},\"potentialAction\":[{\"@type\":\"SearchAction\",\"target\":{\"@type\":\"EntryPoint\",\"urlTemplate\":\"https:\\\/\\\/crematieasinglas.nl\\\/?s={search_term_string}\"},\"query-input\":{\"@type\":\"PropertyValueSpecification\",\"valueRequired\":true,\"valueName\":\"search_term_string\"}}],\"inLanguage\":\"de\"},{\"@type\":\"Organization\",\"@id\":\"https:\\\/\\\/crematieasinglas.nl\\\/#organization\",\"name\":\"Dierbaarasinglas.nl\",\"alternateName\":\"Crematieasinglas.nl\",\"url\":\"https:\\\/\\\/crematieasinglas.nl\\\/\",\"logo\":{\"@type\":\"ImageObject\",\"inLanguage\":\"de\",\"@id\":\"https:\\\/\\\/crematieasinglas.nl\\\/#\\\/schema\\\/logo\\\/image\\\/\",\"url\":\"https:\\\/\\\/crematieasinglas.nl\\\/wp-content\\\/uploads\\\/2024\\\/10\\\/logo-02-playfair-googlefont-met-hartje-02.png\",\"contentUrl\":\"https:\\\/\\\/crematieasinglas.nl\\\/wp-content\\\/uploads\\\/2024\\\/10\\\/logo-02-playfair-googlefont-met-hartje-02.png\",\"width\":582,\"height\":136,\"caption\":\"Dierbaarasinglas.nl\"},\"image\":{\"@id\":\"https:\\\/\\\/crematieasinglas.nl\\\/#\\\/schema\\\/logo\\\/image\\\/\"}}]}<\/script>\n<!-- \/ Yoast SEO Premium plugin. -->","yoast_head_json":{"title":"HSNA4020 | Feuerbestattung Asche Herren Gedenkarmband Naturstein - Winkel voor Crematie-as in glas","robots":{"index":"index","follow":"follow","max-snippet":"max-snippet:-1","max-image-preview":"max-image-preview:large","max-video-preview":"max-video-preview:-1"},"canonical":"https:\/\/crematieasinglas.nl\/produkt\/hsna4020-crematie-as-heren-gedenk-armband-natuursteen\/","og_locale":"de_DE","og_type":"article","og_title":"HSNA4020 | Feuerbestattung Asche Herren Gedenkarmband Naturstein","og_description":"Feuerbestattung Asche Herren Gedenkarmband Naturstein","og_url":"https:\/\/crematieasinglas.nl\/produkt\/hsna4020-crematie-as-heren-gedenk-armband-natuursteen\/","og_site_name":"Winkel voor Crematie-as in glas","og_image":[{"width":1000,"height":667,"url":"https:\/\/crematieasinglas.nl\/wp-content\/uploads\/2025\/06\/crematie-as-heren-armband-natuursteen-graniet-petrol-blue-1-hsna4020.jpg","type":"image\/jpeg"}],"twitter_card":"summary_large_image","twitter_misc":{"Gesch\u00e4tzte Lesezeit":"2\u00a0Minuten"},"schema":{"@context":"https:\/\/schema.org","@graph":[{"@type":"WebPage","@id":"https:\/\/crematieasinglas.nl\/produkt\/hsna4020-crematie-as-heren-gedenk-armband-natuursteen\/","url":"https:\/\/crematieasinglas.nl\/produkt\/hsna4020-crematie-as-heren-gedenk-armband-natuursteen\/","name":"HSNA4020 | Feuerbestattung Asche Herren Gedenkarmband Naturstein - Winkel voor Crematie-as in glas","isPartOf":{"@id":"https:\/\/crematieasinglas.nl\/#website"},"primaryImageOfPage":{"@id":"https:\/\/crematieasinglas.nl\/produkt\/hsna4020-crematie-as-heren-gedenk-armband-natuursteen\/#primaryimage"},"image":{"@id":"https:\/\/crematieasinglas.nl\/produkt\/hsna4020-crematie-as-heren-gedenk-armband-natuursteen\/#primaryimage"},"thumbnailUrl":"https:\/\/crematieasinglas.nl\/wp-content\/uploads\/2025\/06\/crematie-as-heren-armband-natuursteen-graniet-petrol-blue-1-hsna4020.jpg","datePublished":"2025-06-22T11:49:32+00:00","breadcrumb":{"@id":"https:\/\/crematieasinglas.nl\/produkt\/hsna4020-crematie-as-heren-gedenk-armband-natuursteen\/#breadcrumb"},"inLanguage":"de","potentialAction":[{"@type":"ReadAction","target":["https:\/\/crematieasinglas.nl\/produkt\/hsna4020-crematie-as-heren-gedenk-armband-natuursteen\/"]}]},{"@type":"ImageObject","inLanguage":"de","@id":"https:\/\/crematieasinglas.nl\/produkt\/hsna4020-crematie-as-heren-gedenk-armband-natuursteen\/#primaryimage","url":"https:\/\/crematieasinglas.nl\/wp-content\/uploads\/2025\/06\/crematie-as-heren-armband-natuursteen-graniet-petrol-blue-1-hsna4020.jpg","contentUrl":"https:\/\/crematieasinglas.nl\/wp-content\/uploads\/2025\/06\/crematie-as-heren-armband-natuursteen-graniet-petrol-blue-1-hsna4020.jpg","width":1000,"height":667},{"@type":"BreadcrumbList","@id":"https:\/\/crematieasinglas.nl\/produkt\/hsna4020-crematie-as-heren-gedenk-armband-natuursteen\/#breadcrumb","itemListElement":[{"@type":"ListItem","position":1,"name":"Home","item":"https:\/\/crematieasinglas.nl\/"},{"@type":"ListItem","position":2,"name":"Shop","item":"https:\/\/crematieasinglas.nl\/de\/shop\/"},{"@type":"ListItem","position":3,"name":"HSNA4020 | Feuerbestattung Asche Herren Gedenkarmband Naturstein"}]},{"@type":"WebSite","@id":"https:\/\/crematieasinglas.nl\/#website","url":"https:\/\/crematieasinglas.nl\/","name":"Winkel voor Crematie-as in glas","description":"Een winkel voor crematieasinglas.nl","publisher":{"@id":"https:\/\/crematieasinglas.nl\/#organization"},"potentialAction":[{"@type":"SearchAction","target":{"@type":"EntryPoint","urlTemplate":"https:\/\/crematieasinglas.nl\/?s={search_term_string}"},"query-input":{"@type":"PropertyValueSpecification","valueRequired":true,"valueName":"search_term_string"}}],"inLanguage":"de"},{"@type":"Organization","@id":"https:\/\/crematieasinglas.nl\/#organization","name":"Dierbaarasinglas.nl","alternateName":"Crematieasinglas.nl","url":"https:\/\/crematieasinglas.nl\/","logo":{"@type":"ImageObject","inLanguage":"de","@id":"https:\/\/crematieasinglas.nl\/#\/schema\/logo\/image\/","url":"https:\/\/crematieasinglas.nl\/wp-content\/uploads\/2024\/10\/logo-02-playfair-googlefont-met-hartje-02.png","contentUrl":"https:\/\/crematieasinglas.nl\/wp-content\/uploads\/2024\/10\/logo-02-playfair-googlefont-met-hartje-02.png","width":582,"height":136,"caption":"Dierbaarasinglas.nl"},"image":{"@id":"https:\/\/crematieasinglas.nl\/#\/schema\/logo\/image\/"}}]}},"_links":{"self":[{"href":"https:\/\/crematieasinglas.nl\/de\/wp-json\/wp\/v2\/product\/19337","targetHints":{"allow":["GET"]}}],"collection":[{"href":"https:\/\/crematieasinglas.nl\/de\/wp-json\/wp\/v2\/product"}],"about":[{"href":"https:\/\/crematieasinglas.nl\/de\/wp-json\/wp\/v2\/types\/product"}],"replies":[{"embeddable":true,"href":"https:\/\/crematieasinglas.nl\/de\/wp-json\/wp\/v2\/comments?post=19337"}],"wp:featuredmedia":[{"embeddable":true,"href":"https:\/\/crematieasinglas.nl\/de\/wp-json\/wp\/v2\/media\/18744"}],"wp:attachment":[{"href":"https:\/\/crematieasinglas.nl\/de\/wp-json\/wp\/v2\/media?parent=19337"}],"wp:term":[{"taxonomy":"product_brand","embeddable":true,"href":"https:\/\/crematieasinglas.nl\/de\/wp-json\/wp\/v2\/product_brand?post=19337"},{"taxonomy":"product_cat","embeddable":true,"href":"https:\/\/crematieasinglas.nl\/de\/wp-json\/wp\/v2\/product_cat?post=19337"},{"taxonomy":"product_tag","embeddable":true,"href":"https:\/\/crematieasinglas.nl\/de\/wp-json\/wp\/v2\/product_tag?post=19337"}],"curies":[{"name":"wp","href":"https:\/\/api.w.org\/{rel}","templated":true}]}}