{"id":19330,"date":"2025-06-22T11:49:32","date_gmt":"2025-06-22T11:49:32","guid":{"rendered":"https:\/\/ebdxvyckeo.onrocket.site\/product\/hsna4013-feuerbestattung-asche-herren-gedenkarmband-naturstein\/"},"modified":"2025-06-22T11:49:32","modified_gmt":"2025-06-22T11:49:32","slug":"hsna4013-feuerbestattung-asche-herren-gedenkarmband-naturstein","status":"publish","type":"product","link":"https:\/\/crematieasinglas.nl\/de\/produkt\/hsna4013-feuerbestattung-asche-herren-gedenkarmband-naturstein\/","title":{"rendered":"HSNA4013 | Feuerbestattung Asche Herren Gedenkarmband Naturstein"},"content":{"rendered":"<p>Code-Nummer: HSNA4013<br \/>\nKollektion: F\u00fcr Ihn<br \/>\nKategorie: Herrenarmb\u00e4nder aus Naturstein<\/p>\n<h3>Lieferzeit: 8 Werktage, nach Erhalt der Asche<\/h3>\n<p><strong>Definition:<\/strong><br \/>\nBitte beachten Sie, dass Sie dieses Schmuckst\u00fcck nicht selbst zu Hause bef\u00fcllen k\u00f6nnen, sondern von Jet handgefertigt f\u00fcr Sie werden, wobei die Kremasche zu einer transparenten hellblauen Glasperle geschmolzen\/geblasen wird! In der Ein\u00e4scherungsascheperle auf dem Foto ist die Ein\u00e4scherungsasche halb (leicht) im Glas sichtbar. Es ist auch m\u00f6glich, dass die Ein\u00e4scherungsasche nicht sichtbar in den Gehege eingearbeitet wird. Wenn Sie m\u00f6chten, k\u00f6nnen Sie mir dies sofort nach Ihrer Bestellung mitteilen. Die Ein\u00e4scherung Asche Glasperle liegt auf einem Armband mit blauen Chalcedon Naturstein Perlen von 8mm. Die Natursteinperlen wurden von Naturalis wissenschaftlich erforscht. Diese Perlen bestehen eigentlich aus Naturstein und haben auch eine Beschichtung oder Farbschicht erhalten. Die feste Form des Gesteins hat sich beim Schleifen und Polieren nicht ver\u00e4ndert. Das Armband ist aus einem robusten Premium-Stahldraht gefertigt und verf\u00fcgt \u00fcber einen sicheren Karabinerverschluss aus Edelstahl. Das Armband wird individuell f\u00fcr Sie angefertigt, 1 oder 2 Verl\u00e4ngerungsringe werden ebenfalls am Armband angefertigt. Die gezeigten Fotos zeigen ein Beispiel daf\u00fcr, wie der Gedenkschmuck aussehen wird. Denken Sie daran, dass Ihr Gedenkschmuck nicht genau gleich sein kann, da Ihre Kremationsasche Perlen handgefertigt sind und Natursteinperlen immer leicht voneinander abweichen k\u00f6nnen. Nach Erhalt der Ein\u00e4scherung wird Ihre Ein\u00e4scherungsasche und die restliche Asche innerhalb von 8 Werktagen per Paketpost oder Briefkasten-Paketpost von DHL an Sie zur\u00fcckgesandt. Sollte es im Vorfeld Ihrer Bestellung Fragen geben, beantworte ich diese gerne f\u00fcr Sie. Die Asche der Ein\u00e4scherung in glas.nl ist eine eingetragene und garantierte Marke, die Ihnen die Garantie f\u00fcr ein einzigartiges und hochwertiges handgefertigtes Produkt ohne Repliken oder Massenproduktion gibt              <\/p>\n<p><strong>Information:<\/strong><br \/>\n 0,8 cm<br \/>\nBreite: Sonderanfertigung<br \/>\nTiefe:<br \/>\nFarbe: t\u00fcrkis<br \/>\nInhalt:<br \/>\nLagerbestand: 1 Lagerartikel<\/p>\n<p><strong>Lieferung:<\/strong><br \/>\nNachdem Sie das ausgew\u00e4hlte Herrenarmband mit Ein\u00e4scherungsasche bestellt haben, melde ich mich per E-Mail bei Ihnen bei Fragen zur Gr\u00f6\u00dfe Ihres Handgelenks. Ich gebe Ihnen einfache Tipps, um eine korrekte Messung weitergeben zu k\u00f6nnen. Nachdem ich diese Informationen erhalten habe, sende ich Ihnen ein kostenloses digitales Versandetikett zu (nur bei niederl\u00e4ndischen Adressen m\u00f6glich), mit dem Sie mir die Ein\u00e4scherungsasche zusenden k\u00f6nnen (etwa eine Menge von 2 Teel\u00f6ffeln reicht aus). F\u00fcr Kunden au\u00dferhalb der Niederlande ist es mir nicht m\u00f6glich, diesen Stempel zu beantragen, ein ausl\u00e4ndischer Versandstempel, um die Ein\u00e4scherungsasche an mich zu senden, kann nicht erstattet werden. Ich m\u00f6chte Ihnen Tipps geben, wie Sie mir die Ein\u00e4scherungsasche am besten (auch aus dem Ausland) zukommen lassen k\u00f6nnen. Das niederl\u00e4ndische Versandetikett ist ein Etikett f\u00fcr ein DHL-Briefkastenpaket, das direkt bei mir ankommt, und Sie k\u00f6nnen es per Sendungsverfolgung verfolgen.     Sie k\u00f6nnen das Briefkastenpaket mit der Ein\u00e4scherung innerhalb von 5 Tagen kostenlos an einer DHL-Abgabestelle zur\u00fccksenden. In dieser E-Mail erkl\u00e4re ich Ihnen auch die Abmessungen des Briefkastenpakets und welche n\u00e4chstgelegene Abgabestelle Sie in der Umgebung haben. Ein sicherer und nachverfolgbarer Transport war bisher immer garantiert, aber wir k\u00f6nnen keine Verantwortung \u00fcbernehmen, wenn dies unerwartet mit dem Spediteur schief geht. Selbstverst\u00e4ndlich ist es auch m\u00f6glich, die Ein\u00e4scherungsasche nach Terminabsprache in unseren Showroom am Hoogakker 2E in Hapert zu liefern. Einen Termin daf\u00fcr k\u00f6nnen Sie auf unserer Website crematieasinglas.nl vereinbaren.    Nach Erhalt der Ein\u00e4scherungsasche werde ich mit gro\u00dfer Sorgfalt an Ihrem Gedenkschmuck arbeiten.  <a href=\"https:\/\/crematieasinglas.nl\">Website crematieasinglas.nl<\/a><\/p>\n<p>:<br \/>\nhttps:\/\/crematieasinglas.nl\/media\/voor-hem\/natuursteen-heren-armbanden\/<\/p>\n<p>&nbsp;<\/p>\n","protected":false},"excerpt":{"rendered":"<p>Feuerbestattung Asche Herren Gedenkarmband Naturstein<\/p>\n","protected":false},"featured_media":13500,"comment_status":"closed","ping_status":"open","template":"","meta":[],"product_brand":[],"product_cat":[526,757],"product_tag":[],"class_list":{"0":"post-19330","1":"product","2":"type-product","3":"status-publish","4":"has-post-thumbnail","6":"product_cat-fur-ihn","7":"product_cat-herrenarmbander-aus-naturstein","8":"pa_kleur-turkis","9":"pa_leveringsvoorwaarden-nachdem-sie-das-ausgewahlte-herrenarmband-mit-einascherungsasche-bestellt-haben-melde-ich-mich-per-e-mail-bei-ihnen-bei-fragen-zur-grose-ihres-handgelenks-ich-werde-es-dir-leicht-machen","11":"first","12":"instock","13":"purchasable","14":"product-type-simple"},"yoast_head":"<!-- This site is optimized with the Yoast SEO Premium plugin v27.5 (Yoast SEO v27.5) - https:\/\/yoast.com\/product\/yoast-seo-premium-wordpress\/ -->\n<title>HSNA4013 | Feuerbestattung Asche Herren Gedenkarmband Naturstein - Winkel voor Crematie-as in glas<\/title>\n<meta name=\"robots\" content=\"index, follow, max-snippet:-1, max-image-preview:large, max-video-preview:-1\" \/>\n<link rel=\"canonical\" href=\"https:\/\/crematieasinglas.nl\/produkt\/hsna4013-crematie-as-heren-gedenk-armband-natuursteen\/\" \/>\n<meta property=\"og:locale\" content=\"de_DE\" \/>\n<meta property=\"og:type\" content=\"article\" \/>\n<meta property=\"og:title\" content=\"HSNA4013 | Feuerbestattung Asche Herren Gedenkarmband Naturstein\" \/>\n<meta property=\"og:description\" content=\"Feuerbestattung Asche Herren Gedenkarmband Naturstein\" \/>\n<meta property=\"og:url\" content=\"https:\/\/crematieasinglas.nl\/produkt\/hsna4013-crematie-as-heren-gedenk-armband-natuursteen\/\" \/>\n<meta property=\"og:site_name\" content=\"Winkel voor Crematie-as in glas\" \/>\n<meta property=\"og:image\" content=\"https:\/\/crematieasinglas.nl\/wp-content\/uploads\/2024\/12\/crematie-as-heren-armband-natuursteen-agaat-blauw-1-hsna4013.jpg\" \/>\n\t<meta property=\"og:image:width\" content=\"1115\" \/>\n\t<meta property=\"og:image:height\" content=\"737\" \/>\n\t<meta property=\"og:image:type\" content=\"image\/jpeg\" \/>\n<meta name=\"twitter:card\" content=\"summary_large_image\" \/>\n<meta name=\"twitter:label1\" content=\"Gesch\u00e4tzte Lesezeit\" \/>\n\t<meta name=\"twitter:data1\" content=\"3\u00a0Minuten\" \/>\n<script type=\"application\/ld+json\" class=\"yoast-schema-graph\">{\"@context\":\"https:\\\/\\\/schema.org\",\"@graph\":[{\"@type\":\"WebPage\",\"@id\":\"https:\\\/\\\/crematieasinglas.nl\\\/produkt\\\/hsna4013-crematie-as-heren-gedenk-armband-natuursteen\\\/\",\"url\":\"https:\\\/\\\/crematieasinglas.nl\\\/produkt\\\/hsna4013-crematie-as-heren-gedenk-armband-natuursteen\\\/\",\"name\":\"HSNA4013 | Feuerbestattung Asche Herren Gedenkarmband Naturstein - Winkel voor Crematie-as in glas\",\"isPartOf\":{\"@id\":\"https:\\\/\\\/crematieasinglas.nl\\\/#website\"},\"primaryImageOfPage\":{\"@id\":\"https:\\\/\\\/crematieasinglas.nl\\\/produkt\\\/hsna4013-crematie-as-heren-gedenk-armband-natuursteen\\\/#primaryimage\"},\"image\":{\"@id\":\"https:\\\/\\\/crematieasinglas.nl\\\/produkt\\\/hsna4013-crematie-as-heren-gedenk-armband-natuursteen\\\/#primaryimage\"},\"thumbnailUrl\":\"https:\\\/\\\/crematieasinglas.nl\\\/wp-content\\\/uploads\\\/2024\\\/12\\\/crematie-as-heren-armband-natuursteen-agaat-blauw-1-hsna4013.jpg\",\"datePublished\":\"2025-06-22T11:49:32+00:00\",\"breadcrumb\":{\"@id\":\"https:\\\/\\\/crematieasinglas.nl\\\/produkt\\\/hsna4013-crematie-as-heren-gedenk-armband-natuursteen\\\/#breadcrumb\"},\"inLanguage\":\"de\",\"potentialAction\":[{\"@type\":\"ReadAction\",\"target\":[\"https:\\\/\\\/crematieasinglas.nl\\\/produkt\\\/hsna4013-crematie-as-heren-gedenk-armband-natuursteen\\\/\"]}]},{\"@type\":\"ImageObject\",\"inLanguage\":\"de\",\"@id\":\"https:\\\/\\\/crematieasinglas.nl\\\/produkt\\\/hsna4013-crematie-as-heren-gedenk-armband-natuursteen\\\/#primaryimage\",\"url\":\"https:\\\/\\\/crematieasinglas.nl\\\/wp-content\\\/uploads\\\/2024\\\/12\\\/crematie-as-heren-armband-natuursteen-agaat-blauw-1-hsna4013.jpg\",\"contentUrl\":\"https:\\\/\\\/crematieasinglas.nl\\\/wp-content\\\/uploads\\\/2024\\\/12\\\/crematie-as-heren-armband-natuursteen-agaat-blauw-1-hsna4013.jpg\",\"width\":1115,\"height\":737},{\"@type\":\"BreadcrumbList\",\"@id\":\"https:\\\/\\\/crematieasinglas.nl\\\/produkt\\\/hsna4013-crematie-as-heren-gedenk-armband-natuursteen\\\/#breadcrumb\",\"itemListElement\":[{\"@type\":\"ListItem\",\"position\":1,\"name\":\"Home\",\"item\":\"https:\\\/\\\/crematieasinglas.nl\\\/\"},{\"@type\":\"ListItem\",\"position\":2,\"name\":\"Shop\",\"item\":\"https:\\\/\\\/crematieasinglas.nl\\\/de\\\/shop\\\/\"},{\"@type\":\"ListItem\",\"position\":3,\"name\":\"HSNA4013 | Feuerbestattung Asche Herren Gedenkarmband Naturstein\"}]},{\"@type\":\"WebSite\",\"@id\":\"https:\\\/\\\/crematieasinglas.nl\\\/#website\",\"url\":\"https:\\\/\\\/crematieasinglas.nl\\\/\",\"name\":\"Winkel voor Crematie-as in glas\",\"description\":\"Een winkel voor crematieasinglas.nl\",\"publisher\":{\"@id\":\"https:\\\/\\\/crematieasinglas.nl\\\/#organization\"},\"potentialAction\":[{\"@type\":\"SearchAction\",\"target\":{\"@type\":\"EntryPoint\",\"urlTemplate\":\"https:\\\/\\\/crematieasinglas.nl\\\/?s={search_term_string}\"},\"query-input\":{\"@type\":\"PropertyValueSpecification\",\"valueRequired\":true,\"valueName\":\"search_term_string\"}}],\"inLanguage\":\"de\"},{\"@type\":\"Organization\",\"@id\":\"https:\\\/\\\/crematieasinglas.nl\\\/#organization\",\"name\":\"Dierbaarasinglas.nl\",\"alternateName\":\"Crematieasinglas.nl\",\"url\":\"https:\\\/\\\/crematieasinglas.nl\\\/\",\"logo\":{\"@type\":\"ImageObject\",\"inLanguage\":\"de\",\"@id\":\"https:\\\/\\\/crematieasinglas.nl\\\/#\\\/schema\\\/logo\\\/image\\\/\",\"url\":\"https:\\\/\\\/crematieasinglas.nl\\\/wp-content\\\/uploads\\\/2024\\\/10\\\/logo-02-playfair-googlefont-met-hartje-02.png\",\"contentUrl\":\"https:\\\/\\\/crematieasinglas.nl\\\/wp-content\\\/uploads\\\/2024\\\/10\\\/logo-02-playfair-googlefont-met-hartje-02.png\",\"width\":582,\"height\":136,\"caption\":\"Dierbaarasinglas.nl\"},\"image\":{\"@id\":\"https:\\\/\\\/crematieasinglas.nl\\\/#\\\/schema\\\/logo\\\/image\\\/\"}}]}<\/script>\n<!-- \/ Yoast SEO Premium plugin. -->","yoast_head_json":{"title":"HSNA4013 | Feuerbestattung Asche Herren Gedenkarmband Naturstein - Winkel voor Crematie-as in glas","robots":{"index":"index","follow":"follow","max-snippet":"max-snippet:-1","max-image-preview":"max-image-preview:large","max-video-preview":"max-video-preview:-1"},"canonical":"https:\/\/crematieasinglas.nl\/produkt\/hsna4013-crematie-as-heren-gedenk-armband-natuursteen\/","og_locale":"de_DE","og_type":"article","og_title":"HSNA4013 | Feuerbestattung Asche Herren Gedenkarmband Naturstein","og_description":"Feuerbestattung Asche Herren Gedenkarmband Naturstein","og_url":"https:\/\/crematieasinglas.nl\/produkt\/hsna4013-crematie-as-heren-gedenk-armband-natuursteen\/","og_site_name":"Winkel voor Crematie-as in glas","og_image":[{"width":1115,"height":737,"url":"https:\/\/crematieasinglas.nl\/wp-content\/uploads\/2024\/12\/crematie-as-heren-armband-natuursteen-agaat-blauw-1-hsna4013.jpg","type":"image\/jpeg"}],"twitter_card":"summary_large_image","twitter_misc":{"Gesch\u00e4tzte Lesezeit":"3\u00a0Minuten"},"schema":{"@context":"https:\/\/schema.org","@graph":[{"@type":"WebPage","@id":"https:\/\/crematieasinglas.nl\/produkt\/hsna4013-crematie-as-heren-gedenk-armband-natuursteen\/","url":"https:\/\/crematieasinglas.nl\/produkt\/hsna4013-crematie-as-heren-gedenk-armband-natuursteen\/","name":"HSNA4013 | Feuerbestattung Asche Herren Gedenkarmband Naturstein - Winkel voor Crematie-as in glas","isPartOf":{"@id":"https:\/\/crematieasinglas.nl\/#website"},"primaryImageOfPage":{"@id":"https:\/\/crematieasinglas.nl\/produkt\/hsna4013-crematie-as-heren-gedenk-armband-natuursteen\/#primaryimage"},"image":{"@id":"https:\/\/crematieasinglas.nl\/produkt\/hsna4013-crematie-as-heren-gedenk-armband-natuursteen\/#primaryimage"},"thumbnailUrl":"https:\/\/crematieasinglas.nl\/wp-content\/uploads\/2024\/12\/crematie-as-heren-armband-natuursteen-agaat-blauw-1-hsna4013.jpg","datePublished":"2025-06-22T11:49:32+00:00","breadcrumb":{"@id":"https:\/\/crematieasinglas.nl\/produkt\/hsna4013-crematie-as-heren-gedenk-armband-natuursteen\/#breadcrumb"},"inLanguage":"de","potentialAction":[{"@type":"ReadAction","target":["https:\/\/crematieasinglas.nl\/produkt\/hsna4013-crematie-as-heren-gedenk-armband-natuursteen\/"]}]},{"@type":"ImageObject","inLanguage":"de","@id":"https:\/\/crematieasinglas.nl\/produkt\/hsna4013-crematie-as-heren-gedenk-armband-natuursteen\/#primaryimage","url":"https:\/\/crematieasinglas.nl\/wp-content\/uploads\/2024\/12\/crematie-as-heren-armband-natuursteen-agaat-blauw-1-hsna4013.jpg","contentUrl":"https:\/\/crematieasinglas.nl\/wp-content\/uploads\/2024\/12\/crematie-as-heren-armband-natuursteen-agaat-blauw-1-hsna4013.jpg","width":1115,"height":737},{"@type":"BreadcrumbList","@id":"https:\/\/crematieasinglas.nl\/produkt\/hsna4013-crematie-as-heren-gedenk-armband-natuursteen\/#breadcrumb","itemListElement":[{"@type":"ListItem","position":1,"name":"Home","item":"https:\/\/crematieasinglas.nl\/"},{"@type":"ListItem","position":2,"name":"Shop","item":"https:\/\/crematieasinglas.nl\/de\/shop\/"},{"@type":"ListItem","position":3,"name":"HSNA4013 | Feuerbestattung Asche Herren Gedenkarmband Naturstein"}]},{"@type":"WebSite","@id":"https:\/\/crematieasinglas.nl\/#website","url":"https:\/\/crematieasinglas.nl\/","name":"Winkel voor Crematie-as in glas","description":"Een winkel voor crematieasinglas.nl","publisher":{"@id":"https:\/\/crematieasinglas.nl\/#organization"},"potentialAction":[{"@type":"SearchAction","target":{"@type":"EntryPoint","urlTemplate":"https:\/\/crematieasinglas.nl\/?s={search_term_string}"},"query-input":{"@type":"PropertyValueSpecification","valueRequired":true,"valueName":"search_term_string"}}],"inLanguage":"de"},{"@type":"Organization","@id":"https:\/\/crematieasinglas.nl\/#organization","name":"Dierbaarasinglas.nl","alternateName":"Crematieasinglas.nl","url":"https:\/\/crematieasinglas.nl\/","logo":{"@type":"ImageObject","inLanguage":"de","@id":"https:\/\/crematieasinglas.nl\/#\/schema\/logo\/image\/","url":"https:\/\/crematieasinglas.nl\/wp-content\/uploads\/2024\/10\/logo-02-playfair-googlefont-met-hartje-02.png","contentUrl":"https:\/\/crematieasinglas.nl\/wp-content\/uploads\/2024\/10\/logo-02-playfair-googlefont-met-hartje-02.png","width":582,"height":136,"caption":"Dierbaarasinglas.nl"},"image":{"@id":"https:\/\/crematieasinglas.nl\/#\/schema\/logo\/image\/"}}]}},"_links":{"self":[{"href":"https:\/\/crematieasinglas.nl\/de\/wp-json\/wp\/v2\/product\/19330","targetHints":{"allow":["GET"]}}],"collection":[{"href":"https:\/\/crematieasinglas.nl\/de\/wp-json\/wp\/v2\/product"}],"about":[{"href":"https:\/\/crematieasinglas.nl\/de\/wp-json\/wp\/v2\/types\/product"}],"replies":[{"embeddable":true,"href":"https:\/\/crematieasinglas.nl\/de\/wp-json\/wp\/v2\/comments?post=19330"}],"wp:featuredmedia":[{"embeddable":true,"href":"https:\/\/crematieasinglas.nl\/de\/wp-json\/wp\/v2\/media\/13500"}],"wp:attachment":[{"href":"https:\/\/crematieasinglas.nl\/de\/wp-json\/wp\/v2\/media?parent=19330"}],"wp:term":[{"taxonomy":"product_brand","embeddable":true,"href":"https:\/\/crematieasinglas.nl\/de\/wp-json\/wp\/v2\/product_brand?post=19330"},{"taxonomy":"product_cat","embeddable":true,"href":"https:\/\/crematieasinglas.nl\/de\/wp-json\/wp\/v2\/product_cat?post=19330"},{"taxonomy":"product_tag","embeddable":true,"href":"https:\/\/crematieasinglas.nl\/de\/wp-json\/wp\/v2\/product_tag?post=19330"}],"curies":[{"name":"wp","href":"https:\/\/api.w.org\/{rel}","templated":true}]}}