{"id":19323,"date":"2025-09-01T10:36:05","date_gmt":"2025-09-01T10:36:05","guid":{"rendered":"https:\/\/ebdxvyckeo.onrocket.site\/product\/gddvs7001-merken-damenschmuck-mit-doppelter-verarbeitung\/"},"modified":"2025-06-23T12:57:06","modified_gmt":"2025-06-23T12:57:06","slug":"gddvs7001-merken-damenschmuck-mit-doppelter-verarbeitung","status":"publish","type":"product","link":"https:\/\/crematieasinglas.nl\/de\/produkt\/gddvs7001-merken-damenschmuck-mit-doppelter-verarbeitung\/","title":{"rendered":"GDDVS7001 | Merken Damenschmuck mit doppelter Verarbeitung"},"content":{"rendered":"<p>Code-Nummer: GDDVS7001<br \/>\nKollektion: F\u00fcr Sie<br \/>\nKategorie: Gedenken an Damen Schmuck mit doppelter Verarbeitung 7000<\/p>\n<h3>Lieferzeit:<br \/>\n8 Werktage (2 Wochen) nach Erhalt der Ein\u00e4scherungsasche<\/h3>\n<h3>Information:<\/h3>\n<p>H\u00f6he: 12mm<br \/>\nBreite: Sonderanfertigung<br \/>\nTiefe: Sonderanfertigung<br \/>\nFarbe: multi color schimmert<br \/>\nInhalt:<br \/>\nLagerbestand: 5 Lagerartikel<\/p>\n<h3>Spezifische Beschreibung:<\/h3>\n<h3>Definition:<\/h3>\n<p>Bitte beachten Sie: Dieser Gedenkschmuck wird f\u00fcr Sie handgefertigt und kann nicht zu Hause gef\u00fcllt werden.<br \/>\nDieses Schmuckst\u00fcck kann 2 verschiedene Ein\u00e4scherungsasche enthalten, die in zwei separaten Glasanh\u00e4ngern verarbeitet sind. Die Verarbeitung erfolgt in meinem Atelier mit Sorgfalt, Respekt und gr\u00f6\u00dfter Aufmerksamkeit \u2013 die Ein\u00e4scherungsasche wird separat und mit gr\u00f6\u00dfter Sorgfalt behandelt, so dass Sie sich voll und ganz darauf verlassen k\u00f6nnen, dass Ihre Erinnerungen in sicheren H\u00e4nden sind.<br \/>\nDie gezeigten Fotos zeigen ein Beispiel f\u00fcr das Endergebnis, aber jedes Erinnerungsschmuckst\u00fcck ist ein Unikat. Die Ein\u00e4scherungsasche kann in Farbe und Textur variieren, um ein vollst\u00e4ndig personalisiertes Ergebnis zu gew\u00e4hrleisten.<br \/>\nNach der Bestellung erhalten Sie klare Versandanweisungen per E-Mail. Nach Erhalt der Ein\u00e4scherungsasche wird Ihr Schmuck nach 8 Werktagen sorgf\u00e4ltig per Paketpost oder Briefkasten von DHL zur\u00fcckgesandt. Das restliche Material wird ordentlich gepflegt und separat verpackt mit der Sendung zur\u00fcckgeschickt.<br \/>\nCrematieasinglas.nl handelt sich um eine gesch\u00fctzte und garantierte Marke, die offiziell im Europ\u00e4ischen Markenregister (BOIP) eingetragen ist. Sie k\u00f6nnen sich auf ein sorgf\u00e4ltig gefertigtes, handgefertigtes Erinnerungsschmuckst\u00fcck verlassen \u2013 einzigartig, pers\u00f6nlich und ohne Massenproduktion.     <\/p>\n<h3>Lieferung:<\/h3>\n<p>Nachdem ich dieses ausgew\u00e4hlte Damenarmband mit doppelter Ein\u00e4scherung, Ascheverarbeitung, bestellt habe, werde ich mich per E-Mail mit Ihnen in Verbindung setzen, um Ihre Handgelenksgr\u00f6\u00dfe anzufordern. Sie erhalten eine klare Anweisung, um die richtige Gr\u00f6\u00dfe einfach weiterzugeben. Anhand dieser Gr\u00f6\u00dfe wird die Gr\u00f6\u00dfe f\u00fcr den Armreif bestimmt. Die Optionen sind Gr\u00f6\u00dfe S, Gr\u00f6\u00dfe M und Gr\u00f6\u00dfe L. Diese Armbandgr\u00f6\u00dfen sind von Handgelenksgr\u00f6\u00dfe 15 cm bis Handgelenkgr\u00f6\u00dfe 18,5 cm geeignet!     <\/p>\n<p>Sie erhalten dann ein kostenloses digitales Versandetikett (nur f\u00fcr niederl\u00e4ndische Adressen), mit dem Sie die Ein\u00e4scherung sicher an mich senden k\u00f6nnen. Eine kleine Menge \u2013 etwa zwei Teel\u00f6ffel, pro Ein\u00e4scherung Asche (also insgesamt 4 Teel\u00f6ffel bei doppelter Verarbeitung) \u2013 ist ausreichend. Ich erkl\u00e4re Ihnen in meiner E-Mail anschaulich, wie Sie dies am besten verpacken und versenden k\u00f6nnen.  <\/p>\n<p>F\u00fcr ausl\u00e4ndische Kunden ist das Versandetikett leider nicht verf\u00fcgbar, aber ich m\u00f6chte Ihnen Tipps f\u00fcr einen sicheren Versand aus dem Ausland geben.<\/p>\n<p>Das Versandetikett ist f\u00fcr ein DHL-Postfachpaket gedacht, das Sie per Track &amp; Trace verfolgen k\u00f6nnen. Sie k\u00f6nnen das Paket innerhalb von 5 Tagen kostenlos an einer DHL-Abgabestelle zur\u00fccksenden. In meiner E-Mail gebe ich an, welche Ma\u00dfe das Paket erf\u00fcllen muss und wo sich die n\u00e4chste DHL-Station befindet.  <\/p>\n<p>Eine sichere und nachverfolgbare Sendung war immer garantiert, obwohl wir keine Verantwortung f\u00fcr Fehler seitens des Spediteurs \u00fcbernehmen k\u00f6nnen.<\/p>\n<p>M\u00f6chten Sie die Asche lieber pers\u00f6nlich \u00fcbergeben? Dies ist nach Terminabsprache in meinem Showroom im Hoogakker 2E in hapert m\u00f6glich. Hierf\u00fcr k\u00f6nnen Sie ganz einfach \u00fcber www.crematieasinglas.nl einen Termin vereinbaren.  <\/p>\n<p>Nach Erhalt der Ein\u00e4scherungsasche arbeite ich mit gr\u00f6\u00dfter Sorgfalt und Hingabe an Ihrem Gedenkschmuck, oder besuchen Sie unsere Website: <a href=\"https:\/\/crematieasinglas.nl\">Website crematieasinglas.nl<\/a><\/p>\n<h3>Eindruck<\/h3>\n<div style=\"width: 640px;\" class=\"wp-video\"><video class=\"wp-video-shortcode\" id=\"video-19323-1\" width=\"640\" height=\"360\" preload=\"metadata\" controls=\"controls\"><source type=\"video\/mp4\" src=\"https:\/\/crematieasinglas.nl\/media\/voor-haar\/gedenk-dames-dubbele-verwerking-sieraad-7000\/crematie-as-dames-dubbele-verwerking-sieraad-armband-rainbow-video-gddvs7001.mp4?_=1\" \/><a href=\"https:\/\/crematieasinglas.nl\/media\/voor-haar\/gedenk-dames-dubbele-verwerking-sieraad-7000\/crematie-as-dames-dubbele-verwerking-sieraad-armband-rainbow-video-gddvs7001.mp4\">https:\/\/crematieasinglas.nl\/media\/voor-haar\/gedenk-dames-dubbele-verwerking-sieraad-7000\/crematie-as-dames-dubbele-verwerking-sieraad-armband-rainbow-video-gddvs7001.mp4<\/a><\/video><\/div>\n<p>&nbsp;<\/p>\n","protected":false},"excerpt":{"rendered":"<p>Damen Gedenkarmband aus Edelstahl mit zwei Glasanh\u00e4ngern, in denen Ein\u00e4scherungsasche verarbeitet wird. Dezent, sicher und funkelnd mit einem silbernen G\u00e4nsebl\u00fcmchen als Symbol der Verbundenheit. <\/p>\n","protected":false},"featured_media":19324,"comment_status":"closed","ping_status":"open","template":"","meta":[],"product_brand":[],"product_cat":[759,760],"product_tag":[],"class_list":{"0":"post-19323","1":"product","2":"type-product","3":"status-publish","4":"has-post-thumbnail","6":"product_cat-fur-sie","7":"product_cat-gedenken-an-damenschmuck-mit-doppelter-verarbeitung-7000","8":"pa_kleur-mehrfarbige-schimmer","10":"first","11":"instock","12":"purchasable","13":"product-type-simple"},"yoast_head":"<!-- This site is optimized with the Yoast SEO Premium plugin v27.5 (Yoast SEO v27.5) - https:\/\/yoast.com\/product\/yoast-seo-premium-wordpress\/ -->\n<title>GDDVS7001 | Merken Damenschmuck mit doppelter Verarbeitung - Winkel voor Crematie-as in glas<\/title>\n<meta name=\"robots\" content=\"index, follow, max-snippet:-1, max-image-preview:large, max-video-preview:-1\" \/>\n<link rel=\"canonical\" href=\"https:\/\/crematieasinglas.nl\/de\/produkt\/gddvs7001-merken-damenschmuck-mit-doppelter-verarbeitung\/\" \/>\n<meta property=\"og:locale\" content=\"de_DE\" \/>\n<meta property=\"og:type\" content=\"article\" \/>\n<meta property=\"og:title\" content=\"GDDVS7001 | Merken Damenschmuck mit doppelter Verarbeitung\" \/>\n<meta property=\"og:description\" content=\"Damen Gedenkarmband aus Edelstahl mit zwei Glasanh\u00e4ngern, in denen Ein\u00e4scherungsasche verarbeitet wird. Dezent, sicher und funkelnd mit einem silbernen G\u00e4nsebl\u00fcmchen als Symbol der Verbundenheit.\" \/>\n<meta property=\"og:url\" content=\"https:\/\/crematieasinglas.nl\/de\/produkt\/gddvs7001-merken-damenschmuck-mit-doppelter-verarbeitung\/\" \/>\n<meta property=\"og:site_name\" content=\"Winkel voor Crematie-as in glas\" \/>\n<meta property=\"og:image\" content=\"https:\/\/crematieasinglas.nl\/wp-content\/uploads\/2025\/06\/crematie-as-dames-dubbele-verwerking-sieraad-armband-rainbow-1-gddvs7001.jpg\" \/>\n\t<meta property=\"og:image:width\" content=\"1000\" \/>\n\t<meta property=\"og:image:height\" content=\"667\" \/>\n\t<meta property=\"og:image:type\" content=\"image\/jpeg\" \/>\n<meta name=\"twitter:card\" content=\"summary_large_image\" \/>\n<meta name=\"twitter:label1\" content=\"Gesch\u00e4tzte Lesezeit\" \/>\n\t<meta name=\"twitter:data1\" content=\"3\u00a0Minuten\" \/>\n<script type=\"application\/ld+json\" class=\"yoast-schema-graph\">{\"@context\":\"https:\\\/\\\/schema.org\",\"@graph\":[{\"@type\":\"WebPage\",\"@id\":\"https:\\\/\\\/crematieasinglas.nl\\\/de\\\/produkt\\\/gddvs7001-merken-damenschmuck-mit-doppelter-verarbeitung\\\/\",\"url\":\"https:\\\/\\\/crematieasinglas.nl\\\/de\\\/produkt\\\/gddvs7001-merken-damenschmuck-mit-doppelter-verarbeitung\\\/\",\"name\":\"GDDVS7001 | Merken Damenschmuck mit doppelter Verarbeitung - Winkel voor Crematie-as in glas\",\"isPartOf\":{\"@id\":\"https:\\\/\\\/crematieasinglas.nl\\\/#website\"},\"primaryImageOfPage\":{\"@id\":\"https:\\\/\\\/crematieasinglas.nl\\\/de\\\/produkt\\\/gddvs7001-merken-damenschmuck-mit-doppelter-verarbeitung\\\/#primaryimage\"},\"image\":{\"@id\":\"https:\\\/\\\/crematieasinglas.nl\\\/de\\\/produkt\\\/gddvs7001-merken-damenschmuck-mit-doppelter-verarbeitung\\\/#primaryimage\"},\"thumbnailUrl\":\"https:\\\/\\\/crematieasinglas.nl\\\/wp-content\\\/uploads\\\/2025\\\/06\\\/crematie-as-dames-dubbele-verwerking-sieraad-armband-rainbow-1-gddvs7001.jpg\",\"datePublished\":\"2025-09-01T10:36:05+00:00\",\"breadcrumb\":{\"@id\":\"https:\\\/\\\/crematieasinglas.nl\\\/de\\\/produkt\\\/gddvs7001-merken-damenschmuck-mit-doppelter-verarbeitung\\\/#breadcrumb\"},\"inLanguage\":\"de\",\"potentialAction\":[{\"@type\":\"ReadAction\",\"target\":[\"https:\\\/\\\/crematieasinglas.nl\\\/de\\\/produkt\\\/gddvs7001-merken-damenschmuck-mit-doppelter-verarbeitung\\\/\"]}]},{\"@type\":\"ImageObject\",\"inLanguage\":\"de\",\"@id\":\"https:\\\/\\\/crematieasinglas.nl\\\/de\\\/produkt\\\/gddvs7001-merken-damenschmuck-mit-doppelter-verarbeitung\\\/#primaryimage\",\"url\":\"https:\\\/\\\/crematieasinglas.nl\\\/wp-content\\\/uploads\\\/2025\\\/06\\\/crematie-as-dames-dubbele-verwerking-sieraad-armband-rainbow-1-gddvs7001.jpg\",\"contentUrl\":\"https:\\\/\\\/crematieasinglas.nl\\\/wp-content\\\/uploads\\\/2025\\\/06\\\/crematie-as-dames-dubbele-verwerking-sieraad-armband-rainbow-1-gddvs7001.jpg\",\"width\":1000,\"height\":667},{\"@type\":\"BreadcrumbList\",\"@id\":\"https:\\\/\\\/crematieasinglas.nl\\\/de\\\/produkt\\\/gddvs7001-merken-damenschmuck-mit-doppelter-verarbeitung\\\/#breadcrumb\",\"itemListElement\":[{\"@type\":\"ListItem\",\"position\":1,\"name\":\"Home\",\"item\":\"https:\\\/\\\/crematieasinglas.nl\\\/\"},{\"@type\":\"ListItem\",\"position\":2,\"name\":\"Shop\",\"item\":\"https:\\\/\\\/crematieasinglas.nl\\\/de\\\/shop\\\/\"},{\"@type\":\"ListItem\",\"position\":3,\"name\":\"GDDVS7001 | Merken Damenschmuck mit doppelter Verarbeitung\"}]},{\"@type\":\"WebSite\",\"@id\":\"https:\\\/\\\/crematieasinglas.nl\\\/#website\",\"url\":\"https:\\\/\\\/crematieasinglas.nl\\\/\",\"name\":\"Winkel voor Crematie-as in glas\",\"description\":\"Een winkel voor crematieasinglas.nl\",\"publisher\":{\"@id\":\"https:\\\/\\\/crematieasinglas.nl\\\/#organization\"},\"potentialAction\":[{\"@type\":\"SearchAction\",\"target\":{\"@type\":\"EntryPoint\",\"urlTemplate\":\"https:\\\/\\\/crematieasinglas.nl\\\/?s={search_term_string}\"},\"query-input\":{\"@type\":\"PropertyValueSpecification\",\"valueRequired\":true,\"valueName\":\"search_term_string\"}}],\"inLanguage\":\"de\"},{\"@type\":\"Organization\",\"@id\":\"https:\\\/\\\/crematieasinglas.nl\\\/#organization\",\"name\":\"Dierbaarasinglas.nl\",\"alternateName\":\"Crematieasinglas.nl\",\"url\":\"https:\\\/\\\/crematieasinglas.nl\\\/\",\"logo\":{\"@type\":\"ImageObject\",\"inLanguage\":\"de\",\"@id\":\"https:\\\/\\\/crematieasinglas.nl\\\/#\\\/schema\\\/logo\\\/image\\\/\",\"url\":\"https:\\\/\\\/crematieasinglas.nl\\\/wp-content\\\/uploads\\\/2024\\\/10\\\/logo-02-playfair-googlefont-met-hartje-02.png\",\"contentUrl\":\"https:\\\/\\\/crematieasinglas.nl\\\/wp-content\\\/uploads\\\/2024\\\/10\\\/logo-02-playfair-googlefont-met-hartje-02.png\",\"width\":582,\"height\":136,\"caption\":\"Dierbaarasinglas.nl\"},\"image\":{\"@id\":\"https:\\\/\\\/crematieasinglas.nl\\\/#\\\/schema\\\/logo\\\/image\\\/\"}}]}<\/script>\n<!-- \/ Yoast SEO Premium plugin. -->","yoast_head_json":{"title":"GDDVS7001 | Merken Damenschmuck mit doppelter Verarbeitung - Winkel voor Crematie-as in glas","robots":{"index":"index","follow":"follow","max-snippet":"max-snippet:-1","max-image-preview":"max-image-preview:large","max-video-preview":"max-video-preview:-1"},"canonical":"https:\/\/crematieasinglas.nl\/de\/produkt\/gddvs7001-merken-damenschmuck-mit-doppelter-verarbeitung\/","og_locale":"de_DE","og_type":"article","og_title":"GDDVS7001 | Merken Damenschmuck mit doppelter Verarbeitung","og_description":"Damen Gedenkarmband aus Edelstahl mit zwei Glasanh\u00e4ngern, in denen Ein\u00e4scherungsasche verarbeitet wird. Dezent, sicher und funkelnd mit einem silbernen G\u00e4nsebl\u00fcmchen als Symbol der Verbundenheit.","og_url":"https:\/\/crematieasinglas.nl\/de\/produkt\/gddvs7001-merken-damenschmuck-mit-doppelter-verarbeitung\/","og_site_name":"Winkel voor Crematie-as in glas","og_image":[{"width":1000,"height":667,"url":"https:\/\/crematieasinglas.nl\/wp-content\/uploads\/2025\/06\/crematie-as-dames-dubbele-verwerking-sieraad-armband-rainbow-1-gddvs7001.jpg","type":"image\/jpeg"}],"twitter_card":"summary_large_image","twitter_misc":{"Gesch\u00e4tzte Lesezeit":"3\u00a0Minuten"},"schema":{"@context":"https:\/\/schema.org","@graph":[{"@type":"WebPage","@id":"https:\/\/crematieasinglas.nl\/de\/produkt\/gddvs7001-merken-damenschmuck-mit-doppelter-verarbeitung\/","url":"https:\/\/crematieasinglas.nl\/de\/produkt\/gddvs7001-merken-damenschmuck-mit-doppelter-verarbeitung\/","name":"GDDVS7001 | Merken Damenschmuck mit doppelter Verarbeitung - Winkel voor Crematie-as in glas","isPartOf":{"@id":"https:\/\/crematieasinglas.nl\/#website"},"primaryImageOfPage":{"@id":"https:\/\/crematieasinglas.nl\/de\/produkt\/gddvs7001-merken-damenschmuck-mit-doppelter-verarbeitung\/#primaryimage"},"image":{"@id":"https:\/\/crematieasinglas.nl\/de\/produkt\/gddvs7001-merken-damenschmuck-mit-doppelter-verarbeitung\/#primaryimage"},"thumbnailUrl":"https:\/\/crematieasinglas.nl\/wp-content\/uploads\/2025\/06\/crematie-as-dames-dubbele-verwerking-sieraad-armband-rainbow-1-gddvs7001.jpg","datePublished":"2025-09-01T10:36:05+00:00","breadcrumb":{"@id":"https:\/\/crematieasinglas.nl\/de\/produkt\/gddvs7001-merken-damenschmuck-mit-doppelter-verarbeitung\/#breadcrumb"},"inLanguage":"de","potentialAction":[{"@type":"ReadAction","target":["https:\/\/crematieasinglas.nl\/de\/produkt\/gddvs7001-merken-damenschmuck-mit-doppelter-verarbeitung\/"]}]},{"@type":"ImageObject","inLanguage":"de","@id":"https:\/\/crematieasinglas.nl\/de\/produkt\/gddvs7001-merken-damenschmuck-mit-doppelter-verarbeitung\/#primaryimage","url":"https:\/\/crematieasinglas.nl\/wp-content\/uploads\/2025\/06\/crematie-as-dames-dubbele-verwerking-sieraad-armband-rainbow-1-gddvs7001.jpg","contentUrl":"https:\/\/crematieasinglas.nl\/wp-content\/uploads\/2025\/06\/crematie-as-dames-dubbele-verwerking-sieraad-armband-rainbow-1-gddvs7001.jpg","width":1000,"height":667},{"@type":"BreadcrumbList","@id":"https:\/\/crematieasinglas.nl\/de\/produkt\/gddvs7001-merken-damenschmuck-mit-doppelter-verarbeitung\/#breadcrumb","itemListElement":[{"@type":"ListItem","position":1,"name":"Home","item":"https:\/\/crematieasinglas.nl\/"},{"@type":"ListItem","position":2,"name":"Shop","item":"https:\/\/crematieasinglas.nl\/de\/shop\/"},{"@type":"ListItem","position":3,"name":"GDDVS7001 | Merken Damenschmuck mit doppelter Verarbeitung"}]},{"@type":"WebSite","@id":"https:\/\/crematieasinglas.nl\/#website","url":"https:\/\/crematieasinglas.nl\/","name":"Winkel voor Crematie-as in glas","description":"Een winkel voor crematieasinglas.nl","publisher":{"@id":"https:\/\/crematieasinglas.nl\/#organization"},"potentialAction":[{"@type":"SearchAction","target":{"@type":"EntryPoint","urlTemplate":"https:\/\/crematieasinglas.nl\/?s={search_term_string}"},"query-input":{"@type":"PropertyValueSpecification","valueRequired":true,"valueName":"search_term_string"}}],"inLanguage":"de"},{"@type":"Organization","@id":"https:\/\/crematieasinglas.nl\/#organization","name":"Dierbaarasinglas.nl","alternateName":"Crematieasinglas.nl","url":"https:\/\/crematieasinglas.nl\/","logo":{"@type":"ImageObject","inLanguage":"de","@id":"https:\/\/crematieasinglas.nl\/#\/schema\/logo\/image\/","url":"https:\/\/crematieasinglas.nl\/wp-content\/uploads\/2024\/10\/logo-02-playfair-googlefont-met-hartje-02.png","contentUrl":"https:\/\/crematieasinglas.nl\/wp-content\/uploads\/2024\/10\/logo-02-playfair-googlefont-met-hartje-02.png","width":582,"height":136,"caption":"Dierbaarasinglas.nl"},"image":{"@id":"https:\/\/crematieasinglas.nl\/#\/schema\/logo\/image\/"}}]}},"_links":{"self":[{"href":"https:\/\/crematieasinglas.nl\/de\/wp-json\/wp\/v2\/product\/19323","targetHints":{"allow":["GET"]}}],"collection":[{"href":"https:\/\/crematieasinglas.nl\/de\/wp-json\/wp\/v2\/product"}],"about":[{"href":"https:\/\/crematieasinglas.nl\/de\/wp-json\/wp\/v2\/types\/product"}],"replies":[{"embeddable":true,"href":"https:\/\/crematieasinglas.nl\/de\/wp-json\/wp\/v2\/comments?post=19323"}],"wp:featuredmedia":[{"embeddable":true,"href":"https:\/\/crematieasinglas.nl\/de\/wp-json\/wp\/v2\/media\/19324"}],"wp:attachment":[{"href":"https:\/\/crematieasinglas.nl\/de\/wp-json\/wp\/v2\/media?parent=19323"}],"wp:term":[{"taxonomy":"product_brand","embeddable":true,"href":"https:\/\/crematieasinglas.nl\/de\/wp-json\/wp\/v2\/product_brand?post=19323"},{"taxonomy":"product_cat","embeddable":true,"href":"https:\/\/crematieasinglas.nl\/de\/wp-json\/wp\/v2\/product_cat?post=19323"},{"taxonomy":"product_tag","embeddable":true,"href":"https:\/\/crematieasinglas.nl\/de\/wp-json\/wp\/v2\/product_tag?post=19323"}],"curies":[{"name":"wp","href":"https:\/\/api.w.org\/{rel}","templated":true}]}}