{"id":20215,"date":"2025-07-07T11:56:30","date_gmt":"2025-07-07T11:56:30","guid":{"rendered":"https:\/\/ebdxvyckeo.onrocket.site\/?page_id=20215"},"modified":"2025-09-05T12:10:38","modified_gmt":"2025-09-05T12:10:38","slug":"informationen-sailrope-armbander","status":"publish","type":"page","link":"https:\/\/crematieasinglas.nl\/de\/informationen-sailrope-armbander\/","title":{"rendered":"Verzichtserkl\u00e4rung"},"content":{"rendered":"\t\t<div data-elementor-type=\"wp-page\" data-elementor-id=\"20215\" class=\"elementor elementor-20215 elementor-20214\" data-elementor-post-type=\"page\">\n\t\t\t\t<div class=\"elementor-element elementor-element-6a9ceeb e-flex e-con-boxed e-con e-parent\" data-id=\"6a9ceeb\" data-element_type=\"container\" data-e-type=\"container\">\n\t\t\t\t\t<div class=\"e-con-inner\">\n\t\t<div class=\"elementor-element elementor-element-b94116a e-con-full e-flex e-con e-child\" data-id=\"b94116a\" data-element_type=\"container\" data-e-type=\"container\">\n\t\t\t\t<div class=\"elementor-element elementor-element-ea00465 elementor-widget elementor-widget-image\" data-id=\"ea00465\" data-element_type=\"widget\" data-e-type=\"widget\" data-widget_type=\"image.default\">\n\t\t\t\t<div class=\"elementor-widget-container\">\n\t\t\t\t\t\t\t\t\t\t\t\t\t\t\t<img fetchpriority=\"high\" decoding=\"async\" width=\"734\" height=\"1024\" src=\"https:\/\/crematieasinglas.nl\/wp-content\/uploads\/2025\/07\/Design-urn-\u2013-green-yellow-ash-chamber-\u2013-robin-and-name-on-urn-dgu007-734x1024.jpg\" class=\"attachment-large size-large wp-image-20883\" alt=\"eine Glasurne, auf der ein Bild eines Rotkehlchens und ein Name mittels Fotofolie bearbeitet wurden\" srcset=\"https:\/\/crematieasinglas.nl\/wp-content\/uploads\/2025\/07\/Design-urn-\u2013-green-yellow-ash-chamber-\u2013-robin-and-name-on-urn-dgu007-734x1024.jpg 734w, https:\/\/crematieasinglas.nl\/wp-content\/uploads\/2025\/07\/Design-urn-\u2013-green-yellow-ash-chamber-\u2013-robin-and-name-on-urn-dgu007-215x300.jpg 215w, https:\/\/crematieasinglas.nl\/wp-content\/uploads\/2025\/07\/Design-urn-\u2013-green-yellow-ash-chamber-\u2013-robin-and-name-on-urn-dgu007-768x1072.jpg 768w, https:\/\/crematieasinglas.nl\/wp-content\/uploads\/2025\/07\/Design-urn-\u2013-green-yellow-ash-chamber-\u2013-robin-and-name-on-urn-dgu007-1100x1536.jpg 1100w, https:\/\/crematieasinglas.nl\/wp-content\/uploads\/2025\/07\/Design-urn-\u2013-green-yellow-ash-chamber-\u2013-robin-and-name-on-urn-dgu007-600x837.jpg 600w, https:\/\/crematieasinglas.nl\/wp-content\/uploads\/2025\/07\/Design-urn-\u2013-green-yellow-ash-chamber-\u2013-robin-and-name-on-urn-dgu007.jpg 1329w\" sizes=\"(max-width: 734px) 100vw, 734px\" \/>\t\t\t\t\t\t\t\t\t\t\t\t\t\t\t<\/div>\n\t\t\t\t<\/div>\n\t\t\t\t<\/div>\n\t\t<div class=\"elementor-element elementor-element-87fd550 e-con-full e-flex e-con e-child\" data-id=\"87fd550\" data-element_type=\"container\" data-e-type=\"container\">\n\t\t\t\t<div class=\"elementor-element elementor-element-89312f0 elementor-widget elementor-widget-text-editor\" data-id=\"89312f0\" data-element_type=\"widget\" data-e-type=\"widget\" data-widget_type=\"text-editor.default\">\n\t\t\t\t<div class=\"elementor-widget-container\">\n\t\t\t\t\t\t\t\t\t<h2 data-start=\"146\" data-end=\"195\">Haftungsausschluss \u2013 Asche und Gedenkartikel<\/h2><p data-start=\"197\" data-end=\"376\">\u00a0<\/p><p data-start=\"197\" data-end=\"376\">Meine Dienstleistung besteht darin, Kremationsasche in Gedenkartikel wie Urnen und Schmuckst\u00fccke zu verarbeiten. Dabei arbeite ich stets mit gr\u00f6\u00dftm\u00f6glicher Sorgfalt und Respekt.<\/p><h3 data-start=\"378\" data-end=\"413\">\u00a0<\/h3><h3 data-start=\"378\" data-end=\"413\">1. Umgang mit Kremationsasche<\/h3><p data-start=\"414\" data-end=\"568\">Die Kremationsasche wird in meinem Atelier mit gr\u00f6\u00dfter Sorgfalt und Aufmerksamkeit verarbeitet, im Einklang mit den geltenden Gesetzen und Vorschriften.<\/p><h3 data-start=\"570\" data-end=\"636\">\u00a0<\/h3><h3 data-start=\"570\" data-end=\"636\">2. Versand von Kremationsasche (durch den Kunden verschickt)<\/h3><p data-start=\"637\" data-end=\"945\">Der Versand von Kremationsasche an mein Atelier erfolgt stets auf eigenes Risiko des Kunden. Auch wenn dies in der Praxis meist problemlos \u00fcber anerkannte Versanddienstleister verl\u00e4uft, kann ich keine Haftung f\u00fcr Verlust, Verz\u00f6gerung oder Besch\u00e4digung der Kremationsasche w\u00e4hrend des Transports \u00fcbernehmen.<\/p><h3 data-start=\"947\" data-end=\"978\">\u00a0<\/h3><h3 data-start=\"947\" data-end=\"978\">Menge der Kremationsasche<\/h3><p data-start=\"979\" data-end=\"1365\">F\u00fcr die Herstellung eines Gedenkartikels wird nur eine sehr kleine Menge Asche ben\u00f6tigt. In den meisten F\u00e4llen gen\u00fcgen etwa zwei Teel\u00f6ffel pro Artikel. Es ist daher niemals notwendig, gr\u00f6\u00dfere Mengen Asche zu versenden. Es geht ausschlie\u00dflich um eine kleine symbolische Menge, die in das Schmuckst\u00fcck oder den Artikel eingearbeitet wird \u2013 nicht um das vollst\u00e4ndige Bef\u00fcllen einer Urne.<\/p><h3 data-start=\"1367\" data-end=\"1454\">\u00a0<\/h3><h3 data-start=\"1367\" data-end=\"1454\">3. Versand von Urnen und Gedenkartikeln (durch Crematieasinglas.nl an den Kunden)<\/h3><p data-start=\"1455\" data-end=\"1943\">Alle Urnen und Gedenkartikel \u2013 ob aus Glas, Keramik, Holz, Metall oder anderem Material \u2013 werden von mir mit Sorgfalt gefertigt oder personalisiert, gepr\u00fcft und sicher verpackt. Sollte es w\u00e4hrend des Transports zu Ihnen dennoch zu einer Besch\u00e4digung kommen, melden Sie dies bitte so schnell wie m\u00f6glich und sp\u00e4testens innerhalb von 14 Tagen nach Erhalt, zusammen mit eindeutigen Fotos des besch\u00e4digten Artikels. Ich sorge stets daf\u00fcr, gemeinsam mit Ihnen eine passende L\u00f6sung zu finden.<\/p><h3 data-start=\"1945\" data-end=\"2036\">\u00a0<\/h3><h3 data-start=\"1945\" data-end=\"2036\">4. R\u00fccksendung durch den Kunden (Produkt wird an Crematieasinglas.nl zur\u00fcckgeschickt)<\/h3><p data-start=\"2037\" data-end=\"2413\">Wenn Sie einen Gedenkartikel an mich zur\u00fccksenden (gem\u00e4\u00df den R\u00fcckgabebedingungen), erfolgt der Transport bis zum Eingang bei mir auf Ihr eigenes Risiko. Verpacken Sie den Artikel sorgf\u00e4ltig, nutzen Sie eine Sendungsverfolgung und bewahren Sie den Versandnachweis auf. F\u00fcr Sch\u00e4den oder Verluste, die w\u00e4hrend dieses R\u00fccktransports entstehen, kann ich keine Erstattung leisten.<\/p><h3 data-start=\"2415\" data-end=\"2450\">\u00a0<\/h3><h3 data-start=\"2415\" data-end=\"2450\">5. Probleme bei der Lieferung<\/h3><p data-start=\"2451\" data-end=\"2724\">Sollte ein Problem auftreten (z. B. Transportschaden), melden Sie dies bitte innerhalb von 14 Tagen schriftlich und f\u00fcgen Sie eindeutige Fotos des Produkts, der Verpackung und des Versandetiketts bei. Ich werde stets mit Ihnen zusammen nach einer passenden L\u00f6sung suchen.<\/p><h3 data-start=\"2726\" data-end=\"2754\">\u00a0<\/h3><h3 data-start=\"2726\" data-end=\"2754\">6. R\u00fcckgabebedingungen<\/h3><p data-start=\"2755\" data-end=\"3126\">R\u00fccksendungen sind ausschlie\u00dflich im Rahmen der geltenden R\u00fcckgabebedingungen m\u00f6glich.<br data-start=\"2841\" data-end=\"2844\" \/>Bitte beachten Sie: Urnen oder Gedenkschmuckst\u00fccke, in die Kremationsasche eingef\u00fcllt oder eingearbeitet wurde, k\u00f6nnen nicht zur\u00fcckgesandt werden.<br data-start=\"2990\" data-end=\"2993\" \/>Urnen oder Gedenkschmuckst\u00fccke mit Tiefengravur durch Sandstrahlen oder Lasergravur sind ebenfalls von der R\u00fcckgabe ausgeschlossen.<\/p><h3 data-start=\"3128\" data-end=\"3160\">\u00a0<\/h3><h3 data-start=\"3128\" data-end=\"3160\">7. Annahme der Bedingungen<\/h3><p data-start=\"3161\" data-end=\"3365\">Durch die Nutzung meiner Dienstleistung erkl\u00e4ren Sie sich mit diesen Bedingungen einverstanden und best\u00e4tigen, dass Sie sich der Risiken beim Versand von Kremationsasche und Gedenkartikeln bewusst sind.<\/p><p data-start=\"3367\" data-end=\"3432\">\u00a0<\/p><p data-start=\"3367\" data-end=\"3432\"><strong data-start=\"3367\" data-end=\"3390\">Crematie-as in glas<\/strong><br data-start=\"3390\" data-end=\"3393\" \/><a class=\"decorated-link cursor-pointer\" rel=\"noopener\" data-start=\"3393\" data-end=\"3417\">info@crematieasinglas.nl<\/a><br data-start=\"3417\" data-end=\"3420\" \/>01-05-2024<\/p><hr data-start=\"3434\" data-end=\"3437\" \/>\t\t\t\t\t\t\t\t<\/div>\n\t\t\t\t<\/div>\n\t\t\t\t<\/div>\n\t\t\t\t\t<\/div>\n\t\t\t\t<\/div>\n\t\t<div class=\"elementor-element elementor-element-35e1a53 e-flex e-con-boxed e-con e-parent\" data-id=\"35e1a53\" data-element_type=\"container\" data-e-type=\"container\">\n\t\t\t\t\t<div class=\"e-con-inner\">\n\t\t\t\t<div class=\"elementor-element elementor-element-b1dbd18 elementor-widget__width-initial elementor-widget elementor-widget-text-editor\" data-id=\"b1dbd18\" data-element_type=\"widget\" data-e-type=\"widget\" data-widget_type=\"text-editor.default\">\n\t\t\t\t<div class=\"elementor-widget-container\">\n\t\t\t\t\t\t\t\t\t<h3><\/h3>\n<p>Wenn Sie weitere Fragen haben, k\u00f6nnen Sie sich jederzeit \u00fcber das Kontaktformular an uns wenden.<\/p>\n<h3><\/h3>\n<p>Gr\u00fc\u00dfe<\/p>\n<h3><\/h3>\n<p>Jet Couwenberg<\/p>\t\t\t\t\t\t\t\t<\/div>\n\t\t\t\t<\/div>\n\t\t<div class=\"elementor-element elementor-element-1ca2f20 e-con-full e-flex e-con e-child\" data-id=\"1ca2f20\" data-element_type=\"container\" data-e-type=\"container\">\n\t\t\t\t<div class=\"elementor-element elementor-element-2fa0a22 elementor-widget elementor-widget-image\" data-id=\"2fa0a22\" data-element_type=\"widget\" data-e-type=\"widget\" data-widget_type=\"image.default\">\n\t\t\t\t<div class=\"elementor-widget-container\">\n\t\t\t\t\t\t\t\t\t\t\t\t\t\t\t<img decoding=\"async\" width=\"822\" height=\"964\" src=\"https:\/\/crematieasinglas.nl\/wp-content\/uploads\/2025\/07\/jet-crematie-as-in-glas-schowroom.jpg\" class=\"attachment-large size-large wp-image-20857\" alt=\"jet zit aan een tafel in de showroom\" srcset=\"https:\/\/crematieasinglas.nl\/wp-content\/uploads\/2025\/07\/jet-crematie-as-in-glas-schowroom.jpg 822w, https:\/\/crematieasinglas.nl\/wp-content\/uploads\/2025\/07\/jet-crematie-as-in-glas-schowroom-256x300.jpg 256w, https:\/\/crematieasinglas.nl\/wp-content\/uploads\/2025\/07\/jet-crematie-as-in-glas-schowroom-768x901.jpg 768w, https:\/\/crematieasinglas.nl\/wp-content\/uploads\/2025\/07\/jet-crematie-as-in-glas-schowroom-600x704.jpg 600w\" sizes=\"(max-width: 822px) 100vw, 822px\" \/>\t\t\t\t\t\t\t\t\t\t\t\t\t\t\t<\/div>\n\t\t\t\t<\/div>\n\t\t\t\t<\/div>\n\t\t\t\t\t<\/div>\n\t\t\t\t<\/div>\n\t\t\t\t<\/div>\n\t\t","protected":false},"excerpt":{"rendered":"<p>Haftungsausschluss \u2013 Asche und Gedenkartikel \u00a0 Meine Dienstleistung besteht darin, Kremationsasche in Gedenkartikel wie Urnen und Schmuckst\u00fccke zu verarbeiten. Dabei arbeite ich stets mit gr\u00f6\u00dftm\u00f6glicher Sorgfalt und Respekt. \u00a0 1.<\/p>\n","protected":false},"author":1,"featured_media":0,"parent":0,"menu_order":0,"comment_status":"closed","ping_status":"closed","template":"","meta":{"footnotes":""},"class_list":["post-20215","page","type-page","status-publish","hentry"],"yoast_head":"<!-- This site is optimized with the Yoast SEO Premium plugin v27.5 (Yoast SEO v27.5) - https:\/\/yoast.com\/product\/yoast-seo-premium-wordpress\/ -->\n<title>Verzichtserkl\u00e4rung - Winkel voor Crematie-as in glas<\/title>\n<meta name=\"description\" content=\"Verzichtserkl\u00e4rung - Winkel voor Crematie-as in glas -\" \/>\n<meta name=\"robots\" content=\"index, follow, max-snippet:-1, max-image-preview:large, max-video-preview:-1\" \/>\n<link rel=\"canonical\" href=\"https:\/\/crematieasinglas.nl\/disclaimer\/\" \/>\n<meta property=\"og:locale\" content=\"de_DE\" \/>\n<meta property=\"og:type\" content=\"article\" \/>\n<meta property=\"og:title\" content=\"Verzichtserkl\u00e4rung\" \/>\n<meta property=\"og:description\" content=\"Verzichtserkl\u00e4rung - Winkel voor Crematie-as in glas -\" \/>\n<meta property=\"og:url\" content=\"https:\/\/crematieasinglas.nl\/disclaimer\/\" \/>\n<meta property=\"og:site_name\" content=\"Winkel voor Crematie-as in glas\" \/>\n<meta property=\"article:modified_time\" content=\"2025-09-05T12:10:38+00:00\" \/>\n<meta property=\"og:image\" content=\"https:\/\/crematieasinglas.nl\/wp-content\/uploads\/2025\/07\/jet-crematie-as-in-glas-schowroom.jpg\" \/>\n<meta name=\"twitter:card\" content=\"summary_large_image\" \/>\n<meta name=\"twitter:label1\" content=\"Gesch\u00e4tzte Lesezeit\" \/>\n\t<meta name=\"twitter:data1\" content=\"3\u00a0Minuten\" \/>\n<script type=\"application\/ld+json\" class=\"yoast-schema-graph\">{\"@context\":\"https:\\\/\\\/schema.org\",\"@graph\":[{\"@type\":\"WebPage\",\"@id\":\"https:\\\/\\\/crematieasinglas.nl\\\/disclaimer\\\/\",\"url\":\"https:\\\/\\\/crematieasinglas.nl\\\/disclaimer\\\/\",\"name\":\"Verzichtserkl\u00e4rung - Winkel voor Crematie-as in glas\",\"isPartOf\":{\"@id\":\"https:\\\/\\\/crematieasinglas.nl\\\/#website\"},\"primaryImageOfPage\":{\"@id\":\"https:\\\/\\\/crematieasinglas.nl\\\/disclaimer\\\/#primaryimage\"},\"image\":{\"@id\":\"https:\\\/\\\/crematieasinglas.nl\\\/disclaimer\\\/#primaryimage\"},\"thumbnailUrl\":\"https:\\\/\\\/crematieasinglas.nl\\\/wp-content\\\/uploads\\\/2025\\\/07\\\/jet-crematie-as-in-glas-schowroom.jpg\",\"datePublished\":\"2025-07-07T11:56:30+00:00\",\"dateModified\":\"2025-09-05T12:10:38+00:00\",\"description\":\"Verzichtserkl\u00e4rung - Winkel voor Crematie-as in glas -\",\"breadcrumb\":{\"@id\":\"https:\\\/\\\/crematieasinglas.nl\\\/disclaimer\\\/#breadcrumb\"},\"inLanguage\":\"de\",\"potentialAction\":[{\"@type\":\"ReadAction\",\"target\":[\"https:\\\/\\\/crematieasinglas.nl\\\/disclaimer\\\/\"]}]},{\"@type\":\"ImageObject\",\"inLanguage\":\"de\",\"@id\":\"https:\\\/\\\/crematieasinglas.nl\\\/disclaimer\\\/#primaryimage\",\"url\":\"https:\\\/\\\/crematieasinglas.nl\\\/wp-content\\\/uploads\\\/2025\\\/07\\\/jet-crematie-as-in-glas-schowroom.jpg\",\"contentUrl\":\"https:\\\/\\\/crematieasinglas.nl\\\/wp-content\\\/uploads\\\/2025\\\/07\\\/jet-crematie-as-in-glas-schowroom.jpg\"},{\"@type\":\"BreadcrumbList\",\"@id\":\"https:\\\/\\\/crematieasinglas.nl\\\/disclaimer\\\/#breadcrumb\",\"itemListElement\":[{\"@type\":\"ListItem\",\"position\":1,\"name\":\"Home\",\"item\":\"https:\\\/\\\/crematieasinglas.nl\\\/\"},{\"@type\":\"ListItem\",\"position\":2,\"name\":\"Verzichtserkl\u00e4rung\"}]},{\"@type\":\"WebSite\",\"@id\":\"https:\\\/\\\/crematieasinglas.nl\\\/#website\",\"url\":\"https:\\\/\\\/crematieasinglas.nl\\\/\",\"name\":\"Winkel voor Crematie-as in glas\",\"description\":\"Een winkel voor crematieasinglas.nl\",\"publisher\":{\"@id\":\"https:\\\/\\\/crematieasinglas.nl\\\/#organization\"},\"potentialAction\":[{\"@type\":\"SearchAction\",\"target\":{\"@type\":\"EntryPoint\",\"urlTemplate\":\"https:\\\/\\\/crematieasinglas.nl\\\/?s={search_term_string}\"},\"query-input\":{\"@type\":\"PropertyValueSpecification\",\"valueRequired\":true,\"valueName\":\"search_term_string\"}}],\"inLanguage\":\"de\"},{\"@type\":\"Organization\",\"@id\":\"https:\\\/\\\/crematieasinglas.nl\\\/#organization\",\"name\":\"Dierbaarasinglas.nl\",\"alternateName\":\"Crematieasinglas.nl\",\"url\":\"https:\\\/\\\/crematieasinglas.nl\\\/\",\"logo\":{\"@type\":\"ImageObject\",\"inLanguage\":\"de\",\"@id\":\"https:\\\/\\\/crematieasinglas.nl\\\/#\\\/schema\\\/logo\\\/image\\\/\",\"url\":\"https:\\\/\\\/crematieasinglas.nl\\\/wp-content\\\/uploads\\\/2024\\\/10\\\/logo-02-playfair-googlefont-met-hartje-02.png\",\"contentUrl\":\"https:\\\/\\\/crematieasinglas.nl\\\/wp-content\\\/uploads\\\/2024\\\/10\\\/logo-02-playfair-googlefont-met-hartje-02.png\",\"width\":582,\"height\":136,\"caption\":\"Dierbaarasinglas.nl\"},\"image\":{\"@id\":\"https:\\\/\\\/crematieasinglas.nl\\\/#\\\/schema\\\/logo\\\/image\\\/\"}}]}<\/script>\n<!-- \/ Yoast SEO Premium plugin. -->","yoast_head_json":{"title":"Verzichtserkl\u00e4rung - Winkel voor Crematie-as in glas","description":"Verzichtserkl\u00e4rung - Winkel voor Crematie-as in glas -","robots":{"index":"index","follow":"follow","max-snippet":"max-snippet:-1","max-image-preview":"max-image-preview:large","max-video-preview":"max-video-preview:-1"},"canonical":"https:\/\/crematieasinglas.nl\/disclaimer\/","og_locale":"de_DE","og_type":"article","og_title":"Verzichtserkl\u00e4rung","og_description":"Verzichtserkl\u00e4rung - Winkel voor Crematie-as in glas -","og_url":"https:\/\/crematieasinglas.nl\/disclaimer\/","og_site_name":"Winkel voor Crematie-as in glas","article_modified_time":"2025-09-05T12:10:38+00:00","og_image":[{"url":"https:\/\/crematieasinglas.nl\/wp-content\/uploads\/2025\/07\/jet-crematie-as-in-glas-schowroom.jpg","type":"","width":"","height":""}],"twitter_card":"summary_large_image","twitter_misc":{"Gesch\u00e4tzte Lesezeit":"3\u00a0Minuten"},"schema":{"@context":"https:\/\/schema.org","@graph":[{"@type":"WebPage","@id":"https:\/\/crematieasinglas.nl\/disclaimer\/","url":"https:\/\/crematieasinglas.nl\/disclaimer\/","name":"Verzichtserkl\u00e4rung - Winkel voor Crematie-as in glas","isPartOf":{"@id":"https:\/\/crematieasinglas.nl\/#website"},"primaryImageOfPage":{"@id":"https:\/\/crematieasinglas.nl\/disclaimer\/#primaryimage"},"image":{"@id":"https:\/\/crematieasinglas.nl\/disclaimer\/#primaryimage"},"thumbnailUrl":"https:\/\/crematieasinglas.nl\/wp-content\/uploads\/2025\/07\/jet-crematie-as-in-glas-schowroom.jpg","datePublished":"2025-07-07T11:56:30+00:00","dateModified":"2025-09-05T12:10:38+00:00","description":"Verzichtserkl\u00e4rung - Winkel voor Crematie-as in glas -","breadcrumb":{"@id":"https:\/\/crematieasinglas.nl\/disclaimer\/#breadcrumb"},"inLanguage":"de","potentialAction":[{"@type":"ReadAction","target":["https:\/\/crematieasinglas.nl\/disclaimer\/"]}]},{"@type":"ImageObject","inLanguage":"de","@id":"https:\/\/crematieasinglas.nl\/disclaimer\/#primaryimage","url":"https:\/\/crematieasinglas.nl\/wp-content\/uploads\/2025\/07\/jet-crematie-as-in-glas-schowroom.jpg","contentUrl":"https:\/\/crematieasinglas.nl\/wp-content\/uploads\/2025\/07\/jet-crematie-as-in-glas-schowroom.jpg"},{"@type":"BreadcrumbList","@id":"https:\/\/crematieasinglas.nl\/disclaimer\/#breadcrumb","itemListElement":[{"@type":"ListItem","position":1,"name":"Home","item":"https:\/\/crematieasinglas.nl\/"},{"@type":"ListItem","position":2,"name":"Verzichtserkl\u00e4rung"}]},{"@type":"WebSite","@id":"https:\/\/crematieasinglas.nl\/#website","url":"https:\/\/crematieasinglas.nl\/","name":"Winkel voor Crematie-as in glas","description":"Een winkel voor crematieasinglas.nl","publisher":{"@id":"https:\/\/crematieasinglas.nl\/#organization"},"potentialAction":[{"@type":"SearchAction","target":{"@type":"EntryPoint","urlTemplate":"https:\/\/crematieasinglas.nl\/?s={search_term_string}"},"query-input":{"@type":"PropertyValueSpecification","valueRequired":true,"valueName":"search_term_string"}}],"inLanguage":"de"},{"@type":"Organization","@id":"https:\/\/crematieasinglas.nl\/#organization","name":"Dierbaarasinglas.nl","alternateName":"Crematieasinglas.nl","url":"https:\/\/crematieasinglas.nl\/","logo":{"@type":"ImageObject","inLanguage":"de","@id":"https:\/\/crematieasinglas.nl\/#\/schema\/logo\/image\/","url":"https:\/\/crematieasinglas.nl\/wp-content\/uploads\/2024\/10\/logo-02-playfair-googlefont-met-hartje-02.png","contentUrl":"https:\/\/crematieasinglas.nl\/wp-content\/uploads\/2024\/10\/logo-02-playfair-googlefont-met-hartje-02.png","width":582,"height":136,"caption":"Dierbaarasinglas.nl"},"image":{"@id":"https:\/\/crematieasinglas.nl\/#\/schema\/logo\/image\/"}}]}},"_links":{"self":[{"href":"https:\/\/crematieasinglas.nl\/de\/wp-json\/wp\/v2\/pages\/20215","targetHints":{"allow":["GET"]}}],"collection":[{"href":"https:\/\/crematieasinglas.nl\/de\/wp-json\/wp\/v2\/pages"}],"about":[{"href":"https:\/\/crematieasinglas.nl\/de\/wp-json\/wp\/v2\/types\/page"}],"author":[{"embeddable":true,"href":"https:\/\/crematieasinglas.nl\/de\/wp-json\/wp\/v2\/users\/1"}],"replies":[{"embeddable":true,"href":"https:\/\/crematieasinglas.nl\/de\/wp-json\/wp\/v2\/comments?post=20215"}],"version-history":[{"count":6,"href":"https:\/\/crematieasinglas.nl\/de\/wp-json\/wp\/v2\/pages\/20215\/revisions"}],"predecessor-version":[{"id":21418,"href":"https:\/\/crematieasinglas.nl\/de\/wp-json\/wp\/v2\/pages\/20215\/revisions\/21418"}],"wp:attachment":[{"href":"https:\/\/crematieasinglas.nl\/de\/wp-json\/wp\/v2\/media?parent=20215"}],"curies":[{"name":"wp","href":"https:\/\/api.w.org\/{rel}","templated":true}]}}