{"id":19837,"date":"2024-12-11T12:23:08","date_gmt":"2024-12-11T12:23:08","guid":{"rendered":"https:\/\/ebdxvyckeo.onrocket.site\/bol-com\/"},"modified":"2025-09-05T10:13:56","modified_gmt":"2025-09-05T10:13:56","slug":"bol-com","status":"publish","type":"page","link":"https:\/\/crematieasinglas.nl\/de\/bol-com\/","title":{"rendered":"\u2b50\u2b50\u2b50\u2b50\u2b50 Bewertungen und Erfahrungen"},"content":{"rendered":"<p data-start=\"226\" data-end=\"664\">Die Gedenkartikel von <strong data-start=\"248\" data-end=\"271\">Crematieasinglas.nl<\/strong> werden stets mit pers\u00f6nlicher Sorgfalt und Aufmerksamkeit gefertigt.<br data-start=\"340\" data-end=\"343\" \/>Einen Teil stelle ich vollst\u00e4ndig selbst in meinem Atelier in Hapert her, bei anderen arbeite ich mit spezialisierten K\u00fcnstlern oder zuverl\u00e4ssigen H\u00e4ndlern zusammen. Allen Produkten ist gemeinsam, dass sie in meinem Atelier <strong data-start=\"567\" data-end=\"591\">immer personalisiert<\/strong> werden k\u00f6nnen \u2013 ob Urne, Erinnerungsschmuck oder ein anderes Andenken.<\/p>\n<p data-start=\"666\" data-end=\"811\">Kunden sch\u00e4tzen diesen pers\u00f6nlichen Ansatz und die sorgf\u00e4ltige Arbeitsweise sehr \u2013 und das spiegelt sich in den unabh\u00e4ngigen Bewertungen wider.<\/p>\n<h2 data-start=\"813\" data-end=\"854\">Unabh\u00e4ngige Bewertungen \u00fcber Bol.com<\/h2>\n<p data-start=\"856\" data-end=\"957\">Ich biete meine Artikel nicht nur \u00fcber meinen eigenen Webshop, sondern auch \u00fcber Bol.com an. Warum?<\/p>\n<ul data-start=\"958\" data-end=\"1187\">\n<li data-start=\"958\" data-end=\"1037\">\n<p data-start=\"960\" data-end=\"1037\">Bol.com ist f\u00fcr viele Menschen eine vertraute und sichere Einkaufsplattform<\/p>\n<\/li>\n<li data-start=\"1038\" data-end=\"1131\">\n<p data-start=\"1040\" data-end=\"1131\">Bewertungen sind immer mit einer echten Bestellung verkn\u00fcpft \u2013 unabh\u00e4ngig und zuverl\u00e4ssig<\/p>\n<\/li>\n<li data-start=\"1132\" data-end=\"1187\">\n<p data-start=\"1134\" data-end=\"1187\">Ich habe keinerlei Einfluss auf diese Beurteilungen<\/p>\n<\/li>\n<\/ul>\n<p data-start=\"1189\" data-end=\"1487\">\ud83d\udc49 Klicken Sie auf den Link unten, um alle Bewertungen zu sehen:<br data-start=\"1324\" data-end=\"1327\" \/><strong data-start=\"1327\" data-end=\"1367\">Alle Bewertungen auf Bol.com ansehen<\/strong><br data-start=\"1367\" data-end=\"1370\" \/><a href=\"https:\/\/www.bol.com\/nl\/nl\/v\/crematie-as-in-glas-nl\/1529735\/?sellingOfferId=e2aea634649ffefedbc3385dfd24e0b8&amp;utm_source=chatgpt.com#ratings\" target=\"_new\" rel=\"noopener\" data-start=\"1370\" data-end=\"1485\">https:\/\/www.bol.com\/nl\/nl\/v\/crematie-as-in-glas-nl\/1529735\/?sellingOfferId=e2aea634649ffefedbc3385dfd24e0b8#ratings<\/a><\/p>\n<h2 data-start=\"1489\" data-end=\"1548\">Sicher bestellen \u2013 ob \u00fcber Bol.com oder meinen Webshop<\/h2>\n<p data-start=\"1550\" data-end=\"1633\">Ganz gleich, ob Sie \u00fcber Bol.com oder direkt \u00fcber meine eigene Website bestellen:<\/p>\n<ul data-start=\"1634\" data-end=\"1830\">\n<li data-start=\"1634\" data-end=\"1696\">\n<p data-start=\"1636\" data-end=\"1696\">Sie erhalten immer <strong data-start=\"1655\" data-end=\"1694\">dieselben Bedingungen und Garantien<\/strong><\/p>\n<\/li>\n<li data-start=\"1697\" data-end=\"1774\">\n<p data-start=\"1699\" data-end=\"1774\">Sie k\u00f6nnen auf <strong data-start=\"1714\" data-end=\"1765\">pers\u00f6nlichen Kontakt und individuelle Betreuung<\/strong> z\u00e4hlen<\/p>\n<\/li>\n<li data-start=\"1775\" data-end=\"1830\">\n<p data-start=\"1777\" data-end=\"1830\">Ihr Einkauf wird sicher und zuverl\u00e4ssig abgewickelt<\/p>\n<\/li>\n<\/ul>\n<h2 data-start=\"1832\" data-end=\"1868\">Vorteile einer Direktbestellung<\/h2>\n<p data-start=\"1870\" data-end=\"1979\">Viele Kunden entscheiden sich daf\u00fcr, direkt \u00fcber meinen Webshop zu bestellen \u2013 und das hat einige Vorteile:<\/p>\n<ul data-start=\"1980\" data-end=\"2292\">\n<li data-start=\"1980\" data-end=\"2089\">\n<p data-start=\"1982\" data-end=\"2089\">Dort finden Sie manchmal <strong data-start=\"2007\" data-end=\"2050\">weitere Varianten und besondere Artikel<\/strong>, die auf Bol.com nicht gelistet sind<\/p>\n<\/li>\n<li data-start=\"2090\" data-end=\"2172\">\n<p data-start=\"2092\" data-end=\"2172\">Pers\u00f6nliche Beratung und Unterst\u00fctzung erfolgen oft <strong data-start=\"2144\" data-end=\"2170\">schneller und direkter<\/strong><\/p>\n<\/li>\n<li data-start=\"2173\" data-end=\"2292\">\n<p data-start=\"2175\" data-end=\"2292\">Preise k\u00f6nnen je nach Plattform leicht variieren; eine Direktbestellung kann daher in manchen F\u00e4llen g\u00fcnstiger sein<\/p>\n<\/li>\n<\/ul>\n<h2 data-start=\"2294\" data-end=\"2315\">Was Kunden sagen<\/h2>\n<p data-start=\"2317\" data-end=\"2440\">\u201eGute und reibungslose Kommunikation, sehr freundlich und mit Respekt gefertigt.\u201c<br data-start=\"2398\" data-end=\"2401\" \/>\u2013 Anne aus Vilvoorde (22. April 2025)<\/p>\n<p data-start=\"2442\" data-end=\"2589\">\u201eDie Urne ist wundersch\u00f6n! Der Kontakt war herzlich und liebevoll, die Verpackung sehr sorgf\u00e4ltig.\u201c<br data-start=\"2541\" data-end=\"2544\" \/>\u2013 Anna M. aus Bergen op Zoom (26. Mai 2024)<\/p>\n<p data-start=\"2591\" data-end=\"2775\">\u201eAlles verlief hervorragend \u2013 sowohl die pers\u00f6nliche Betreuung als auch die Lieferung. Sehr hohe Qualit\u00e4t, ich bin sehr zufrieden.\u201c<br data-start=\"2722\" data-end=\"2725\" \/>\u2013 Tamara aus Kapelle-op-den-Bos (12. April 2023)<\/p>\n<p data-start=\"2777\" data-end=\"2972\">\u201eAlles wurde mit so viel Respekt behandelt, und ich wurde st\u00e4ndig auf dem Laufenden gehalten. Ein wundersch\u00f6ner letzter Gru\u00df an meinen Vater.\u201c<br data-start=\"2919\" data-end=\"2922\" \/>\u2013 Cynthia aus Hendrik-Ido-Ambacht (30. Mai 2021)<\/p>\n<p data-start=\"2974\" data-end=\"3163\">\ud83d\udc49 M\u00f6chten Sie alle Bewertungen lesen? Sehen Sie sie hier auf Bol.com<br data-start=\"3043\" data-end=\"3046\" \/><a href=\"https:\/\/www.bol.com\/nl\/nl\/v\/crematie-as-in-glas-nl\/1529735\/?sellingOfferId=e2aea634649ffefedbc3385dfd24e0b8&amp;utm_source=chatgpt.com#ratings\" target=\"_new\" rel=\"noopener\" data-start=\"3046\" data-end=\"3161\">https:\/\/www.bol.com\/nl\/nl\/v\/crematie-as-in-glas-nl\/1529735\/?sellingOfferId=e2aea634649ffefedbc3385dfd24e0b8#ratings<\/a><\/p>\n<h2 data-start=\"3165\" data-end=\"3184\">Markengarantie<\/h2>\n<p data-start=\"3186\" data-end=\"3393\">Crematieasinglas.nl ist eine eingetragene und gesch\u00fctzte Marke (BOIP).<br data-start=\"3256\" data-end=\"3259\" \/>Das bedeutet, dass Sie immer ein authentisches, handgefertigtes Gedenkst\u00fcck erhalten \u2014 echte Handwerkskunst, keine Massenproduktion.<\/p>\n<h2 data-start=\"3395\" data-end=\"3433\">Fragen oder pers\u00f6nliche Beratung?<\/h2>\n<p data-start=\"3435\" data-end=\"3466\">Ich helfe Ihnen gerne weiter:<\/p>\n<ul data-start=\"3467\" data-end=\"3548\">\n<li data-start=\"3467\" data-end=\"3503\">\n<p data-start=\"3469\" data-end=\"3503\">E-Mail: <a rel=\"noopener\" data-start=\"3477\" data-end=\"3501\">info@crematieasinglas.nl<\/a><\/p>\n<\/li>\n<li data-start=\"3504\" data-end=\"3548\">\n<p data-start=\"3506\" data-end=\"3548\">Telefon \/ WhatsApp: +31 (0)6 18 38 68 50<\/p>\n<\/li>\n<\/ul>\n<p data-start=\"3550\" data-end=\"3694\">Sollte ich Ihren Anruf nicht sofort entgegennehmen k\u00f6nnen, hinterlassen Sie bitte eine Nachricht \u2013 ich rufe Sie so schnell wie m\u00f6glich zur\u00fcck.<\/p>\n<p data-start=\"3696\" data-end=\"3742\">Mit freundlichen Gr\u00fc\u00dfen<br data-start=\"3719\" data-end=\"3722\" \/><strong data-start=\"3722\" data-end=\"3740\">Jet Couwenberg<\/strong><\/p>\n<hr data-start=\"3744\" data-end=\"3747\" \/>\n","protected":false},"excerpt":{"rendered":"<p>Die Gedenkartikel von Crematieasinglas.nl werden stets mit pers\u00f6nlicher Sorgfalt und Aufmerksamkeit gefertigt.Einen Teil stelle ich vollst\u00e4ndig selbst in meinem Atelier in Hapert her, bei anderen arbeite ich mit spezialisierten K\u00fcnstlern<\/p>\n","protected":false},"author":1,"featured_media":0,"parent":0,"menu_order":0,"comment_status":"closed","ping_status":"closed","template":"","meta":{"footnotes":""},"class_list":["post-19837","page","type-page","status-publish","hentry"],"yoast_head":"<!-- This site is optimized with the Yoast SEO Premium plugin v27.5 (Yoast SEO v27.5) - https:\/\/yoast.com\/product\/yoast-seo-premium-wordpress\/ -->\n<title>\u2b50\u2b50\u2b50\u2b50\u2b50 Bewertungen und Erfahrungen - Winkel voor Crematie-as in glas<\/title>\n<meta name=\"description\" content=\"\u2b50\u2b50\u2b50\u2b50\u2b50 Bewertungen und Erfahrungen - Winkel voor Crematie-as in glas -\" \/>\n<meta name=\"robots\" content=\"index, follow, max-snippet:-1, max-image-preview:large, max-video-preview:-1\" \/>\n<link rel=\"canonical\" href=\"https:\/\/crematieasinglas.nl\/bol-com\/\" \/>\n<meta property=\"og:locale\" content=\"de_DE\" \/>\n<meta property=\"og:type\" content=\"article\" \/>\n<meta property=\"og:title\" content=\"\u2b50\u2b50\u2b50\u2b50\u2b50 Bewertungen und Erfahrungen\" \/>\n<meta property=\"og:description\" content=\"\u2b50\u2b50\u2b50\u2b50\u2b50 Bewertungen und Erfahrungen - Winkel voor Crematie-as in glas -\" \/>\n<meta property=\"og:url\" content=\"https:\/\/crematieasinglas.nl\/bol-com\/\" \/>\n<meta property=\"og:site_name\" content=\"Winkel voor Crematie-as in glas\" \/>\n<meta property=\"article:modified_time\" content=\"2025-09-05T10:13:56+00:00\" \/>\n<meta name=\"twitter:card\" content=\"summary_large_image\" \/>\n<meta name=\"twitter:label1\" content=\"Gesch\u00e4tzte Lesezeit\" \/>\n\t<meta name=\"twitter:data1\" content=\"3\u00a0Minuten\" \/>\n<script type=\"application\/ld+json\" class=\"yoast-schema-graph\">{\"@context\":\"https:\\\/\\\/schema.org\",\"@graph\":[{\"@type\":\"WebPage\",\"@id\":\"https:\\\/\\\/crematieasinglas.nl\\\/bol-com\\\/\",\"url\":\"https:\\\/\\\/crematieasinglas.nl\\\/bol-com\\\/\",\"name\":\"\u2b50\u2b50\u2b50\u2b50\u2b50 Bewertungen und Erfahrungen - Winkel voor Crematie-as in glas\",\"isPartOf\":{\"@id\":\"https:\\\/\\\/crematieasinglas.nl\\\/#website\"},\"datePublished\":\"2024-12-11T12:23:08+00:00\",\"dateModified\":\"2025-09-05T10:13:56+00:00\",\"description\":\"\u2b50\u2b50\u2b50\u2b50\u2b50 Bewertungen und Erfahrungen - Winkel voor Crematie-as in glas -\",\"breadcrumb\":{\"@id\":\"https:\\\/\\\/crematieasinglas.nl\\\/bol-com\\\/#breadcrumb\"},\"inLanguage\":\"de\",\"potentialAction\":[{\"@type\":\"ReadAction\",\"target\":[\"https:\\\/\\\/crematieasinglas.nl\\\/bol-com\\\/\"]}]},{\"@type\":\"BreadcrumbList\",\"@id\":\"https:\\\/\\\/crematieasinglas.nl\\\/bol-com\\\/#breadcrumb\",\"itemListElement\":[{\"@type\":\"ListItem\",\"position\":1,\"name\":\"Home\",\"item\":\"https:\\\/\\\/crematieasinglas.nl\\\/\"},{\"@type\":\"ListItem\",\"position\":2,\"name\":\"\u2b50\u2b50\u2b50\u2b50\u2b50 Bewertungen und Erfahrungen\"}]},{\"@type\":\"WebSite\",\"@id\":\"https:\\\/\\\/crematieasinglas.nl\\\/#website\",\"url\":\"https:\\\/\\\/crematieasinglas.nl\\\/\",\"name\":\"Winkel voor Crematie-as in glas\",\"description\":\"Een winkel voor crematieasinglas.nl\",\"publisher\":{\"@id\":\"https:\\\/\\\/crematieasinglas.nl\\\/#organization\"},\"potentialAction\":[{\"@type\":\"SearchAction\",\"target\":{\"@type\":\"EntryPoint\",\"urlTemplate\":\"https:\\\/\\\/crematieasinglas.nl\\\/?s={search_term_string}\"},\"query-input\":{\"@type\":\"PropertyValueSpecification\",\"valueRequired\":true,\"valueName\":\"search_term_string\"}}],\"inLanguage\":\"de\"},{\"@type\":\"Organization\",\"@id\":\"https:\\\/\\\/crematieasinglas.nl\\\/#organization\",\"name\":\"Dierbaarasinglas.nl\",\"alternateName\":\"Crematieasinglas.nl\",\"url\":\"https:\\\/\\\/crematieasinglas.nl\\\/\",\"logo\":{\"@type\":\"ImageObject\",\"inLanguage\":\"de\",\"@id\":\"https:\\\/\\\/crematieasinglas.nl\\\/#\\\/schema\\\/logo\\\/image\\\/\",\"url\":\"https:\\\/\\\/crematieasinglas.nl\\\/wp-content\\\/uploads\\\/2024\\\/10\\\/logo-02-playfair-googlefont-met-hartje-02.png\",\"contentUrl\":\"https:\\\/\\\/crematieasinglas.nl\\\/wp-content\\\/uploads\\\/2024\\\/10\\\/logo-02-playfair-googlefont-met-hartje-02.png\",\"width\":582,\"height\":136,\"caption\":\"Dierbaarasinglas.nl\"},\"image\":{\"@id\":\"https:\\\/\\\/crematieasinglas.nl\\\/#\\\/schema\\\/logo\\\/image\\\/\"}}]}<\/script>\n<!-- \/ Yoast SEO Premium plugin. -->","yoast_head_json":{"title":"\u2b50\u2b50\u2b50\u2b50\u2b50 Bewertungen und Erfahrungen - Winkel voor Crematie-as in glas","description":"\u2b50\u2b50\u2b50\u2b50\u2b50 Bewertungen und Erfahrungen - Winkel voor Crematie-as in glas -","robots":{"index":"index","follow":"follow","max-snippet":"max-snippet:-1","max-image-preview":"max-image-preview:large","max-video-preview":"max-video-preview:-1"},"canonical":"https:\/\/crematieasinglas.nl\/bol-com\/","og_locale":"de_DE","og_type":"article","og_title":"\u2b50\u2b50\u2b50\u2b50\u2b50 Bewertungen und Erfahrungen","og_description":"\u2b50\u2b50\u2b50\u2b50\u2b50 Bewertungen und Erfahrungen - Winkel voor Crematie-as in glas -","og_url":"https:\/\/crematieasinglas.nl\/bol-com\/","og_site_name":"Winkel voor Crematie-as in glas","article_modified_time":"2025-09-05T10:13:56+00:00","twitter_card":"summary_large_image","twitter_misc":{"Gesch\u00e4tzte Lesezeit":"3\u00a0Minuten"},"schema":{"@context":"https:\/\/schema.org","@graph":[{"@type":"WebPage","@id":"https:\/\/crematieasinglas.nl\/bol-com\/","url":"https:\/\/crematieasinglas.nl\/bol-com\/","name":"\u2b50\u2b50\u2b50\u2b50\u2b50 Bewertungen und Erfahrungen - Winkel voor Crematie-as in glas","isPartOf":{"@id":"https:\/\/crematieasinglas.nl\/#website"},"datePublished":"2024-12-11T12:23:08+00:00","dateModified":"2025-09-05T10:13:56+00:00","description":"\u2b50\u2b50\u2b50\u2b50\u2b50 Bewertungen und Erfahrungen - Winkel voor Crematie-as in glas -","breadcrumb":{"@id":"https:\/\/crematieasinglas.nl\/bol-com\/#breadcrumb"},"inLanguage":"de","potentialAction":[{"@type":"ReadAction","target":["https:\/\/crematieasinglas.nl\/bol-com\/"]}]},{"@type":"BreadcrumbList","@id":"https:\/\/crematieasinglas.nl\/bol-com\/#breadcrumb","itemListElement":[{"@type":"ListItem","position":1,"name":"Home","item":"https:\/\/crematieasinglas.nl\/"},{"@type":"ListItem","position":2,"name":"\u2b50\u2b50\u2b50\u2b50\u2b50 Bewertungen und Erfahrungen"}]},{"@type":"WebSite","@id":"https:\/\/crematieasinglas.nl\/#website","url":"https:\/\/crematieasinglas.nl\/","name":"Winkel voor Crematie-as in glas","description":"Een winkel voor crematieasinglas.nl","publisher":{"@id":"https:\/\/crematieasinglas.nl\/#organization"},"potentialAction":[{"@type":"SearchAction","target":{"@type":"EntryPoint","urlTemplate":"https:\/\/crematieasinglas.nl\/?s={search_term_string}"},"query-input":{"@type":"PropertyValueSpecification","valueRequired":true,"valueName":"search_term_string"}}],"inLanguage":"de"},{"@type":"Organization","@id":"https:\/\/crematieasinglas.nl\/#organization","name":"Dierbaarasinglas.nl","alternateName":"Crematieasinglas.nl","url":"https:\/\/crematieasinglas.nl\/","logo":{"@type":"ImageObject","inLanguage":"de","@id":"https:\/\/crematieasinglas.nl\/#\/schema\/logo\/image\/","url":"https:\/\/crematieasinglas.nl\/wp-content\/uploads\/2024\/10\/logo-02-playfair-googlefont-met-hartje-02.png","contentUrl":"https:\/\/crematieasinglas.nl\/wp-content\/uploads\/2024\/10\/logo-02-playfair-googlefont-met-hartje-02.png","width":582,"height":136,"caption":"Dierbaarasinglas.nl"},"image":{"@id":"https:\/\/crematieasinglas.nl\/#\/schema\/logo\/image\/"}}]}},"_links":{"self":[{"href":"https:\/\/crematieasinglas.nl\/de\/wp-json\/wp\/v2\/pages\/19837","targetHints":{"allow":["GET"]}}],"collection":[{"href":"https:\/\/crematieasinglas.nl\/de\/wp-json\/wp\/v2\/pages"}],"about":[{"href":"https:\/\/crematieasinglas.nl\/de\/wp-json\/wp\/v2\/types\/page"}],"author":[{"embeddable":true,"href":"https:\/\/crematieasinglas.nl\/de\/wp-json\/wp\/v2\/users\/1"}],"replies":[{"embeddable":true,"href":"https:\/\/crematieasinglas.nl\/de\/wp-json\/wp\/v2\/comments?post=19837"}],"version-history":[{"count":7,"href":"https:\/\/crematieasinglas.nl\/de\/wp-json\/wp\/v2\/pages\/19837\/revisions"}],"predecessor-version":[{"id":21390,"href":"https:\/\/crematieasinglas.nl\/de\/wp-json\/wp\/v2\/pages\/19837\/revisions\/21390"}],"wp:attachment":[{"href":"https:\/\/crematieasinglas.nl\/de\/wp-json\/wp\/v2\/media?parent=19837"}],"curies":[{"name":"wp","href":"https:\/\/api.w.org\/{rel}","templated":true}]}}