{"id":19573,"date":"2025-05-01T18:28:25","date_gmt":"2025-05-01T18:28:25","guid":{"rendered":"https:\/\/ebdxvyckeo.onrocket.site\/ueber-uns\/"},"modified":"2025-10-23T14:04:16","modified_gmt":"2025-10-23T14:04:16","slug":"ueber-uns","status":"publish","type":"page","link":"https:\/\/crematieasinglas.nl\/de\/ueber-uns\/","title":{"rendered":"Over Mij"},"content":{"rendered":"<div class=\"wpb-content-wrapper\"><p>[vc_row gap=&#8221;10&#8243; css=&#8221;.vc_custom_1754913675647{margin-right: 100px !important;border-right-width: 100px !important;padding-right: 50px !important;}&#8221;][vc_column width=&#8221;1\/4&#8243;][vc_row_inner][vc_column_inner][vc_single_image image=&#8221;20740&#8243; img_size=&#8221;large&#8221; css=&#8221;&#8221;][\/vc_column_inner][\/vc_row_inner][vc_single_image image=&#8221;20802&#8243; img_size=&#8221;Large&#8221; css=&#8221;&#8221;][\/vc_column][vc_column width=&#8221;3\/4&#8243;][vc_column_text css=&#8221;&#8221;]<\/p>\n<h2 data-start=\"195\" data-end=\"231\"><strong data-start=\"198\" data-end=\"231\">\u00dcber mich: Ein\u00e4scherung Asche im Glas<\/strong><\/h2>\n<p data-start=\"233\" data-end=\"515\">Willkommen bei <strong data-start=\"244\" data-end=\"267\">Cremation Ashes in Glass<\/strong>. Mein Name ist Jet Couwenberg, Glask\u00fcnstler und Hersteller von handgefertigten Gedenkgegenst\u00e4nden. Von meinem Atelier aus arbeite ich mit Sorgfalt, Aufmerksamkeit und Liebe an jedem Unikat \u2013 mit dem Ziel, eine greifbare Erinnerung zu schaffen, die wirklich zu Ihnen passt.  <\/p>\n<h3 style=\"color: #f9f9f9;\">Was mich antreibt<\/h3>\n<p data-start=\"538\" data-end=\"822\">Der Abschied nimmt tief ber\u00fchrt. Genau deshalb glaube ich an die Bedeutung eines pers\u00f6nlichen Erinnerungsobjekts \u2013 etwas, das Trost spendet, in seiner Einfachheit kraftvoll oder subtil und symbolisch ist. Jedes St\u00fcck wird mit echter Beteiligung kreiert. Nicht aus der Menge, sondern mit einem Auge f\u00fcr Ihre Geschichte.   <\/p>\n<h3 style=\"color: #f9f9f9;\">Handwerkskunst und Zusammenarbeit<\/h3>\n<p data-start=\"858\" data-end=\"1265\">Einen gro\u00dfen Teil meiner Kollektion stelle ich selbst in meinem Glasatelier her. Dar\u00fcber hinaus arbeite ich mit anderen Glask\u00fcnstlern und ausgew\u00e4hlten H\u00e4ndlern zusammen, wo ich dann jedes St\u00fcck selbst <strong data-start=\"1034\" data-end=\"1066\">personalisiere und veredele<\/strong>. Ob Unikat der Urne, Mini-Urne oder Erinnerungsschmuck \u2013 jedes St\u00fcck wird von Hand individuell gestaltet und sorgf\u00e4ltig veredelt. So entsteht ein besonderes Memory-Objekt, das zu Ihnen passt.   <\/p>\n<p data-start=\"1267\" data-end=\"1477\">Ich verbinde klassische Handwerkstechniken mit modernen Anwendungen: Glasbl\u00e4serei, Sandstrahlen, Harz, Edelstahl und Schilderfolie. In meinem Atelier kommt alles zusammen, <strong data-start=\"1418\" data-end=\"1477\">wo jedes Detail mit Liebe und Gef\u00fchl ausgef\u00fchrt wird.<\/strong> <\/p>\n<h3 style=\"color: #f9f9f9;\">Pers\u00f6nliche Beratung<\/h3>\n<p data-start=\"1510\" data-end=\"1932\">Ich werde Sie Schritt f\u00fcr Schritt in diesem Prozess begleiten. Ob Sie sich f\u00fcr ein kleines Schmuckst\u00fcck oder eine gr\u00f6\u00dfere Urne entscheiden: Ich schaue mit Ihnen, denke mit Ihnen mit und nehme mir Zeit. Ich helfe Ihnen auch auf Ihrem Weg mit klaren Anweisungen beim Versenden von Ein\u00e4scherungsasche oder Haaren. Da es sich um sensibles Material handelt, ist es <strong data-start=\"1801\" data-end=\"1867\">besonders wichtig, dass Sie die Versandregeln im Voraus sorgf\u00e4ltig lesen<\/strong>. So sorgen wir gemeinsam f\u00fcr eine sichere und respektvolle Abwicklung.    <\/p>\n<p data-start=\"1934\" data-end=\"2213\">Auf der Seite <a class=\"\" href=\"https:\/\/crematieasinglas.nl\/de\/unsere-feuerbestattung-asche-urnen-und-glasschmuck\/\" target=\"_new\" rel=\"noopener\" data-start=\"1947\" data-end=\"2068\"><strong data-start=\"1948\" data-end=\"1986\">Unsere Ein\u00e4scherung, Asche, Urnen und Schmuck<\/strong><\/a> finden Sie alle Antworten auf h\u00e4ufig gestellte Fragen. Diese Seite bildet die Grundlage meiner Arbeitsweise \u2013 ich empfehle Ihnen von Herzen, dort einen Blick darauf zu werfen. <\/p>\n<h3 style=\"color: #f9f9f9;\">Vertrauensw\u00fcrdig und transparent<\/h3>\n<ul data-start=\"2246\" data-end=\"2740\">\n<li data-start=\"2246\" data-end=\"2271\">\n<p data-start=\"2248\" data-end=\"2271\">Keine versteckten Geb\u00fchren<\/p>\n<\/li>\n<li data-start=\"2272\" data-end=\"2308\">\n<p data-start=\"2274\" data-end=\"2308\">Bezahlen Sie mit zuverl\u00e4ssigen Methoden<\/p>\n<\/li>\n<li data-start=\"2309\" data-end=\"2343\">\n<p data-start=\"2311\" data-end=\"2343\">Schnelle und sorgf\u00e4ltige Lieferung<\/p>\n<\/li>\n<li data-start=\"2344\" data-end=\"2479\">\n<p data-start=\"2346\" data-end=\"2479\">Sehen Sie sich unsere <a class=\"\" href=\"https:\/\/crematieasinglas.nl\/de\/unsere-feuerbestattung-asche-urnen-und-glasschmuck\/\" target=\"_new\" rel=\"noopener\" data-start=\"2358\" data-end=\"2477\"><strong data-start=\"2359\" data-end=\"2395\">h\u00e4ufig gestellten Fragen und Methoden<\/strong> an<\/a><\/p>\n<\/li>\n<li data-start=\"2480\" data-end=\"2645\">\n<p data-start=\"2482\" data-end=\"2645\">Informationen zum internationalen Versand \u2013 siehe <a class=\"\" href=\"https:\/\/crematieasinglas.nl\/internationale-verzend-informatie-van-het-verzenden-van-crematie-as\/\" target=\"_new\" rel=\"noopener\" data-start=\"2521\" data-end=\"2643\"><strong data-start=\"2522\" data-end=\"2537\">diese Seite<\/strong><\/a><\/p>\n<\/li>\n<li data-start=\"2646\" data-end=\"2740\">\n<p data-start=\"2648\" data-end=\"2740\">R\u00fcckgaberecht \u2013 siehe unsere <a class=\"\" href=\"https:\/\/crematieasinglas.nl\/de\/rueckgaberecht\/\" target=\"_new\" rel=\"noopener\" data-start=\"2672\" data-end=\"2740\"><strong data-start=\"2673\" data-end=\"2689\">R\u00fcckgabeseite<\/strong><\/a><\/p>\n<\/li>\n<\/ul>\n<hr data-start=\"2742\" data-end=\"2745\">\n<p data-start=\"2747\" data-end=\"3033\"><strong data-start=\"2751\" data-end=\"2774\">Bei der Ein\u00e4scherung von Asche aus Glas<\/strong> geht es nicht nur um ein sch\u00f6nes Produkt, sondern auch um einen sicheren Ort f\u00fcr Ihre Erinnerung. M\u00f6chten Sie mehr wissen oder sich dar\u00fcber austauschen, was m\u00f6glich ist? Z\u00f6gern Sie nicht, mir eine E-Mail \u00fcber <a class=\"cursor-pointer\" rel=\"noopener\" data-start=\"2948\" data-end=\"3007\">info@crematieasinglas.nl<\/a> zu senden.  <\/p>\n<p data-start=\"2747\" data-end=\"3033\">Ich helfe Ihnen gerne weiter.<\/p>\n<p data-start=\"2747\" data-end=\"3033\">Jet Couwenberg<\/p>\n<p>[\/vc_column_text][\/vc_column][\/vc_row][vc_row][vc_column width=&#8221;1\/4&#8243;][vc_row_inner][vc_column_inner][\/vc_column_inner][\/vc_row_inner][\/vc_column][\/vc_row]<\/p>\n<\/div>","protected":false},"excerpt":{"rendered":"<p>[vc_row gap=&#8221;10&#8243; css=&#8221;.vc_custom_1754913675647{margin-right: 100px !important;border-right-width: 100px !important;padding-right: 50px !important;}&#8221;][vc_column width=&#8221;1\/4&#8243;][vc_row_inner][vc_column_inner][vc_single_image image=&#8221;20740&#8243; img_size=&#8221;large&#8221; css=&#8221;&#8221;][\/vc_column_inner][\/vc_row_inner][vc_single_image image=&#8221;20802&#8243; img_size=&#8221;Large&#8221; css=&#8221;&#8221;][\/vc_column][vc_column width=&#8221;3\/4&#8243;][vc_column_text css=&#8221;&#8221;] \u00dcber mich: Ein\u00e4scherung Asche im Glas Willkommen bei Cremation Ashes in Glass.<\/p>\n","protected":false},"author":1,"featured_media":0,"parent":0,"menu_order":0,"comment_status":"closed","ping_status":"closed","template":"","meta":{"footnotes":""},"class_list":["post-19573","page","type-page","status-publish","hentry"],"yoast_head":"<!-- This site is optimized with the Yoast SEO Premium plugin v27.5 (Yoast SEO v27.5) - https:\/\/yoast.com\/product\/yoast-seo-premium-wordpress\/ -->\n<title>\u00dcber uns | Feuerbestattung Asche im Glas \u2013 Handgemachte Gedenkst\u00fccke<\/title>\n<meta name=\"description\" content=\"Lernen Sie Cremation Ashes in Glass kennen: einzigartige, handgefertigte Erinnerungsst\u00fccke, die Asche respektvoll in Kunst aus Glas integrieren.\" \/>\n<meta name=\"robots\" content=\"index, follow, max-snippet:-1, max-image-preview:large, max-video-preview:-1\" \/>\n<link rel=\"canonical\" href=\"https:\/\/crematieasinglas.nl\/de\/ueber-uns\/\" \/>\n<meta property=\"og:locale\" content=\"de_DE\" \/>\n<meta property=\"og:type\" content=\"article\" \/>\n<meta property=\"og:title\" content=\"Over Mij\" \/>\n<meta property=\"og:description\" content=\"Lernen Sie Cremation Ashes in Glass kennen: einzigartige, handgefertigte Erinnerungsst\u00fccke, die Asche respektvoll in Kunst aus Glas integrieren.\" \/>\n<meta property=\"og:url\" content=\"https:\/\/crematieasinglas.nl\/de\/ueber-uns\/\" \/>\n<meta property=\"og:site_name\" content=\"Winkel voor Crematie-as in glas\" \/>\n<meta property=\"article:modified_time\" content=\"2025-10-23T14:04:16+00:00\" \/>\n<meta name=\"twitter:card\" content=\"summary_large_image\" \/>\n<meta name=\"twitter:label1\" content=\"Gesch\u00e4tzte Lesezeit\" \/>\n\t<meta name=\"twitter:data1\" content=\"3\u00a0Minuten\" \/>\n<script type=\"application\/ld+json\" class=\"yoast-schema-graph\">{\"@context\":\"https:\\\/\\\/schema.org\",\"@graph\":[{\"@type\":\"WebPage\",\"@id\":\"https:\\\/\\\/crematieasinglas.nl\\\/de\\\/ueber-uns\\\/\",\"url\":\"https:\\\/\\\/crematieasinglas.nl\\\/de\\\/ueber-uns\\\/\",\"name\":\"\u00dcber uns | Feuerbestattung Asche im Glas \u2013 Handgemachte Gedenkst\u00fccke\",\"isPartOf\":{\"@id\":\"https:\\\/\\\/crematieasinglas.nl\\\/#website\"},\"datePublished\":\"2025-05-01T18:28:25+00:00\",\"dateModified\":\"2025-10-23T14:04:16+00:00\",\"description\":\"Lernen Sie Cremation Ashes in Glass kennen: einzigartige, handgefertigte Erinnerungsst\u00fccke, die Asche respektvoll in Kunst aus Glas integrieren.\",\"breadcrumb\":{\"@id\":\"https:\\\/\\\/crematieasinglas.nl\\\/de\\\/ueber-uns\\\/#breadcrumb\"},\"inLanguage\":\"de\",\"potentialAction\":[{\"@type\":\"ReadAction\",\"target\":[\"https:\\\/\\\/crematieasinglas.nl\\\/de\\\/ueber-uns\\\/\"]}]},{\"@type\":\"BreadcrumbList\",\"@id\":\"https:\\\/\\\/crematieasinglas.nl\\\/de\\\/ueber-uns\\\/#breadcrumb\",\"itemListElement\":[{\"@type\":\"ListItem\",\"position\":1,\"name\":\"Home\",\"item\":\"https:\\\/\\\/crematieasinglas.nl\\\/\"},{\"@type\":\"ListItem\",\"position\":2,\"name\":\"Over Mij\"}]},{\"@type\":\"WebSite\",\"@id\":\"https:\\\/\\\/crematieasinglas.nl\\\/#website\",\"url\":\"https:\\\/\\\/crematieasinglas.nl\\\/\",\"name\":\"Winkel voor Crematie-as in glas\",\"description\":\"Een winkel voor crematieasinglas.nl\",\"publisher\":{\"@id\":\"https:\\\/\\\/crematieasinglas.nl\\\/#organization\"},\"potentialAction\":[{\"@type\":\"SearchAction\",\"target\":{\"@type\":\"EntryPoint\",\"urlTemplate\":\"https:\\\/\\\/crematieasinglas.nl\\\/?s={search_term_string}\"},\"query-input\":{\"@type\":\"PropertyValueSpecification\",\"valueRequired\":true,\"valueName\":\"search_term_string\"}}],\"inLanguage\":\"de\"},{\"@type\":\"Organization\",\"@id\":\"https:\\\/\\\/crematieasinglas.nl\\\/#organization\",\"name\":\"Dierbaarasinglas.nl\",\"alternateName\":\"Crematieasinglas.nl\",\"url\":\"https:\\\/\\\/crematieasinglas.nl\\\/\",\"logo\":{\"@type\":\"ImageObject\",\"inLanguage\":\"de\",\"@id\":\"https:\\\/\\\/crematieasinglas.nl\\\/#\\\/schema\\\/logo\\\/image\\\/\",\"url\":\"https:\\\/\\\/crematieasinglas.nl\\\/wp-content\\\/uploads\\\/2024\\\/10\\\/logo-02-playfair-googlefont-met-hartje-02.png\",\"contentUrl\":\"https:\\\/\\\/crematieasinglas.nl\\\/wp-content\\\/uploads\\\/2024\\\/10\\\/logo-02-playfair-googlefont-met-hartje-02.png\",\"width\":582,\"height\":136,\"caption\":\"Dierbaarasinglas.nl\"},\"image\":{\"@id\":\"https:\\\/\\\/crematieasinglas.nl\\\/#\\\/schema\\\/logo\\\/image\\\/\"}}]}<\/script>\n<!-- \/ Yoast SEO Premium plugin. -->","yoast_head_json":{"title":"\u00dcber uns | Feuerbestattung Asche im Glas \u2013 Handgemachte Gedenkst\u00fccke","description":"Lernen Sie Cremation Ashes in Glass kennen: einzigartige, handgefertigte Erinnerungsst\u00fccke, die Asche respektvoll in Kunst aus Glas integrieren.","robots":{"index":"index","follow":"follow","max-snippet":"max-snippet:-1","max-image-preview":"max-image-preview:large","max-video-preview":"max-video-preview:-1"},"canonical":"https:\/\/crematieasinglas.nl\/de\/ueber-uns\/","og_locale":"de_DE","og_type":"article","og_title":"Over Mij","og_description":"Lernen Sie Cremation Ashes in Glass kennen: einzigartige, handgefertigte Erinnerungsst\u00fccke, die Asche respektvoll in Kunst aus Glas integrieren.","og_url":"https:\/\/crematieasinglas.nl\/de\/ueber-uns\/","og_site_name":"Winkel voor Crematie-as in glas","article_modified_time":"2025-10-23T14:04:16+00:00","twitter_card":"summary_large_image","twitter_misc":{"Gesch\u00e4tzte Lesezeit":"3\u00a0Minuten"},"schema":{"@context":"https:\/\/schema.org","@graph":[{"@type":"WebPage","@id":"https:\/\/crematieasinglas.nl\/de\/ueber-uns\/","url":"https:\/\/crematieasinglas.nl\/de\/ueber-uns\/","name":"\u00dcber uns | Feuerbestattung Asche im Glas \u2013 Handgemachte Gedenkst\u00fccke","isPartOf":{"@id":"https:\/\/crematieasinglas.nl\/#website"},"datePublished":"2025-05-01T18:28:25+00:00","dateModified":"2025-10-23T14:04:16+00:00","description":"Lernen Sie Cremation Ashes in Glass kennen: einzigartige, handgefertigte Erinnerungsst\u00fccke, die Asche respektvoll in Kunst aus Glas integrieren.","breadcrumb":{"@id":"https:\/\/crematieasinglas.nl\/de\/ueber-uns\/#breadcrumb"},"inLanguage":"de","potentialAction":[{"@type":"ReadAction","target":["https:\/\/crematieasinglas.nl\/de\/ueber-uns\/"]}]},{"@type":"BreadcrumbList","@id":"https:\/\/crematieasinglas.nl\/de\/ueber-uns\/#breadcrumb","itemListElement":[{"@type":"ListItem","position":1,"name":"Home","item":"https:\/\/crematieasinglas.nl\/"},{"@type":"ListItem","position":2,"name":"Over Mij"}]},{"@type":"WebSite","@id":"https:\/\/crematieasinglas.nl\/#website","url":"https:\/\/crematieasinglas.nl\/","name":"Winkel voor Crematie-as in glas","description":"Een winkel voor crematieasinglas.nl","publisher":{"@id":"https:\/\/crematieasinglas.nl\/#organization"},"potentialAction":[{"@type":"SearchAction","target":{"@type":"EntryPoint","urlTemplate":"https:\/\/crematieasinglas.nl\/?s={search_term_string}"},"query-input":{"@type":"PropertyValueSpecification","valueRequired":true,"valueName":"search_term_string"}}],"inLanguage":"de"},{"@type":"Organization","@id":"https:\/\/crematieasinglas.nl\/#organization","name":"Dierbaarasinglas.nl","alternateName":"Crematieasinglas.nl","url":"https:\/\/crematieasinglas.nl\/","logo":{"@type":"ImageObject","inLanguage":"de","@id":"https:\/\/crematieasinglas.nl\/#\/schema\/logo\/image\/","url":"https:\/\/crematieasinglas.nl\/wp-content\/uploads\/2024\/10\/logo-02-playfair-googlefont-met-hartje-02.png","contentUrl":"https:\/\/crematieasinglas.nl\/wp-content\/uploads\/2024\/10\/logo-02-playfair-googlefont-met-hartje-02.png","width":582,"height":136,"caption":"Dierbaarasinglas.nl"},"image":{"@id":"https:\/\/crematieasinglas.nl\/#\/schema\/logo\/image\/"}}]}},"_links":{"self":[{"href":"https:\/\/crematieasinglas.nl\/de\/wp-json\/wp\/v2\/pages\/19573","targetHints":{"allow":["GET"]}}],"collection":[{"href":"https:\/\/crematieasinglas.nl\/de\/wp-json\/wp\/v2\/pages"}],"about":[{"href":"https:\/\/crematieasinglas.nl\/de\/wp-json\/wp\/v2\/types\/page"}],"author":[{"embeddable":true,"href":"https:\/\/crematieasinglas.nl\/de\/wp-json\/wp\/v2\/users\/1"}],"replies":[{"embeddable":true,"href":"https:\/\/crematieasinglas.nl\/de\/wp-json\/wp\/v2\/comments?post=19573"}],"version-history":[{"count":9,"href":"https:\/\/crematieasinglas.nl\/de\/wp-json\/wp\/v2\/pages\/19573\/revisions"}],"predecessor-version":[{"id":22224,"href":"https:\/\/crematieasinglas.nl\/de\/wp-json\/wp\/v2\/pages\/19573\/revisions\/22224"}],"wp:attachment":[{"href":"https:\/\/crematieasinglas.nl\/de\/wp-json\/wp\/v2\/media?parent=19573"}],"curies":[{"name":"wp","href":"https:\/\/api.w.org\/{rel}","templated":true}]}}