{"id":19567,"date":"2025-05-01T18:09:09","date_gmt":"2025-05-01T18:09:09","guid":{"rendered":"https:\/\/ebdxvyckeo.onrocket.site\/rueckgaberecht\/"},"modified":"2025-07-15T14:13:51","modified_gmt":"2025-07-15T14:13:51","slug":"rueckgaberecht","status":"publish","type":"page","link":"https:\/\/crematieasinglas.nl\/de\/rueckgaberecht\/","title":{"rendered":"R\u00fcckgaberecht"},"content":{"rendered":"<div class=\"wpb-content-wrapper\"><p>[vc_row][vc_column][vc_column_text css=&#8221;&#8221;]<\/p>\n<\/p>\n<hr class=\"wp-block-separator has-alpha-channel-opacity\" \/>\n<p><\/p>\n\n<h3 class=\"wp-block-heading\" data-start=\"261\" data-end=\"299\"><span style=\"color: #ffffff;\">R\u00fcckgaberecht \u2013 Ein\u00e4scherung Asche im Glas<\/span><\/h3>\n<p data-start=\"301\" data-end=\"547\">Bij <strong data-start=\"305\" data-end=\"328\">Crematie As in Glas<\/strong> draait alles om zorg, vakmanschap en jouw persoonlijke herinnering. Elk gedenkartikel wordt met de hand en op maat gemaakt. Omdat vrijwel al onze producten gepersonaliseerd zijn, gelden er aangepaste retourvoorwaarden.<\/p>\n<hr data-start=\"549\" data-end=\"552\"\/>\n<h3><span style=\"color: #ffffff;\">Personalisierte Produkte und das Gesetz<\/span><\/h3>\n<p data-start=\"597\" data-end=\"806\">Volgens de wet (artikel 6:230p BW) zijn <strong data-start=\"637\" data-end=\"736\">gepersonaliseerde of op maat gemaakte producten uitgesloten van het standaard herroepingsrecht.<\/strong> Dat betekent dat ze in principe <strong data-start=\"769\" data-end=\"791\">niet geretourneerd<\/strong> kunnen worden.<\/p>\n<hr data-start=\"808\" data-end=\"811\"\/>\n<h3 style=\"color: #ffffff;\">In bestimmten F\u00e4llen m\u00f6chte ich mit Ihnen \u00fcber eine geeignete L\u00f6sung nachdenken.<\/h3>\n<p data-start=\"852\" data-end=\"1036\">Ik begrijp hoe belangrijk vertrouwen is bij het kiezen van een gedenkartikel. Daarom bied ik \u2013 binnen redelijke grenzen \u2013 de mogelijkheid om <strong data-start=\"993\" data-end=\"1005\">bepaalde<\/strong> producten t\u00f3ch te retourneren.<\/p>\n<hr data-start=\"1038\" data-end=\"1041\"\/>\n<h3><span style=\"color: #ffffff;\">\ud83d\udce6 R\u00fcckgabe von Gedenkgegenst\u00e4nden<\/span><\/h3>\n<ul data-start=\"1083\" data-end=\"1225\">\n<li data-start=\"1083\" data-end=\"1155\">\n<p data-start=\"1085\" data-end=\"1155\">Lege urnen die bewerkt zijn middels sign folie en\/of foto sign folie<\/p>\n<\/li>\n<li data-start=\"1156\" data-end=\"1225\">\n<p data-start=\"1158\" data-end=\"1225\">Sieraden en gedenkbeeldjes die nog <strong data-start=\"1193\" data-end=\"1225\">niet zijn gebruikt of gevuld<\/strong><\/p>\n<\/li>\n<\/ul>\n<p data-start=\"1227\" data-end=\"1333\">Bovenstaande gedenkartikelen kunnen binnen 14 dagen na ontvangst worden geretourneerd, mits het artikel:<\/p>\n<ul data-start=\"1334\" data-end=\"1464\">\n<li data-start=\"1334\" data-end=\"1357\">\n<p data-start=\"1336\" data-end=\"1357\"><strong data-start=\"1336\" data-end=\"1355\">onbeschadigd is<\/strong><\/p>\n<\/li>\n<li data-start=\"1358\" data-end=\"1402\">\n<p data-start=\"1360\" data-end=\"1402\"><strong data-start=\"1360\" data-end=\"1400\">niet is gebruikt, gevuld of gedragen<\/strong><\/p>\n<\/li>\n<li data-start=\"1403\" data-end=\"1464\">\n<p data-start=\"1405\" data-end=\"1464\">en <strong data-start=\"1408\" data-end=\"1444\">in originele staat en verpakking<\/strong> wordt teruggestuurd<\/p>\n<\/li>\n<\/ul>\n<p data-start=\"1466\" data-end=\"1782\">U kunt uw retourzending aanmelden via e-mail. Annuleren of wijzigen van een bestelling is alleen mogelijk binnen 24 uur, zolang het maakproces nog niet is gestart. Dit geldt ook voor artikelen waarbij standaard gepersonaliseerde elementen worden toegevoegd, zoals bijvoorbeeld een vogeltje in sign-folie of een naam.<\/p>\n<hr data-start=\"1784\" data-end=\"1787\"\/>\n<h3><span style=\"color: #ffffff;\">\u274c Welche Artikel k\u00f6nnen nicht zur\u00fcckgegeben werden?<\/span><\/h3>\n<ul data-start=\"1849\" data-end=\"2142\">\n<li data-start=\"1849\" data-end=\"1936\">\n<p data-start=\"1851\" data-end=\"1936\">Urnen waarin crematie-as is vastgesmolten in het glas\u00a0<\/p>\n<\/li>\n<li data-start=\"1849\" data-end=\"1936\">Sieraden waarin crematie-as is vastgesmolten in het glas<\/li>\n<li data-start=\"1937\" data-end=\"2023\">\n<p data-start=\"1939\" data-end=\"2023\">Urnen en sieraden met een persoonlijke gravure via zandstraling of dieptegravering<\/p>\n<\/li>\n<li data-start=\"2024\" data-end=\"2142\">\n<p data-start=\"2026\" data-end=\"2142\">Gedenkartikelen waarin crematie-as of een haarlok is verwerkt of verwerkt is geweest\u2013 zowel vast als los geplaatst \u2013 ook niet gedeeltelijk<\/p>\n<\/li>\n<\/ul>\n<hr data-start=\"2144\" data-end=\"2147\"\/>\n<h3><span style=\"color: #ffffff;\">\ud83d\ude9a Versandkosten<\/span><\/h3>\n<p data-start=\"2171\" data-end=\"2384\"><strong data-start=\"2171\" data-end=\"2200\">Voor klanten in Nederland<\/strong><br data-start=\"2200\" data-end=\"2203\"\/>U betaalt geen verzendkosten bij aankoop. Bij een geldige retour wordt het aankoopbedrag teruggestort. De retourverzendkosten (van u naar ons terug) zijn voor rekening van de klant.<\/p>\n<p data-start=\"2386\" data-end=\"2652\"><strong data-start=\"2386\" data-end=\"2419\">Voor klanten buiten Nederland<\/strong><br data-start=\"2419\" data-end=\"2422\"\/>Zowel de heenverzendkosten (kosten van verzending naar u toe) als de retourverzendkosten zijn volledig voor rekening van de klant. Ook eventuele invoerrechten, douanekosten of administratieve verwerkingskosten worden niet vergoed.<\/p>\n<hr data-start=\"2654\" data-end=\"2657\"\/>\n<h3><span style=\"color: #ffffff;\">\u2753 R\u00fcckgabeverfahren \u2013 wie funktioniert es?<\/span><\/h3>\n<ol data-start=\"2698\" data-end=\"3323\">\n<li data-start=\"2698\" data-end=\"2822\">\n<p data-start=\"2701\" data-end=\"2822\">Stuur binnen 14 dagen na ontvangst een e-mail naar <strong data-start=\"2752\" data-end=\"2780\"><a class=\"cursor-pointer\" rel=\"noopener\" data-start=\"2754\" data-end=\"2778\">info@crematieasinglas.nl<\/a><\/strong> met je bestelnummer en je retourverzoek<\/p>\n<\/li>\n<li data-start=\"2823\" data-end=\"2886\">\n<p data-start=\"2826\" data-end=\"2886\">Je ontvangt een bevestiging en de juiste retourinstructies<\/p>\n<\/li>\n<li data-start=\"2887\" data-end=\"2927\">\n<p data-start=\"2890\" data-end=\"2927\">Verpak het artikel stevig en veilig<\/p>\n<\/li>\n<li data-start=\"2928\" data-end=\"3080\">\n<p data-start=\"2931\" data-end=\"3080\">De retourkosten zijn voor eigen rekening, tenzij er sprake is van een fout van onze kant (bijvoorbeeld een verkeerd of beschadigd geleverd product)<\/p>\n<\/li>\n<li data-start=\"3081\" data-end=\"3226\">\n<p data-start=\"3084\" data-end=\"3226\">Na ontvangst en controle wordt het bedrag \u2013 indien van toepassing \u2013 binnen <strong data-start=\"3159\" data-end=\"3174\">5 werkdagen<\/strong> teruggestort via de oorspronkelijke betaalmethode<\/p>\n<\/li>\n<li data-start=\"3227\" data-end=\"3323\">\n<p data-start=\"3230\" data-end=\"3323\">Bewaar altijd het verzendbewijs van je retourzending, totdat je retour volledig is verwerkt<\/p>\n<\/li>\n<\/ol>\n<hr data-start=\"3325\" data-end=\"3328\"\/>\n<h3><span style=\"color: #f5f5f5;\">\u2709\ufe0f Sind Sie sich unsicher, ob Ihr Artikel zur\u00fcckgegeben werden kann?<\/span><\/h3>\n<p data-start=\"3375\" data-end=\"3529\">Neem gerust contact met mij op via <strong data-start=\"3410\" data-end=\"3438\"><a class=\"cursor-pointer\" rel=\"noopener\" data-start=\"3412\" data-end=\"3436\">info@crematieasinglas.nl<\/a><\/strong>.<br data-start=\"3439\" data-end=\"3442\"\/>Elk herinneringsartikel is uniek \u2013 net als jouw situatie \u2013 en ik denk graag met je mee.<\/p>\n<p>[\/vc_column_text][\/vc_column][\/vc_row]<\/p>\n<\/div>","protected":false},"excerpt":{"rendered":"<p>[vc_row][vc_column][vc_column_text css=&#8221;&#8221;] R\u00fcckgaberecht \u2013 Ein\u00e4scherung Asche im Glas Bij Crematie As in Glas draait alles om zorg, vakmanschap en jouw persoonlijke herinnering. Elk gedenkartikel wordt met de hand en op<\/p>\n","protected":false},"author":1,"featured_media":0,"parent":0,"menu_order":0,"comment_status":"closed","ping_status":"closed","template":"","meta":{"footnotes":""},"class_list":["post-19567","page","type-page","status-publish","hentry"],"yoast_head":"<!-- This site is optimized with the Yoast SEO Premium plugin v27.5 (Yoast SEO v27.5) - https:\/\/yoast.com\/product\/yoast-seo-premium-wordpress\/ -->\n<title>R\u00fcckgaberecht - Winkel voor Crematie-as in glas<\/title>\n<meta name=\"description\" content=\"R\u00fcckgaberecht - Winkel voor Crematie-as in glas -\" \/>\n<meta name=\"robots\" content=\"index, follow, max-snippet:-1, max-image-preview:large, max-video-preview:-1\" \/>\n<link rel=\"canonical\" href=\"https:\/\/crematieasinglas.nl\/retourbeleid\/\" \/>\n<meta property=\"og:locale\" content=\"de_DE\" \/>\n<meta property=\"og:type\" content=\"article\" \/>\n<meta property=\"og:title\" content=\"R\u00fcckgaberecht\" \/>\n<meta property=\"og:description\" content=\"R\u00fcckgaberecht - Winkel voor Crematie-as in glas -\" \/>\n<meta property=\"og:url\" content=\"https:\/\/crematieasinglas.nl\/retourbeleid\/\" \/>\n<meta property=\"og:site_name\" content=\"Winkel voor Crematie-as in glas\" \/>\n<meta property=\"article:modified_time\" content=\"2025-07-15T14:13:51+00:00\" \/>\n<meta name=\"twitter:card\" content=\"summary_large_image\" \/>\n<meta name=\"twitter:label1\" content=\"Gesch\u00e4tzte Lesezeit\" \/>\n\t<meta name=\"twitter:data1\" content=\"2\u00a0Minuten\" \/>\n<script type=\"application\/ld+json\" class=\"yoast-schema-graph\">{\"@context\":\"https:\\\/\\\/schema.org\",\"@graph\":[{\"@type\":\"WebPage\",\"@id\":\"https:\\\/\\\/crematieasinglas.nl\\\/retourbeleid\\\/\",\"url\":\"https:\\\/\\\/crematieasinglas.nl\\\/retourbeleid\\\/\",\"name\":\"R\u00fcckgaberecht - Winkel voor Crematie-as in glas\",\"isPartOf\":{\"@id\":\"https:\\\/\\\/crematieasinglas.nl\\\/#website\"},\"datePublished\":\"2025-05-01T18:09:09+00:00\",\"dateModified\":\"2025-07-15T14:13:51+00:00\",\"description\":\"R\u00fcckgaberecht - Winkel voor Crematie-as in glas -\",\"breadcrumb\":{\"@id\":\"https:\\\/\\\/crematieasinglas.nl\\\/retourbeleid\\\/#breadcrumb\"},\"inLanguage\":\"de\",\"potentialAction\":[{\"@type\":\"ReadAction\",\"target\":[\"https:\\\/\\\/crematieasinglas.nl\\\/retourbeleid\\\/\"]}]},{\"@type\":\"BreadcrumbList\",\"@id\":\"https:\\\/\\\/crematieasinglas.nl\\\/retourbeleid\\\/#breadcrumb\",\"itemListElement\":[{\"@type\":\"ListItem\",\"position\":1,\"name\":\"Home\",\"item\":\"https:\\\/\\\/crematieasinglas.nl\\\/\"},{\"@type\":\"ListItem\",\"position\":2,\"name\":\"R\u00fcckgaberecht\"}]},{\"@type\":\"WebSite\",\"@id\":\"https:\\\/\\\/crematieasinglas.nl\\\/#website\",\"url\":\"https:\\\/\\\/crematieasinglas.nl\\\/\",\"name\":\"Winkel voor Crematie-as in glas\",\"description\":\"Een winkel voor crematieasinglas.nl\",\"publisher\":{\"@id\":\"https:\\\/\\\/crematieasinglas.nl\\\/#organization\"},\"potentialAction\":[{\"@type\":\"SearchAction\",\"target\":{\"@type\":\"EntryPoint\",\"urlTemplate\":\"https:\\\/\\\/crematieasinglas.nl\\\/?s={search_term_string}\"},\"query-input\":{\"@type\":\"PropertyValueSpecification\",\"valueRequired\":true,\"valueName\":\"search_term_string\"}}],\"inLanguage\":\"de\"},{\"@type\":\"Organization\",\"@id\":\"https:\\\/\\\/crematieasinglas.nl\\\/#organization\",\"name\":\"Dierbaarasinglas.nl\",\"alternateName\":\"Crematieasinglas.nl\",\"url\":\"https:\\\/\\\/crematieasinglas.nl\\\/\",\"logo\":{\"@type\":\"ImageObject\",\"inLanguage\":\"de\",\"@id\":\"https:\\\/\\\/crematieasinglas.nl\\\/#\\\/schema\\\/logo\\\/image\\\/\",\"url\":\"https:\\\/\\\/crematieasinglas.nl\\\/wp-content\\\/uploads\\\/2024\\\/10\\\/logo-02-playfair-googlefont-met-hartje-02.png\",\"contentUrl\":\"https:\\\/\\\/crematieasinglas.nl\\\/wp-content\\\/uploads\\\/2024\\\/10\\\/logo-02-playfair-googlefont-met-hartje-02.png\",\"width\":582,\"height\":136,\"caption\":\"Dierbaarasinglas.nl\"},\"image\":{\"@id\":\"https:\\\/\\\/crematieasinglas.nl\\\/#\\\/schema\\\/logo\\\/image\\\/\"}}]}<\/script>\n<!-- \/ Yoast SEO Premium plugin. -->","yoast_head_json":{"title":"R\u00fcckgaberecht - Winkel voor Crematie-as in glas","description":"R\u00fcckgaberecht - Winkel voor Crematie-as in glas -","robots":{"index":"index","follow":"follow","max-snippet":"max-snippet:-1","max-image-preview":"max-image-preview:large","max-video-preview":"max-video-preview:-1"},"canonical":"https:\/\/crematieasinglas.nl\/retourbeleid\/","og_locale":"de_DE","og_type":"article","og_title":"R\u00fcckgaberecht","og_description":"R\u00fcckgaberecht - Winkel voor Crematie-as in glas -","og_url":"https:\/\/crematieasinglas.nl\/retourbeleid\/","og_site_name":"Winkel voor Crematie-as in glas","article_modified_time":"2025-07-15T14:13:51+00:00","twitter_card":"summary_large_image","twitter_misc":{"Gesch\u00e4tzte Lesezeit":"2\u00a0Minuten"},"schema":{"@context":"https:\/\/schema.org","@graph":[{"@type":"WebPage","@id":"https:\/\/crematieasinglas.nl\/retourbeleid\/","url":"https:\/\/crematieasinglas.nl\/retourbeleid\/","name":"R\u00fcckgaberecht - Winkel voor Crematie-as in glas","isPartOf":{"@id":"https:\/\/crematieasinglas.nl\/#website"},"datePublished":"2025-05-01T18:09:09+00:00","dateModified":"2025-07-15T14:13:51+00:00","description":"R\u00fcckgaberecht - Winkel voor Crematie-as in glas -","breadcrumb":{"@id":"https:\/\/crematieasinglas.nl\/retourbeleid\/#breadcrumb"},"inLanguage":"de","potentialAction":[{"@type":"ReadAction","target":["https:\/\/crematieasinglas.nl\/retourbeleid\/"]}]},{"@type":"BreadcrumbList","@id":"https:\/\/crematieasinglas.nl\/retourbeleid\/#breadcrumb","itemListElement":[{"@type":"ListItem","position":1,"name":"Home","item":"https:\/\/crematieasinglas.nl\/"},{"@type":"ListItem","position":2,"name":"R\u00fcckgaberecht"}]},{"@type":"WebSite","@id":"https:\/\/crematieasinglas.nl\/#website","url":"https:\/\/crematieasinglas.nl\/","name":"Winkel voor Crematie-as in glas","description":"Een winkel voor crematieasinglas.nl","publisher":{"@id":"https:\/\/crematieasinglas.nl\/#organization"},"potentialAction":[{"@type":"SearchAction","target":{"@type":"EntryPoint","urlTemplate":"https:\/\/crematieasinglas.nl\/?s={search_term_string}"},"query-input":{"@type":"PropertyValueSpecification","valueRequired":true,"valueName":"search_term_string"}}],"inLanguage":"de"},{"@type":"Organization","@id":"https:\/\/crematieasinglas.nl\/#organization","name":"Dierbaarasinglas.nl","alternateName":"Crematieasinglas.nl","url":"https:\/\/crematieasinglas.nl\/","logo":{"@type":"ImageObject","inLanguage":"de","@id":"https:\/\/crematieasinglas.nl\/#\/schema\/logo\/image\/","url":"https:\/\/crematieasinglas.nl\/wp-content\/uploads\/2024\/10\/logo-02-playfair-googlefont-met-hartje-02.png","contentUrl":"https:\/\/crematieasinglas.nl\/wp-content\/uploads\/2024\/10\/logo-02-playfair-googlefont-met-hartje-02.png","width":582,"height":136,"caption":"Dierbaarasinglas.nl"},"image":{"@id":"https:\/\/crematieasinglas.nl\/#\/schema\/logo\/image\/"}}]}},"_links":{"self":[{"href":"https:\/\/crematieasinglas.nl\/de\/wp-json\/wp\/v2\/pages\/19567","targetHints":{"allow":["GET"]}}],"collection":[{"href":"https:\/\/crematieasinglas.nl\/de\/wp-json\/wp\/v2\/pages"}],"about":[{"href":"https:\/\/crematieasinglas.nl\/de\/wp-json\/wp\/v2\/types\/page"}],"author":[{"embeddable":true,"href":"https:\/\/crematieasinglas.nl\/de\/wp-json\/wp\/v2\/users\/1"}],"replies":[{"embeddable":true,"href":"https:\/\/crematieasinglas.nl\/de\/wp-json\/wp\/v2\/comments?post=19567"}],"version-history":[{"count":3,"href":"https:\/\/crematieasinglas.nl\/de\/wp-json\/wp\/v2\/pages\/19567\/revisions"}],"predecessor-version":[{"id":20834,"href":"https:\/\/crematieasinglas.nl\/de\/wp-json\/wp\/v2\/pages\/19567\/revisions\/20834"}],"wp:attachment":[{"href":"https:\/\/crematieasinglas.nl\/de\/wp-json\/wp\/v2\/media?parent=19567"}],"curies":[{"name":"wp","href":"https:\/\/api.w.org\/{rel}","templated":true}]}}